{"id":37672,"date":"2015-02-12T19:33:27","date_gmt":"2015-02-12T18:33:27","guid":{"rendered":"http:\/\/www.denkfried.de\/wp\/?page_id=37672"},"modified":"2015-02-12T19:35:27","modified_gmt":"2015-02-12T18:35:27","slug":"karby","status":"publish","type":"page","link":"http:\/\/www.denkfried.de\/wp\/?page_id=37672","title":{"rendered":"Karby"},"content":{"rendered":"<p>&nbsp;<\/p>\n<p><span style=\"text-decoration: underline;\"><strong>24398 Karby<\/strong><\/span><\/p>\n<p>Auf dem Ortsfriedhof in Karby finden wir durch schwarze gu\u00dfeiserne Kreutze kenntlich gemachte Gr\u00e4ber f\u00fcr gefallene Soldaten. Drei russische und vier deutsche gefallene aus dem Ersten Weltkrieg wurden in einer Reihe nebeneinander bestattet. Etwas Abseits findet sich noch durch zwei in den Boden gelassene Natursteinplatten mit Namensangaben,Geburtsdatum und verstorben am, die Gr\u00e4ber von zwei Opfern des Zweiten Weltkriegs.<\/p>\n<p>Bilder vom 24.04.2013<\/p>\n<p>&nbsp;<\/p>\n<p>Gr\u00fc\u00dfe Hubert<a href=\"http:\/\/www.denkfried.de\/wp\/wp-content\/uploads\/2015\/02\/KGSt.KarbySchleswigholstein24.04.2013-1.jpg\"><img loading=\"lazy\" decoding=\"async\" class=\"aligncenter size-thumbnail wp-image-37673\" src=\"http:\/\/www.denkfried.de\/wp\/wp-content\/uploads\/2015\/02\/KGSt.KarbySchleswigholstein24.04.2013-1-150x150.jpg\" alt=\"KGSt.Karby,Schleswigholstein,24.04.2013 (1)\" width=\"150\" height=\"150\" \/><\/a> <a href=\"http:\/\/www.denkfried.de\/wp\/wp-content\/uploads\/2015\/02\/KGSt.KarbySchleswigholstein24.04.2013-2.jpg\"><img loading=\"lazy\" decoding=\"async\" class=\"aligncenter size-thumbnail wp-image-37674\" src=\"http:\/\/www.denkfried.de\/wp\/wp-content\/uploads\/2015\/02\/KGSt.KarbySchleswigholstein24.04.2013-2-150x150.jpg\" alt=\"KGSt.Karby,Schleswigholstein,24.04.2013 (2)\" width=\"150\" height=\"150\" \/><\/a> <a href=\"http:\/\/www.denkfried.de\/wp\/wp-content\/uploads\/2015\/02\/KGSt.KarbySchleswigholstein24.04.2013-3.jpg\"><img loading=\"lazy\" decoding=\"async\" class=\"aligncenter size-thumbnail wp-image-37675\" src=\"http:\/\/www.denkfried.de\/wp\/wp-content\/uploads\/2015\/02\/KGSt.KarbySchleswigholstein24.04.2013-3-150x150.jpg\" alt=\"KGSt.Karby,Schleswigholstein,24.04.2013 (3)\" width=\"150\" height=\"150\" \/><\/a> <a href=\"http:\/\/www.denkfried.de\/wp\/wp-content\/uploads\/2015\/02\/KGSt.KarbySchleswigholstein24.04.2013-4.jpg\"><img loading=\"lazy\" decoding=\"async\" class=\"aligncenter size-thumbnail wp-image-37676\" src=\"http:\/\/www.denkfried.de\/wp\/wp-content\/uploads\/2015\/02\/KGSt.KarbySchleswigholstein24.04.2013-4-150x150.jpg\" alt=\"KGSt.Karby,Schleswigholstein,24.04.2013 (4)\" width=\"150\" height=\"150\" \/><\/a> <a href=\"http:\/\/www.denkfried.de\/wp\/wp-content\/uploads\/2015\/02\/KGSt.KarbySchleswigholstein24.04.2013-5.jpg\"><img loading=\"lazy\" decoding=\"async\" class=\"aligncenter size-thumbnail wp-image-37677\" src=\"http:\/\/www.denkfried.de\/wp\/wp-content\/uploads\/2015\/02\/KGSt.KarbySchleswigholstein24.04.2013-5-150x150.jpg\" alt=\"KGSt.Karby,Schleswigholstein,24.04.2013 (5)\" width=\"150\" height=\"150\" \/><\/a> <a href=\"http:\/\/www.denkfried.de\/wp\/wp-content\/uploads\/2015\/02\/KGSt.KarbySchleswigholstein24.04.2013-6.jpg\"><img loading=\"lazy\" decoding=\"async\" class=\"aligncenter size-thumbnail wp-image-37678\" src=\"http:\/\/www.denkfried.de\/wp\/wp-content\/uploads\/2015\/02\/KGSt.KarbySchleswigholstein24.04.2013-6-150x150.jpg\" alt=\"KGSt.Karby,Schleswigholstein,24.04.2013 (6)\" width=\"150\" height=\"150\" \/><\/a><\/p>\n","protected":false},"excerpt":{"rendered":"<p>&nbsp; 24398 Karby Auf dem Ortsfriedhof in Karby finden wir durch schwarze gu\u00dfeiserne Kreutze kenntlich gemachte Gr\u00e4ber f\u00fcr gefallene Soldaten. Drei russische und vier deutsche gefallene aus dem Ersten Weltkrieg wurden in einer Reihe nebeneinander bestattet. Etwas Abseits findet sich &hellip; <a href=\"http:\/\/www.denkfried.de\/wp\/?page_id=37672\">Weiterlesen <span class=\"meta-nav\">&rarr;<\/span><\/a><\/p>\n","protected":false},"author":7,"featured_media":0,"parent":4088,"menu_order":0,"comment_status":"closed","ping_status":"open","template":"","meta":{"footnotes":""},"class_list":["post-37672","page","type-page","status-publish","hentry"],"_links":{"self":[{"href":"http:\/\/www.denkfried.de\/wp\/index.php?rest_route=\/wp\/v2\/pages\/37672","targetHints":{"allow":["GET"]}}],"collection":[{"href":"http:\/\/www.denkfried.de\/wp\/index.php?rest_route=\/wp\/v2\/pages"}],"about":[{"href":"http:\/\/www.denkfried.de\/wp\/index.php?rest_route=\/wp\/v2\/types\/page"}],"author":[{"embeddable":true,"href":"http:\/\/www.denkfried.de\/wp\/index.php?rest_route=\/wp\/v2\/users\/7"}],"replies":[{"embeddable":true,"href":"http:\/\/www.denkfried.de\/wp\/index.php?rest_route=%2Fwp%2Fv2%2Fcomments&post=37672"}],"version-history":[{"count":2,"href":"http:\/\/www.denkfried.de\/wp\/index.php?rest_route=\/wp\/v2\/pages\/37672\/revisions"}],"predecessor-version":[{"id":37681,"href":"http:\/\/www.denkfried.de\/wp\/index.php?rest_route=\/wp\/v2\/pages\/37672\/revisions\/37681"}],"up":[{"embeddable":true,"href":"http:\/\/www.denkfried.de\/wp\/index.php?rest_route=\/wp\/v2\/pages\/4088"}],"wp:attachment":[{"href":"http:\/\/www.denkfried.de\/wp\/index.php?rest_route=%2Fwp%2Fv2%2Fmedia&parent=37672"}],"curies":[{"name":"wp","href":"https:\/\/api.w.org\/{rel}","templated":true}]}}