{"id":37609,"date":"2015-02-10T17:57:22","date_gmt":"2015-02-10T16:57:22","guid":{"rendered":"http:\/\/www.denkfried.de\/wp\/?page_id=37609"},"modified":"2015-02-10T17:57:22","modified_gmt":"2015-02-10T16:57:22","slug":"herbrum","status":"publish","type":"page","link":"http:\/\/www.denkfried.de\/wp\/?page_id=37609","title":{"rendered":"Herbrum"},"content":{"rendered":"<p>&nbsp;<\/p>\n<p><span style=\"text-decoration: underline;\"><strong>Herbrum-OT-Aschendorf<\/strong><\/span><\/p>\n<p>I)n Hebrum am Seitenkanal wurde f\u00fcr KZ-Opfer des zweiten Weltkriegs eine Begr\u00e4bnisst\u00e4tte angelegt. Verschiedene Gedenksteine mit Inschriften gedenken der namenlosen Opfern verschiedener Nationalit\u00e4ten, darunter auch Luxemburgern. Auch eine Hinweistafel \u00fcber den hergang des Todes von 195 unbekannten Toten die bei einem Evakuierungsmarsch duch Massenerschiesungen und Bombenopfern der vorr\u00fcckenden englischen Truppen ihr Leben lie\u00dfen wurde aufgestellt.<\/p>\n<p>Bilder vom 21.04.2013<\/p>\n<p>&nbsp;<\/p>\n<p>Gr\u00fc\u00dfe Hubert<a href=\"http:\/\/www.denkfried.de\/wp\/wp-content\/uploads\/2015\/02\/KRGst.HerbrumAschendorfKZ-Opfer-Am-Seitenkanal21.04.2013-1.jpg\"><img loading=\"lazy\" decoding=\"async\" class=\"aligncenter size-thumbnail wp-image-37610\" src=\"http:\/\/www.denkfried.de\/wp\/wp-content\/uploads\/2015\/02\/KRGst.HerbrumAschendorfKZ-Opfer-Am-Seitenkanal21.04.2013-1-150x150.jpg\" alt=\"KRGst.Herbrum,Aschendorf,KZ-Opfer, Am Seitenkanal,21.04.2013 (1)\" width=\"150\" height=\"150\" \/><\/a> <a href=\"http:\/\/www.denkfried.de\/wp\/wp-content\/uploads\/2015\/02\/KRGst.HerbrumAschendorfKZ-Opfer-Am-Seitenkanal21.04.2013-2.jpg\"><img loading=\"lazy\" decoding=\"async\" class=\"aligncenter size-thumbnail wp-image-37611\" src=\"http:\/\/www.denkfried.de\/wp\/wp-content\/uploads\/2015\/02\/KRGst.HerbrumAschendorfKZ-Opfer-Am-Seitenkanal21.04.2013-2-150x150.jpg\" alt=\"KRGst.Herbrum,Aschendorf,KZ-Opfer, Am Seitenkanal,21.04.2013 (2)\" width=\"150\" height=\"150\" \/><\/a> <a href=\"http:\/\/www.denkfried.de\/wp\/wp-content\/uploads\/2015\/02\/KRGst.HerbrumAschendorfKZ-Opfer-Am-Seitenkanal21.04.2013-3.jpg\"><img loading=\"lazy\" decoding=\"async\" class=\"aligncenter size-thumbnail wp-image-37612\" src=\"http:\/\/www.denkfried.de\/wp\/wp-content\/uploads\/2015\/02\/KRGst.HerbrumAschendorfKZ-Opfer-Am-Seitenkanal21.04.2013-3-150x150.jpg\" alt=\"KRGst.Herbrum,Aschendorf,KZ-Opfer, Am Seitenkanal,21.04.2013 (3)\" width=\"150\" height=\"150\" \/><\/a> <a href=\"http:\/\/www.denkfried.de\/wp\/wp-content\/uploads\/2015\/02\/KRGst.HerbrumAschendorfKZ-Opfer-Am-Seitenkanal21.04.2013-4.jpg\"><img loading=\"lazy\" decoding=\"async\" class=\"aligncenter size-thumbnail wp-image-37613\" src=\"http:\/\/www.denkfried.de\/wp\/wp-content\/uploads\/2015\/02\/KRGst.HerbrumAschendorfKZ-Opfer-Am-Seitenkanal21.04.2013-4-150x150.jpg\" alt=\"KRGst.Herbrum,Aschendorf,KZ-Opfer, Am Seitenkanal,21.04.2013 (4)\" width=\"150\" height=\"150\" \/><\/a> <a href=\"http:\/\/www.denkfried.de\/wp\/wp-content\/uploads\/2015\/02\/KRGst.HerbrumAschendorfKZ-Opfer-Am-Seitenkanal21.04.2013-5.jpg\"><img loading=\"lazy\" decoding=\"async\" class=\"aligncenter size-thumbnail wp-image-37614\" src=\"http:\/\/www.denkfried.de\/wp\/wp-content\/uploads\/2015\/02\/KRGst.HerbrumAschendorfKZ-Opfer-Am-Seitenkanal21.04.2013-5-150x150.jpg\" alt=\"KRGst.Herbrum,Aschendorf,KZ-Opfer, Am Seitenkanal,21.04.2013 (5)\" width=\"150\" height=\"150\" \/><\/a> <a href=\"http:\/\/www.denkfried.de\/wp\/wp-content\/uploads\/2015\/02\/KRGst.HerbrumAschendorfKZ-Opfer-Am-Seitenkanal21.04.2013-6.jpg\"><img loading=\"lazy\" decoding=\"async\" class=\"aligncenter size-thumbnail wp-image-37615\" src=\"http:\/\/www.denkfried.de\/wp\/wp-content\/uploads\/2015\/02\/KRGst.HerbrumAschendorfKZ-Opfer-Am-Seitenkanal21.04.2013-6-150x150.jpg\" alt=\"KRGst.Herbrum,Aschendorf,KZ-Opfer, Am Seitenkanal,21.04.2013 (6)\" width=\"150\" height=\"150\" \/><\/a> <a href=\"http:\/\/www.denkfried.de\/wp\/wp-content\/uploads\/2015\/02\/KRGst.HerbrumAschendorfKZ-Opfer-Am-Seitenkanal21.04.2013-7.jpg\"><img loading=\"lazy\" decoding=\"async\" class=\"aligncenter size-thumbnail wp-image-37617\" src=\"http:\/\/www.denkfried.de\/wp\/wp-content\/uploads\/2015\/02\/KRGst.HerbrumAschendorfKZ-Opfer-Am-Seitenkanal21.04.2013-7-150x150.jpg\" alt=\"KRGst.Herbrum,Aschendorf,KZ-Opfer, Am Seitenkanal,21.04.2013 (7)\" width=\"150\" height=\"150\" \/><\/a> <a href=\"http:\/\/www.denkfried.de\/wp\/wp-content\/uploads\/2015\/02\/KRGst.HerbrumAschendorfKZ-Opfer-Am-Seitenkanal21.04.2013-8.jpg\"><img loading=\"lazy\" decoding=\"async\" class=\"aligncenter size-thumbnail wp-image-37618\" src=\"http:\/\/www.denkfried.de\/wp\/wp-content\/uploads\/2015\/02\/KRGst.HerbrumAschendorfKZ-Opfer-Am-Seitenkanal21.04.2013-8-150x150.jpg\" alt=\"KRGst.Herbrum,Aschendorf,KZ-Opfer, Am Seitenkanal,21.04.2013 (8)\" width=\"150\" height=\"150\" \/><\/a><\/p>\n","protected":false},"excerpt":{"rendered":"<p>&nbsp; Herbrum-OT-Aschendorf I)n Hebrum am Seitenkanal wurde f\u00fcr KZ-Opfer des zweiten Weltkriegs eine Begr\u00e4bnisst\u00e4tte angelegt. Verschiedene Gedenksteine mit Inschriften gedenken der namenlosen Opfern verschiedener Nationalit\u00e4ten, darunter auch Luxemburgern. Auch eine Hinweistafel \u00fcber den hergang des Todes von 195 unbekannten Toten &hellip; <a href=\"http:\/\/www.denkfried.de\/wp\/?page_id=37609\">Weiterlesen <span class=\"meta-nav\">&rarr;<\/span><\/a><\/p>\n","protected":false},"author":7,"featured_media":0,"parent":387,"menu_order":0,"comment_status":"closed","ping_status":"open","template":"","meta":{"footnotes":""},"class_list":["post-37609","page","type-page","status-publish","hentry"],"_links":{"self":[{"href":"http:\/\/www.denkfried.de\/wp\/index.php?rest_route=\/wp\/v2\/pages\/37609","targetHints":{"allow":["GET"]}}],"collection":[{"href":"http:\/\/www.denkfried.de\/wp\/index.php?rest_route=\/wp\/v2\/pages"}],"about":[{"href":"http:\/\/www.denkfried.de\/wp\/index.php?rest_route=\/wp\/v2\/types\/page"}],"author":[{"embeddable":true,"href":"http:\/\/www.denkfried.de\/wp\/index.php?rest_route=\/wp\/v2\/users\/7"}],"replies":[{"embeddable":true,"href":"http:\/\/www.denkfried.de\/wp\/index.php?rest_route=%2Fwp%2Fv2%2Fcomments&post=37609"}],"version-history":[{"count":1,"href":"http:\/\/www.denkfried.de\/wp\/index.php?rest_route=\/wp\/v2\/pages\/37609\/revisions"}],"predecessor-version":[{"id":37619,"href":"http:\/\/www.denkfried.de\/wp\/index.php?rest_route=\/wp\/v2\/pages\/37609\/revisions\/37619"}],"up":[{"embeddable":true,"href":"http:\/\/www.denkfried.de\/wp\/index.php?rest_route=\/wp\/v2\/pages\/387"}],"wp:attachment":[{"href":"http:\/\/www.denkfried.de\/wp\/index.php?rest_route=%2Fwp%2Fv2%2Fmedia&parent=37609"}],"curies":[{"name":"wp","href":"https:\/\/api.w.org\/{rel}","templated":true}]}}