{"id":37539,"date":"2015-02-08T14:19:56","date_gmt":"2015-02-08T13:19:56","guid":{"rendered":"http:\/\/www.denkfried.de\/wp\/?page_id=37539"},"modified":"2015-02-08T14:19:56","modified_gmt":"2015-02-08T13:19:56","slug":"grossenwiehe","status":"publish","type":"page","link":"http:\/\/www.denkfried.de\/wp\/?page_id=37539","title":{"rendered":"Gro\u00dfenwiehe"},"content":{"rendered":"<p>&nbsp;<\/p>\n<p><span style=\"text-decoration: underline;\"><strong>24969 Gro\u00dfenwiehe<\/strong><\/span><\/p>\n<p>&nbsp;<\/p>\n<p>Auf dem Ortsfriedhof an der Dorfstra\u00dfe in Gro\u00dfenwiehe findet sich ein Gemeinschaftsgrab f\u00fcr Zwangsarbeiterinnen verstorben zwischen 1943-1945, auf ihrem Grab wurde ein Findling als Grabzeichen in den Boden gelassen. Es findet sich keine Angaben zur Anzahl der Bestatteten. Eine niedrige Thuienhecke begrenzt das Grab zu drei Seiten.<\/p>\n<p>Bilder vom 24.04.2013<\/p>\n<p>&nbsp;<\/p>\n<p>Gr\u00fc\u00dfe Hubert<\/p>\n<p><a href=\"http:\/\/www.denkfried.de\/wp\/wp-content\/uploads\/2015\/02\/KGST.Gro\u00dfenwieheSchleswigholsteinOFH.2.W.K.Ostarbeiterin-24.04.2013-1.jpg\"><img loading=\"lazy\" decoding=\"async\" class=\"aligncenter size-thumbnail wp-image-37540\" src=\"http:\/\/www.denkfried.de\/wp\/wp-content\/uploads\/2015\/02\/KGST.Gro\u00dfenwieheSchleswigholsteinOFH.2.W.K.Ostarbeiterin-24.04.2013-1-150x150.jpg\" alt=\"KGST.Gro\u00dfenwiehe,Schleswigholstein,OFH.2.W.K.Ostarbeiterin 24.04.2013 (1)\" width=\"150\" height=\"150\" \/><\/a> <a href=\"http:\/\/www.denkfried.de\/wp\/wp-content\/uploads\/2015\/02\/KGST.Gro\u00dfenwieheSchleswigholsteinOFH.2.W.K.Ostarbeiterin-24.04.2013-2.jpg\"><img loading=\"lazy\" decoding=\"async\" class=\"aligncenter size-thumbnail wp-image-37541\" src=\"http:\/\/www.denkfried.de\/wp\/wp-content\/uploads\/2015\/02\/KGST.Gro\u00dfenwieheSchleswigholsteinOFH.2.W.K.Ostarbeiterin-24.04.2013-2-150x150.jpg\" alt=\"KGST.Gro\u00dfenwiehe,Schleswigholstein,OFH.2.W.K.Ostarbeiterin 24.04.2013 (2)\" width=\"150\" height=\"150\" \/><\/a> <a href=\"http:\/\/www.denkfried.de\/wp\/wp-content\/uploads\/2015\/02\/KGST.Gro\u00dfenwieheSchleswigholsteinOFH.2.W.K.Ostarbeiterin-24.04.2013-3.jpg\"><img loading=\"lazy\" decoding=\"async\" class=\"aligncenter size-thumbnail wp-image-37542\" src=\"http:\/\/www.denkfried.de\/wp\/wp-content\/uploads\/2015\/02\/KGST.Gro\u00dfenwieheSchleswigholsteinOFH.2.W.K.Ostarbeiterin-24.04.2013-3-150x150.jpg\" alt=\"KGST.Gro\u00dfenwiehe,Schleswigholstein,OFH.2.W.K.Ostarbeiterin 24.04.2013 (3)\" width=\"150\" height=\"150\" \/><\/a><\/p>\n","protected":false},"excerpt":{"rendered":"<p>&nbsp; 24969 Gro\u00dfenwiehe &nbsp; Auf dem Ortsfriedhof an der Dorfstra\u00dfe in Gro\u00dfenwiehe findet sich ein Gemeinschaftsgrab f\u00fcr Zwangsarbeiterinnen verstorben zwischen 1943-1945, auf ihrem Grab wurde ein Findling als Grabzeichen in den Boden gelassen. Es findet sich keine Angaben zur Anzahl &hellip; <a href=\"http:\/\/www.denkfried.de\/wp\/?page_id=37539\">Weiterlesen <span class=\"meta-nav\">&rarr;<\/span><\/a><\/p>\n","protected":false},"author":7,"featured_media":0,"parent":4091,"menu_order":0,"comment_status":"closed","ping_status":"open","template":"","meta":{"footnotes":""},"class_list":["post-37539","page","type-page","status-publish","hentry"],"_links":{"self":[{"href":"http:\/\/www.denkfried.de\/wp\/index.php?rest_route=\/wp\/v2\/pages\/37539","targetHints":{"allow":["GET"]}}],"collection":[{"href":"http:\/\/www.denkfried.de\/wp\/index.php?rest_route=\/wp\/v2\/pages"}],"about":[{"href":"http:\/\/www.denkfried.de\/wp\/index.php?rest_route=\/wp\/v2\/types\/page"}],"author":[{"embeddable":true,"href":"http:\/\/www.denkfried.de\/wp\/index.php?rest_route=\/wp\/v2\/users\/7"}],"replies":[{"embeddable":true,"href":"http:\/\/www.denkfried.de\/wp\/index.php?rest_route=%2Fwp%2Fv2%2Fcomments&post=37539"}],"version-history":[{"count":1,"href":"http:\/\/www.denkfried.de\/wp\/index.php?rest_route=\/wp\/v2\/pages\/37539\/revisions"}],"predecessor-version":[{"id":37543,"href":"http:\/\/www.denkfried.de\/wp\/index.php?rest_route=\/wp\/v2\/pages\/37539\/revisions\/37543"}],"up":[{"embeddable":true,"href":"http:\/\/www.denkfried.de\/wp\/index.php?rest_route=\/wp\/v2\/pages\/4091"}],"wp:attachment":[{"href":"http:\/\/www.denkfried.de\/wp\/index.php?rest_route=%2Fwp%2Fv2%2Fmedia&parent=37539"}],"curies":[{"name":"wp","href":"https:\/\/api.w.org\/{rel}","templated":true}]}}