{"id":37522,"date":"2015-02-08T13:54:27","date_gmt":"2015-02-08T12:54:27","guid":{"rendered":"http:\/\/www.denkfried.de\/wp\/?page_id=37522"},"modified":"2015-02-08T13:54:27","modified_gmt":"2015-02-08T12:54:27","slug":"gross-breese","status":"publish","type":"page","link":"http:\/\/www.denkfried.de\/wp\/?page_id=37522","title":{"rendered":"Gro\u00df Breese"},"content":{"rendered":"<p>&nbsp;<\/p>\n<p><span style=\"text-decoration: underline;\"><strong>19322 Gro\u00df Breese <\/strong><\/span><\/p>\n<p>Auf dem Ortsfriedhof in Gro\u00df Breese an der Gro\u00df Breeser Allee findet sich ein Gemeinschaftsgrab f\u00fcr im Zweiten Weltkrieg gefallene Deutsche Soldaten. Eine schwarze Marmortafel weist uns die Grablage der 3 unbekannten Soldaten gefallen am 02.05.1945,auf ihrem Grab wurde eine zwei Reihige niedrige Buchsbaumhecke gepflanzt. Gleich daneben wurde ein Einzelgrab f\u00fcr die polnische Zwangsarbeiterin Marian Nowak, als Opfer des 2.Weltkriegs angelegt.<\/p>\n<p>Bilder vom 27.04.2013<\/p>\n<p>&nbsp;<\/p>\n<p>Gr\u00fc\u00dfe Hubert<\/p>\n<p><a href=\"http:\/\/www.denkfried.de\/wp\/wp-content\/uploads\/2015\/02\/KGSt.Gro\u00df-BreeseOFH.Gro\u00df-Breeseer-Allee3.UKSdeutsch1.Pole27.04.2013-1.jpg\"><img loading=\"lazy\" decoding=\"async\" class=\"aligncenter size-thumbnail wp-image-37523\" src=\"http:\/\/www.denkfried.de\/wp\/wp-content\/uploads\/2015\/02\/KGSt.Gro\u00df-BreeseOFH.Gro\u00df-Breeseer-Allee3.UKSdeutsch1.Pole27.04.2013-1-150x150.jpg\" alt=\"KGSt.Gro\u00df Breese,OFH.Gro\u00df Breeseer Allee,3.UKS,deutsch,1.Pole,27.04.2013 (1)\" width=\"150\" height=\"150\" \/><\/a> <a href=\"http:\/\/www.denkfried.de\/wp\/wp-content\/uploads\/2015\/02\/KGSt.Gro\u00df-BreeseOFH.Gro\u00df-Breeseer-Allee3.UKSdeutsch1.Pole27.04.2013-2.jpg\"><img loading=\"lazy\" decoding=\"async\" class=\"aligncenter size-thumbnail wp-image-37524\" src=\"http:\/\/www.denkfried.de\/wp\/wp-content\/uploads\/2015\/02\/KGSt.Gro\u00df-BreeseOFH.Gro\u00df-Breeseer-Allee3.UKSdeutsch1.Pole27.04.2013-2-150x150.jpg\" alt=\"KGSt.Gro\u00df Breese,OFH.Gro\u00df Breeseer Allee,3.UKS,deutsch,1.Pole,27.04.2013 (2)\" width=\"150\" height=\"150\" \/><\/a> <a href=\"http:\/\/www.denkfried.de\/wp\/wp-content\/uploads\/2015\/02\/KGSt.Gro\u00df-BreeseOFH.Gro\u00df-Breeseer-Allee3.UKSdeutsch1.Pole27.04.2013-3.jpg\"><img loading=\"lazy\" decoding=\"async\" class=\"aligncenter size-thumbnail wp-image-37525\" src=\"http:\/\/www.denkfried.de\/wp\/wp-content\/uploads\/2015\/02\/KGSt.Gro\u00df-BreeseOFH.Gro\u00df-Breeseer-Allee3.UKSdeutsch1.Pole27.04.2013-3-150x150.jpg\" alt=\"KGSt.Gro\u00df Breese,OFH.Gro\u00df Breeseer Allee,3.UKS,deutsch,1.Pole,27.04.2013 (3)\" width=\"150\" height=\"150\" \/><\/a> <a href=\"http:\/\/www.denkfried.de\/wp\/wp-content\/uploads\/2015\/02\/KGSt.Gro\u00df-BreeseOFH.Gro\u00df-Breeseer-Allee3.UKSdeutsch1.Pole27.04.2013-4.jpg\"><img loading=\"lazy\" decoding=\"async\" class=\"aligncenter size-thumbnail wp-image-37526\" src=\"http:\/\/www.denkfried.de\/wp\/wp-content\/uploads\/2015\/02\/KGSt.Gro\u00df-BreeseOFH.Gro\u00df-Breeseer-Allee3.UKSdeutsch1.Pole27.04.2013-4-150x150.jpg\" alt=\"KGSt.Gro\u00df Breese,OFH.Gro\u00df Breeseer Allee,3.UKS,deutsch,1.Pole,27.04.2013 (4)\" width=\"150\" height=\"150\" \/><\/a> <a href=\"http:\/\/www.denkfried.de\/wp\/wp-content\/uploads\/2015\/02\/KGSt.Gro\u00df-BreeseOFH.Gro\u00df-Breeseer-Allee3.UKSdeutsch1.Pole27.04.2013-5.jpg\"><img loading=\"lazy\" decoding=\"async\" class=\"aligncenter size-thumbnail wp-image-37527\" src=\"http:\/\/www.denkfried.de\/wp\/wp-content\/uploads\/2015\/02\/KGSt.Gro\u00df-BreeseOFH.Gro\u00df-Breeseer-Allee3.UKSdeutsch1.Pole27.04.2013-5-150x150.jpg\" alt=\"KGSt.Gro\u00df Breese,OFH.Gro\u00df Breeseer Allee,3.UKS,deutsch,1.Pole,27.04.2013 (5)\" width=\"150\" height=\"150\" \/><\/a> <a href=\"http:\/\/www.denkfried.de\/wp\/wp-content\/uploads\/2015\/02\/KGSt.Gro\u00df-BreeseOFH.Gro\u00df-Breeseer-Allee3.UKSdeutsch1.Pole27.04.2013-6.jpg\"><img loading=\"lazy\" decoding=\"async\" class=\"aligncenter size-thumbnail wp-image-37528\" src=\"http:\/\/www.denkfried.de\/wp\/wp-content\/uploads\/2015\/02\/KGSt.Gro\u00df-BreeseOFH.Gro\u00df-Breeseer-Allee3.UKSdeutsch1.Pole27.04.2013-6-150x150.jpg\" alt=\"KGSt.Gro\u00df Breese,OFH.Gro\u00df Breeseer Allee,3.UKS,deutsch,1.Pole,27.04.2013 (6)\" width=\"150\" height=\"150\" \/><\/a><\/p>\n","protected":false},"excerpt":{"rendered":"<p>&nbsp; 19322 Gro\u00df Breese Auf dem Ortsfriedhof in Gro\u00df Breese an der Gro\u00df Breeser Allee findet sich ein Gemeinschaftsgrab f\u00fcr im Zweiten Weltkrieg gefallene Deutsche Soldaten. Eine schwarze Marmortafel weist uns die Grablage der 3 unbekannten Soldaten gefallen am 02.05.1945,auf &hellip; <a href=\"http:\/\/www.denkfried.de\/wp\/?page_id=37522\">Weiterlesen <span class=\"meta-nav\">&rarr;<\/span><\/a><\/p>\n","protected":false},"author":7,"featured_media":0,"parent":4939,"menu_order":0,"comment_status":"closed","ping_status":"open","template":"","meta":{"footnotes":""},"class_list":["post-37522","page","type-page","status-publish","hentry"],"_links":{"self":[{"href":"http:\/\/www.denkfried.de\/wp\/index.php?rest_route=\/wp\/v2\/pages\/37522","targetHints":{"allow":["GET"]}}],"collection":[{"href":"http:\/\/www.denkfried.de\/wp\/index.php?rest_route=\/wp\/v2\/pages"}],"about":[{"href":"http:\/\/www.denkfried.de\/wp\/index.php?rest_route=\/wp\/v2\/types\/page"}],"author":[{"embeddable":true,"href":"http:\/\/www.denkfried.de\/wp\/index.php?rest_route=\/wp\/v2\/users\/7"}],"replies":[{"embeddable":true,"href":"http:\/\/www.denkfried.de\/wp\/index.php?rest_route=%2Fwp%2Fv2%2Fcomments&post=37522"}],"version-history":[{"count":1,"href":"http:\/\/www.denkfried.de\/wp\/index.php?rest_route=\/wp\/v2\/pages\/37522\/revisions"}],"predecessor-version":[{"id":37529,"href":"http:\/\/www.denkfried.de\/wp\/index.php?rest_route=\/wp\/v2\/pages\/37522\/revisions\/37529"}],"up":[{"embeddable":true,"href":"http:\/\/www.denkfried.de\/wp\/index.php?rest_route=\/wp\/v2\/pages\/4939"}],"wp:attachment":[{"href":"http:\/\/www.denkfried.de\/wp\/index.php?rest_route=%2Fwp%2Fv2%2Fmedia&parent=37522"}],"curies":[{"name":"wp","href":"https:\/\/api.w.org\/{rel}","templated":true}]}}