{"id":37476,"date":"2015-02-05T19:04:08","date_gmt":"2015-02-05T18:04:08","guid":{"rendered":"http:\/\/www.denkfried.de\/wp\/?page_id=37476"},"modified":"2015-02-05T19:04:08","modified_gmt":"2015-02-05T18:04:08","slug":"groemitz-fischerkampweg","status":"publish","type":"page","link":"http:\/\/www.denkfried.de\/wp\/?page_id=37476","title":{"rendered":"Gr\u00f6mitz-Fischerkampweg"},"content":{"rendered":"<p>&nbsp;<\/p>\n<p><span style=\"text-decoration: underline;\"><strong>23743 Gr\u00f6mitz Fischerkampweg<\/strong><\/span><\/p>\n<p>Auf dem Ortsfriedhof in Gr\u00f6mitz am Fischerkampweg findet sich das Gr\u00e4berfeld f\u00fcr ca.160 gefallene Deutsche Soldaten des Zweiten Weltkriegs. Natursteinkreutze weisen den Weg ihrer Grablagen auf deren Vorder.- und R\u00fcckseite von\u00a0 jeweils zwei Bestatteten die Namen und Daten tragen. In Zweier Reihen entlang des seitlichen Friedhofsende wurden auf einer gr\u00f6\u00dfz\u00fcgigen Gr\u00e4berfl\u00e4che die Gr\u00e4ber der gefallenen Soldaten angelegt. Beim durchgehen fallen die\u00a0 Daten\u00a0 auf die sich zum Gro\u00dfteil auf die letzten Tage oder etwas nach dem Ende der Kampfhandlungen des Zweiten Weltkriegs beziehen.<\/p>\n<p>Bilder vom 25.04.2013<\/p>\n<p>&nbsp;<\/p>\n<p>Gr\u00fc\u00dfe Hubert<a href=\"http:\/\/www.denkfried.de\/wp\/wp-content\/uploads\/2015\/02\/KGSt.Gr\u00f6mitzOFH.Fischerkamp2.W.K.deutsche-25.04.2013-1.jpg\"><img loading=\"lazy\" decoding=\"async\" class=\"aligncenter size-thumbnail wp-image-37477\" src=\"http:\/\/www.denkfried.de\/wp\/wp-content\/uploads\/2015\/02\/KGSt.Gr\u00f6mitzOFH.Fischerkamp2.W.K.deutsche-25.04.2013-1-150x150.jpg\" alt=\"KGSt.Gr\u00f6mitz,OFH.Fischerkamp,2.W.K.,deutsche, 25.04.2013 (1)\" width=\"150\" height=\"150\" \/><\/a> <a href=\"http:\/\/www.denkfried.de\/wp\/wp-content\/uploads\/2015\/02\/KGSt.Gr\u00f6mitzOFH.Fischerkamp2.W.K.deutsche-25.04.2013-2.jpg\"><img loading=\"lazy\" decoding=\"async\" class=\"aligncenter size-thumbnail wp-image-37478\" src=\"http:\/\/www.denkfried.de\/wp\/wp-content\/uploads\/2015\/02\/KGSt.Gr\u00f6mitzOFH.Fischerkamp2.W.K.deutsche-25.04.2013-2-150x150.jpg\" alt=\"KGSt.Gr\u00f6mitz,OFH.Fischerkamp,2.W.K.,deutsche, 25.04.2013 (2)\" width=\"150\" height=\"150\" \/><\/a> <a href=\"http:\/\/www.denkfried.de\/wp\/wp-content\/uploads\/2015\/02\/KGSt.Gr\u00f6mitzOFH.Fischerkamp2.W.K.deutsche-25.04.2013-3.jpg\"><img loading=\"lazy\" decoding=\"async\" class=\"aligncenter size-thumbnail wp-image-37479\" src=\"http:\/\/www.denkfried.de\/wp\/wp-content\/uploads\/2015\/02\/KGSt.Gr\u00f6mitzOFH.Fischerkamp2.W.K.deutsche-25.04.2013-3-150x150.jpg\" alt=\"KGSt.Gr\u00f6mitz,OFH.Fischerkamp,2.W.K.,deutsche, 25.04.2013 (3)\" width=\"150\" height=\"150\" \/><\/a> <a href=\"http:\/\/www.denkfried.de\/wp\/wp-content\/uploads\/2015\/02\/KGSt.Gr\u00f6mitzOFH.Fischerkamp2.W.K.deutsche-25.04.2013-4.jpg\"><img loading=\"lazy\" decoding=\"async\" class=\"aligncenter size-thumbnail wp-image-37480\" src=\"http:\/\/www.denkfried.de\/wp\/wp-content\/uploads\/2015\/02\/KGSt.Gr\u00f6mitzOFH.Fischerkamp2.W.K.deutsche-25.04.2013-4-150x150.jpg\" alt=\"KGSt.Gr\u00f6mitz,OFH.Fischerkamp,2.W.K.,deutsche, 25.04.2013 (4)\" width=\"150\" height=\"150\" \/><\/a> <a href=\"http:\/\/www.denkfried.de\/wp\/wp-content\/uploads\/2015\/02\/KGSt.Gr\u00f6mitzOFH.Fischerkamp2.W.K.deutsche-25.04.2013-5.jpg\"><img loading=\"lazy\" decoding=\"async\" class=\"aligncenter size-thumbnail wp-image-37481\" src=\"http:\/\/www.denkfried.de\/wp\/wp-content\/uploads\/2015\/02\/KGSt.Gr\u00f6mitzOFH.Fischerkamp2.W.K.deutsche-25.04.2013-5-150x150.jpg\" alt=\"KGSt.Gr\u00f6mitz,OFH.Fischerkamp,2.W.K.,deutsche, 25.04.2013 (5)\" width=\"150\" height=\"150\" \/><\/a> <a href=\"http:\/\/www.denkfried.de\/wp\/wp-content\/uploads\/2015\/02\/KGSt.Gr\u00f6mitzOFH.Fischerkamp2.W.K.deutsche-25.04.2013-6.jpg\"><img loading=\"lazy\" decoding=\"async\" class=\"aligncenter size-thumbnail wp-image-37482\" src=\"http:\/\/www.denkfried.de\/wp\/wp-content\/uploads\/2015\/02\/KGSt.Gr\u00f6mitzOFH.Fischerkamp2.W.K.deutsche-25.04.2013-6-150x150.jpg\" alt=\"KGSt.Gr\u00f6mitz,OFH.Fischerkamp,2.W.K.,deutsche, 25.04.2013 (6)\" width=\"150\" height=\"150\" \/><\/a> <a href=\"http:\/\/www.denkfried.de\/wp\/wp-content\/uploads\/2015\/02\/KGSt.Gr\u00f6mitzOFH.Fischerkamp2.W.K.deutsche-25.04.2013-7.jpg\"><img loading=\"lazy\" decoding=\"async\" class=\"aligncenter size-thumbnail wp-image-37483\" src=\"http:\/\/www.denkfried.de\/wp\/wp-content\/uploads\/2015\/02\/KGSt.Gr\u00f6mitzOFH.Fischerkamp2.W.K.deutsche-25.04.2013-7-150x150.jpg\" alt=\"KGSt.Gr\u00f6mitz,OFH.Fischerkamp,2.W.K.,deutsche, 25.04.2013 (7)\" width=\"150\" height=\"150\" \/><\/a> <a href=\"http:\/\/www.denkfried.de\/wp\/wp-content\/uploads\/2015\/02\/KGSt.Gr\u00f6mitzOFH.Fischerkamp2.W.K.deutsche-25.04.2013-8.jpg\"><img loading=\"lazy\" decoding=\"async\" class=\"aligncenter size-thumbnail wp-image-37484\" src=\"http:\/\/www.denkfried.de\/wp\/wp-content\/uploads\/2015\/02\/KGSt.Gr\u00f6mitzOFH.Fischerkamp2.W.K.deutsche-25.04.2013-8-150x150.jpg\" alt=\"KGSt.Gr\u00f6mitz,OFH.Fischerkamp,2.W.K.,deutsche, 25.04.2013 (8)\" width=\"150\" height=\"150\" \/><\/a> <a href=\"http:\/\/www.denkfried.de\/wp\/wp-content\/uploads\/2015\/02\/KGSt.Gr\u00f6mitzOFH.Fischerkamp2.W.K.deutsche-25.04.2013-9.jpg\"><img loading=\"lazy\" decoding=\"async\" class=\"aligncenter size-thumbnail wp-image-37485\" src=\"http:\/\/www.denkfried.de\/wp\/wp-content\/uploads\/2015\/02\/KGSt.Gr\u00f6mitzOFH.Fischerkamp2.W.K.deutsche-25.04.2013-9-150x150.jpg\" alt=\"KGSt.Gr\u00f6mitz,OFH.Fischerkamp,2.W.K.,deutsche, 25.04.2013 (9)\" width=\"150\" height=\"150\" \/><\/a> <a href=\"http:\/\/www.denkfried.de\/wp\/wp-content\/uploads\/2015\/02\/KGSt.Gr\u00f6mitzOFH.Fischerkamp2.W.K.deutsche-25.04.2013-10.jpg\"><img loading=\"lazy\" decoding=\"async\" class=\"aligncenter size-thumbnail wp-image-37486\" src=\"http:\/\/www.denkfried.de\/wp\/wp-content\/uploads\/2015\/02\/KGSt.Gr\u00f6mitzOFH.Fischerkamp2.W.K.deutsche-25.04.2013-10-150x150.jpg\" alt=\"KGSt.Gr\u00f6mitz,OFH.Fischerkamp,2.W.K.,deutsche, 25.04.2013 (10)\" width=\"150\" height=\"150\" \/><\/a> <a href=\"http:\/\/www.denkfried.de\/wp\/wp-content\/uploads\/2015\/02\/KGSt.Gr\u00f6mitzOFH.Fischerkamp2.W.K.deutsche-25.04.2013-11.jpg\"><img loading=\"lazy\" decoding=\"async\" class=\"aligncenter size-thumbnail wp-image-37487\" src=\"http:\/\/www.denkfried.de\/wp\/wp-content\/uploads\/2015\/02\/KGSt.Gr\u00f6mitzOFH.Fischerkamp2.W.K.deutsche-25.04.2013-11-150x150.jpg\" alt=\"KGSt.Gr\u00f6mitz,OFH.Fischerkamp,2.W.K.,deutsche, 25.04.2013 (11)\" width=\"150\" height=\"150\" \/><\/a> <a href=\"http:\/\/www.denkfried.de\/wp\/wp-content\/uploads\/2015\/02\/KGSt.Gr\u00f6mitzOFH.Fischerkamp2.W.K.deutsche-25.04.2013-14.jpg\"><img loading=\"lazy\" decoding=\"async\" class=\"aligncenter size-thumbnail wp-image-37488\" src=\"http:\/\/www.denkfried.de\/wp\/wp-content\/uploads\/2015\/02\/KGSt.Gr\u00f6mitzOFH.Fischerkamp2.W.K.deutsche-25.04.2013-14-150x150.jpg\" alt=\"KGSt.Gr\u00f6mitz,OFH.Fischerkamp,2.W.K.,deutsche, 25.04.2013 (14)\" width=\"150\" height=\"150\" \/><\/a><\/p>\n<p>&nbsp;<\/p>\n","protected":false},"excerpt":{"rendered":"<p>&nbsp; 23743 Gr\u00f6mitz Fischerkampweg Auf dem Ortsfriedhof in Gr\u00f6mitz am Fischerkampweg findet sich das Gr\u00e4berfeld f\u00fcr ca.160 gefallene Deutsche Soldaten des Zweiten Weltkriegs. Natursteinkreutze weisen den Weg ihrer Grablagen auf deren Vorder.- und R\u00fcckseite von\u00a0 jeweils zwei Bestatteten die Namen &hellip; <a href=\"http:\/\/www.denkfried.de\/wp\/?page_id=37476\">Weiterlesen <span class=\"meta-nav\">&rarr;<\/span><\/a><\/p>\n","protected":false},"author":7,"featured_media":0,"parent":4034,"menu_order":0,"comment_status":"closed","ping_status":"open","template":"","meta":{"footnotes":""},"class_list":["post-37476","page","type-page","status-publish","hentry"],"_links":{"self":[{"href":"http:\/\/www.denkfried.de\/wp\/index.php?rest_route=\/wp\/v2\/pages\/37476","targetHints":{"allow":["GET"]}}],"collection":[{"href":"http:\/\/www.denkfried.de\/wp\/index.php?rest_route=\/wp\/v2\/pages"}],"about":[{"href":"http:\/\/www.denkfried.de\/wp\/index.php?rest_route=\/wp\/v2\/types\/page"}],"author":[{"embeddable":true,"href":"http:\/\/www.denkfried.de\/wp\/index.php?rest_route=\/wp\/v2\/users\/7"}],"replies":[{"embeddable":true,"href":"http:\/\/www.denkfried.de\/wp\/index.php?rest_route=%2Fwp%2Fv2%2Fcomments&post=37476"}],"version-history":[{"count":1,"href":"http:\/\/www.denkfried.de\/wp\/index.php?rest_route=\/wp\/v2\/pages\/37476\/revisions"}],"predecessor-version":[{"id":37489,"href":"http:\/\/www.denkfried.de\/wp\/index.php?rest_route=\/wp\/v2\/pages\/37476\/revisions\/37489"}],"up":[{"embeddable":true,"href":"http:\/\/www.denkfried.de\/wp\/index.php?rest_route=\/wp\/v2\/pages\/4034"}],"wp:attachment":[{"href":"http:\/\/www.denkfried.de\/wp\/index.php?rest_route=%2Fwp%2Fv2%2Fmedia&parent=37476"}],"curies":[{"name":"wp","href":"https:\/\/api.w.org\/{rel}","templated":true}]}}