{"id":37464,"date":"2015-02-05T18:44:57","date_gmt":"2015-02-05T17:44:57","guid":{"rendered":"http:\/\/www.denkfried.de\/wp\/?page_id=37464"},"modified":"2015-10-25T19:25:08","modified_gmt":"2015-10-25T18:25:08","slug":"grevesmuehlen","status":"publish","type":"page","link":"http:\/\/www.denkfried.de\/wp\/?page_id=37464","title":{"rendered":"Grevesm\u00fchlen"},"content":{"rendered":"<p>&nbsp;<\/p>\n<p><span style=\"text-decoration: underline;\"><strong>23936 Grevesm\u00fchlen<\/strong><\/span><\/p>\n<p>Wir Besuchen auf dem Ortsfriedhof in Grevesm\u00fchlen am Niels Stensenweg die Deutsche Kriegsgr\u00e4berst\u00e4tte f\u00fcr etwa 57 gefallene Soldaten des Zweiten Weltkriegs. Ihre Grablagen wurden mit einer Schr\u00e4ge in Richtung zum\u00a0 Fu\u00dfweges angelegt. Granitsteinplatten weisen ihre Grablage deren Zwischenraum mit kleinen Granitpflaster ausgekleidet wurde. Ein Hochkreutz wurde zum Gedenken errichtet.<\/p>\n<p>Gr\u00fc\u00dfe Hubert<\/p>\n<p>Bilder vom 26.04.2013<\/p>\n<div id='gallery-1' class='gallery galleryid-37464 gallery-columns-4 gallery-size-thumbnail'><dl class='gallery-item'>\n\t\t\t<dt class='gallery-icon landscape'>\n\t\t\t\t<a href='http:\/\/www.denkfried.de\/wp\/?attachment_id=39271'><img loading=\"lazy\" decoding=\"async\" width=\"150\" height=\"150\" src=\"http:\/\/www.denkfried.de\/wp\/wp-content\/uploads\/2015\/02\/KGSt.Grevesm\u00fchlenOFH.Nils-Stensenweg.2.W.K.-deutsch.Sold_.-26.04.2013-9-150x1501.jpg\" class=\"attachment-thumbnail size-thumbnail\" alt=\"\" \/><\/a>\n\t\t\t<\/dt><\/dl><dl class='gallery-item'>\n\t\t\t<dt class='gallery-icon landscape'>\n\t\t\t\t<a href='http:\/\/www.denkfried.de\/wp\/?attachment_id=39274'><img loading=\"lazy\" decoding=\"async\" width=\"150\" height=\"150\" src=\"http:\/\/www.denkfried.de\/wp\/wp-content\/uploads\/2015\/02\/KGSt.Grevesm\u00fchlenOFH.Nils-Stensenweg.2.W.K.-deutsch.Sold_.-26.04.2013-4-150x1501.jpg\" class=\"attachment-thumbnail size-thumbnail\" alt=\"\" \/><\/a>\n\t\t\t<\/dt><\/dl><dl class='gallery-item'>\n\t\t\t<dt class='gallery-icon landscape'>\n\t\t\t\t<a href='http:\/\/www.denkfried.de\/wp\/?attachment_id=39266'><img loading=\"lazy\" decoding=\"async\" width=\"150\" height=\"150\" src=\"http:\/\/www.denkfried.de\/wp\/wp-content\/uploads\/2015\/02\/KGSt.Grevesm\u00fchlenOFH.Nils-Stensenweg.2.W.K.-deutsch.Sold_.-26.04.2013-2-150x1501.jpg\" class=\"attachment-thumbnail size-thumbnail\" alt=\"\" \/><\/a>\n\t\t\t<\/dt><\/dl><dl class='gallery-item'>\n\t\t\t<dt class='gallery-icon landscape'>\n\t\t\t\t<a href='http:\/\/www.denkfried.de\/wp\/?attachment_id=39267'><img loading=\"lazy\" decoding=\"async\" width=\"150\" height=\"150\" src=\"http:\/\/www.denkfried.de\/wp\/wp-content\/uploads\/2015\/02\/KGSt.Grevesm\u00fchlenOFH.Nils-Stensenweg.2.W.K.-deutsch.Sold_.-26.04.2013-5-150x1501.jpg\" class=\"attachment-thumbnail size-thumbnail\" alt=\"\" \/><\/a>\n\t\t\t<\/dt><\/dl><br style=\"clear: both\" \/><dl class='gallery-item'>\n\t\t\t<dt class='gallery-icon landscape'>\n\t\t\t\t<a href='http:\/\/www.denkfried.de\/wp\/?attachment_id=39269'><img loading=\"lazy\" decoding=\"async\" width=\"150\" height=\"150\" src=\"http:\/\/www.denkfried.de\/wp\/wp-content\/uploads\/2015\/02\/KGSt.Grevesm\u00fchlenOFH.Nils-Stensenweg.2.W.K.-deutsch.Sold_.-26.04.2013-8-150x1501.jpg\" class=\"attachment-thumbnail size-thumbnail\" alt=\"\" \/><\/a>\n\t\t\t<\/dt><\/dl><dl class='gallery-item'>\n\t\t\t<dt class='gallery-icon landscape'>\n\t\t\t\t<a href='http:\/\/www.denkfried.de\/wp\/?attachment_id=39273'><img loading=\"lazy\" decoding=\"async\" width=\"150\" height=\"150\" src=\"http:\/\/www.denkfried.de\/wp\/wp-content\/uploads\/2015\/02\/KGSt.Grevesm\u00fchlenOFH.Nils-Stensenweg.2.W.K.-deutsch.Sold_.-26.04.2013-3-150x1501.jpg\" class=\"attachment-thumbnail size-thumbnail\" alt=\"\" \/><\/a>\n\t\t\t<\/dt><\/dl><dl class='gallery-item'>\n\t\t\t<dt class='gallery-icon landscape'>\n\t\t\t\t<a href='http:\/\/www.denkfried.de\/wp\/?attachment_id=39268'><img loading=\"lazy\" decoding=\"async\" width=\"150\" height=\"150\" src=\"http:\/\/www.denkfried.de\/wp\/wp-content\/uploads\/2015\/02\/KGSt.Grevesm\u00fchlenOFH.Nils-Stensenweg.2.W.K.-deutsch.Sold_.-26.04.2013-6-150x1501.jpg\" class=\"attachment-thumbnail size-thumbnail\" alt=\"\" \/><\/a>\n\t\t\t<\/dt><\/dl><dl class='gallery-item'>\n\t\t\t<dt class='gallery-icon landscape'>\n\t\t\t\t<a href='http:\/\/www.denkfried.de\/wp\/?attachment_id=39270'><img loading=\"lazy\" decoding=\"async\" width=\"150\" height=\"150\" src=\"http:\/\/www.denkfried.de\/wp\/wp-content\/uploads\/2015\/02\/KGSt.Grevesm\u00fchlenOFH.Nils-Stensenweg.2.W.K.-deutsch.Sold_.-26.04.2013-7-150x1501.jpg\" class=\"attachment-thumbnail size-thumbnail\" alt=\"\" \/><\/a>\n\t\t\t<\/dt><\/dl><br style=\"clear: both\" \/><dl class='gallery-item'>\n\t\t\t<dt class='gallery-icon landscape'>\n\t\t\t\t<a href='http:\/\/www.denkfried.de\/wp\/?attachment_id=39272'><img loading=\"lazy\" decoding=\"async\" width=\"150\" height=\"150\" src=\"http:\/\/www.denkfried.de\/wp\/wp-content\/uploads\/2015\/02\/KGSt.Grevesm\u00fchlenOFH.Nils-Stensenweg.2.W.K.-deutsch.Sold_.-26.04.2013-10-150x1501.jpg\" class=\"attachment-thumbnail size-thumbnail\" alt=\"\" \/><\/a>\n\t\t\t<\/dt><\/dl><dl class='gallery-item'>\n\t\t\t<dt class='gallery-icon landscape'>\n\t\t\t\t<a href='http:\/\/www.denkfried.de\/wp\/?attachment_id=39275'><img loading=\"lazy\" decoding=\"async\" width=\"150\" height=\"150\" src=\"http:\/\/www.denkfried.de\/wp\/wp-content\/uploads\/2015\/02\/KGSt.Grevesm\u00fchlenOFH.Nils-Stensenweg.2.W.K.-deutsch.Sold_.-26.04.2013-1-150x1501.jpg\" class=\"attachment-thumbnail size-thumbnail\" alt=\"\" \/><\/a>\n\t\t\t<\/dt><\/dl>\n\t\t\t<br style='clear: both' \/>\n\t\t<\/div>\n\n<p>&nbsp;<\/p>\n<p>&nbsp;<\/p>\n","protected":false},"excerpt":{"rendered":"<p>&nbsp; 23936 Grevesm\u00fchlen Wir Besuchen auf dem Ortsfriedhof in Grevesm\u00fchlen am Niels Stensenweg die Deutsche Kriegsgr\u00e4berst\u00e4tte f\u00fcr etwa 57 gefallene Soldaten des Zweiten Weltkriegs. Ihre Grablagen wurden mit einer Schr\u00e4ge in Richtung zum\u00a0 Fu\u00dfweges angelegt. Granitsteinplatten weisen ihre Grablage deren &hellip; <a href=\"http:\/\/www.denkfried.de\/wp\/?page_id=37464\">Weiterlesen <span class=\"meta-nav\">&rarr;<\/span><\/a><\/p>\n","protected":false},"author":7,"featured_media":0,"parent":5823,"menu_order":0,"comment_status":"closed","ping_status":"open","template":"","meta":{"footnotes":""},"class_list":["post-37464","page","type-page","status-publish","hentry"],"_links":{"self":[{"href":"http:\/\/www.denkfried.de\/wp\/index.php?rest_route=\/wp\/v2\/pages\/37464","targetHints":{"allow":["GET"]}}],"collection":[{"href":"http:\/\/www.denkfried.de\/wp\/index.php?rest_route=\/wp\/v2\/pages"}],"about":[{"href":"http:\/\/www.denkfried.de\/wp\/index.php?rest_route=\/wp\/v2\/types\/page"}],"author":[{"embeddable":true,"href":"http:\/\/www.denkfried.de\/wp\/index.php?rest_route=\/wp\/v2\/users\/7"}],"replies":[{"embeddable":true,"href":"http:\/\/www.denkfried.de\/wp\/index.php?rest_route=%2Fwp%2Fv2%2Fcomments&post=37464"}],"version-history":[{"count":3,"href":"http:\/\/www.denkfried.de\/wp\/index.php?rest_route=\/wp\/v2\/pages\/37464\/revisions"}],"predecessor-version":[{"id":39276,"href":"http:\/\/www.denkfried.de\/wp\/index.php?rest_route=\/wp\/v2\/pages\/37464\/revisions\/39276"}],"up":[{"embeddable":true,"href":"http:\/\/www.denkfried.de\/wp\/index.php?rest_route=\/wp\/v2\/pages\/5823"}],"wp:attachment":[{"href":"http:\/\/www.denkfried.de\/wp\/index.php?rest_route=%2Fwp%2Fv2%2Fmedia&parent=37464"}],"curies":[{"name":"wp","href":"https:\/\/api.w.org\/{rel}","templated":true}]}}