{"id":37426,"date":"2015-02-04T20:26:02","date_gmt":"2015-02-04T19:26:02","guid":{"rendered":"http:\/\/www.denkfried.de\/wp\/?page_id=37426"},"modified":"2015-02-04T20:26:02","modified_gmt":"2015-02-04T19:26:02","slug":"emmelsbuehl","status":"publish","type":"page","link":"http:\/\/www.denkfried.de\/wp\/?page_id=37426","title":{"rendered":"Emmelsb\u00fchl"},"content":{"rendered":"<p>&nbsp;<\/p>\n<p><span style=\"text-decoration: underline;\"><strong>25924 Emmelsb\u00fchl-Horsb\u00fchl<\/strong><\/span><\/p>\n<p>Lautunserem Kriegsgr\u00e4berf\u00fchrer 2Schicksale in Zahlen&#8220; m\u00fcsste sich auf dem Ortsfriedhof in Emmelsb\u00fchl ein Kriegsgrab befinden, beim Besuch am 23,04,2013 fanden wir kein Kriegsgrab auf dem Friedhof .Sollte es schon umgebettet oder still und heimlich aufgel\u00f6st\u00a0 worden sein. Anbei nur ein Foto der Ansicht vom Friedhof.<\/p>\n<p>Gr\u00fc\u00dfe Hubert<\/p>\n<p><a href=\"http:\/\/www.denkfried.de\/wp\/wp-content\/uploads\/2015\/02\/OFH-Emmelsb\u00fchl-Horsb\u00fchl.-23.04.2013.jpg\"><img loading=\"lazy\" decoding=\"async\" class=\"aligncenter size-thumbnail wp-image-37427\" src=\"http:\/\/www.denkfried.de\/wp\/wp-content\/uploads\/2015\/02\/OFH-Emmelsb\u00fchl-Horsb\u00fchl.-23.04.2013-150x150.jpg\" alt=\"OFH-Emmelsb\u00fchl-Horsb\u00fchl. 23.04.2013\" width=\"150\" height=\"150\" \/><\/a><\/p>\n<p>&nbsp;<\/p>\n<p>&nbsp;<\/p>\n<p>&nbsp;<\/p>\n","protected":false},"excerpt":{"rendered":"<p>&nbsp; 25924 Emmelsb\u00fchl-Horsb\u00fchl Lautunserem Kriegsgr\u00e4berf\u00fchrer 2Schicksale in Zahlen&#8220; m\u00fcsste sich auf dem Ortsfriedhof in Emmelsb\u00fchl ein Kriegsgrab befinden, beim Besuch am 23,04,2013 fanden wir kein Kriegsgrab auf dem Friedhof .Sollte es schon umgebettet oder still und heimlich aufgel\u00f6st\u00a0 worden sein. &hellip; <a href=\"http:\/\/www.denkfried.de\/wp\/?page_id=37426\">Weiterlesen <span class=\"meta-nav\">&rarr;<\/span><\/a><\/p>\n","protected":false},"author":7,"featured_media":0,"parent":4027,"menu_order":0,"comment_status":"closed","ping_status":"open","template":"","meta":{"footnotes":""},"class_list":["post-37426","page","type-page","status-publish","hentry"],"_links":{"self":[{"href":"http:\/\/www.denkfried.de\/wp\/index.php?rest_route=\/wp\/v2\/pages\/37426","targetHints":{"allow":["GET"]}}],"collection":[{"href":"http:\/\/www.denkfried.de\/wp\/index.php?rest_route=\/wp\/v2\/pages"}],"about":[{"href":"http:\/\/www.denkfried.de\/wp\/index.php?rest_route=\/wp\/v2\/types\/page"}],"author":[{"embeddable":true,"href":"http:\/\/www.denkfried.de\/wp\/index.php?rest_route=\/wp\/v2\/users\/7"}],"replies":[{"embeddable":true,"href":"http:\/\/www.denkfried.de\/wp\/index.php?rest_route=%2Fwp%2Fv2%2Fcomments&post=37426"}],"version-history":[{"count":1,"href":"http:\/\/www.denkfried.de\/wp\/index.php?rest_route=\/wp\/v2\/pages\/37426\/revisions"}],"predecessor-version":[{"id":37428,"href":"http:\/\/www.denkfried.de\/wp\/index.php?rest_route=\/wp\/v2\/pages\/37426\/revisions\/37428"}],"up":[{"embeddable":true,"href":"http:\/\/www.denkfried.de\/wp\/index.php?rest_route=\/wp\/v2\/pages\/4027"}],"wp:attachment":[{"href":"http:\/\/www.denkfried.de\/wp\/index.php?rest_route=%2Fwp%2Fv2%2Fmedia&parent=37426"}],"curies":[{"name":"wp","href":"https:\/\/api.w.org\/{rel}","templated":true}]}}