{"id":37418,"date":"2015-02-04T19:55:29","date_gmt":"2015-02-04T18:55:29","guid":{"rendered":"http:\/\/www.denkfried.de\/wp\/?page_id=37418"},"modified":"2015-02-04T19:56:56","modified_gmt":"2015-02-04T18:56:56","slug":"eggebeck","status":"publish","type":"page","link":"http:\/\/www.denkfried.de\/wp\/?page_id=37418","title":{"rendered":"Eggebeck"},"content":{"rendered":"<p>&nbsp;<\/p>\n<p><span style=\"text-decoration: underline;\"><strong>24852 Eggebeck<\/strong><\/span><\/p>\n<p>Auf dem Ortsfriedhof in Eggebeck Am Klinkenberg findet sich ein Gemeinschaftsgrab f\u00fcr zwei Zwangsarbeiterinnen umgekommen w\u00e4rend des Zweiten Weltkriegs. Das Grab wurde etwas Abseits der bestehenden Gr\u00e4ber angelegt. Auf zwei Findlingen wurden ihre Daten eingemeisselt, Sonja Fradowa,gest.1942, sowie Ludmita Petrowe geb. 1911-1944. Die Grabst\u00e4tte vermittelt keinen gepflegten Eindruck. Desweiteren finden wir zwischen anderen zivilen Gr\u00e4ber ein Einzelgrab eines Deutschen gefallenen Soldaten das nach dem Kriege als Familiengrab verwendet wurde.<\/p>\n<p>Bilder vom 24.04.2013<\/p>\n<p>&nbsp;<\/p>\n<p>Gr\u00fc\u00dfe Hubert<\/p>\n<p><a href=\"http:\/\/www.denkfried.de\/wp\/wp-content\/uploads\/2015\/02\/Kgst.EggebeckOFH.Schlesw.Hols_.24.04-1.jpg\"><img loading=\"lazy\" decoding=\"async\" class=\"aligncenter size-thumbnail wp-image-37419\" src=\"http:\/\/www.denkfried.de\/wp\/wp-content\/uploads\/2015\/02\/Kgst.EggebeckOFH.Schlesw.Hols_.24.04-1-150x150.jpg\" alt=\"Kgst.Eggebeck,OFH.Schlesw.Hols.24.04 (1)\" width=\"150\" height=\"150\" \/><\/a> <a href=\"http:\/\/www.denkfried.de\/wp\/wp-content\/uploads\/2015\/02\/Kgst.EggebeckOFH.Schlesw.Hols_.24.04-2.jpg\"><img loading=\"lazy\" decoding=\"async\" class=\"aligncenter size-thumbnail wp-image-37420\" src=\"http:\/\/www.denkfried.de\/wp\/wp-content\/uploads\/2015\/02\/Kgst.EggebeckOFH.Schlesw.Hols_.24.04-2-150x150.jpg\" alt=\"Kgst.Eggebeck,OFH.Schlesw.Hols.24.04 (2)\" width=\"150\" height=\"150\" \/><\/a> <a href=\"http:\/\/www.denkfried.de\/wp\/wp-content\/uploads\/2015\/02\/Kgst.EggebeckOFH.Schlesw.Hols_.24.04-3.jpg\"><img loading=\"lazy\" decoding=\"async\" class=\"aligncenter size-thumbnail wp-image-37421\" src=\"http:\/\/www.denkfried.de\/wp\/wp-content\/uploads\/2015\/02\/Kgst.EggebeckOFH.Schlesw.Hols_.24.04-3-150x150.jpg\" alt=\"Kgst.Eggebeck,OFH.Schlesw.Hols.24.04 (3)\" width=\"150\" height=\"150\" \/><\/a> <a href=\"http:\/\/www.denkfried.de\/wp\/wp-content\/uploads\/2015\/02\/Kgst.EggebeckOFH.Schlesw.Hols_.24.04-4.jpg\"><img loading=\"lazy\" decoding=\"async\" class=\"aligncenter size-thumbnail wp-image-37422\" src=\"http:\/\/www.denkfried.de\/wp\/wp-content\/uploads\/2015\/02\/Kgst.EggebeckOFH.Schlesw.Hols_.24.04-4-150x150.jpg\" alt=\"Kgst.Eggebeck,OFH.Schlesw.Hols.24.04 (4)\" width=\"150\" height=\"150\" \/><\/a> <a href=\"http:\/\/www.denkfried.de\/wp\/wp-content\/uploads\/2015\/02\/Kgst.EggebeckOFH.Schlesw.Hols_.24.04-5.jpg\"><img loading=\"lazy\" decoding=\"async\" class=\"aligncenter size-thumbnail wp-image-37423\" src=\"http:\/\/www.denkfried.de\/wp\/wp-content\/uploads\/2015\/02\/Kgst.EggebeckOFH.Schlesw.Hols_.24.04-5-150x150.jpg\" alt=\"Kgst.Eggebeck,OFH.Schlesw.Hols.24.04 (5)\" width=\"150\" height=\"150\" \/><\/a><\/p>\n","protected":false},"excerpt":{"rendered":"<p>&nbsp; 24852 Eggebeck Auf dem Ortsfriedhof in Eggebeck Am Klinkenberg findet sich ein Gemeinschaftsgrab f\u00fcr zwei Zwangsarbeiterinnen umgekommen w\u00e4rend des Zweiten Weltkriegs. Das Grab wurde etwas Abseits der bestehenden Gr\u00e4ber angelegt. Auf zwei Findlingen wurden ihre Daten eingemeisselt, Sonja Fradowa,gest.1942, &hellip; <a href=\"http:\/\/www.denkfried.de\/wp\/?page_id=37418\">Weiterlesen <span class=\"meta-nav\">&rarr;<\/span><\/a><\/p>\n","protected":false},"author":7,"featured_media":0,"parent":4091,"menu_order":0,"comment_status":"closed","ping_status":"open","template":"","meta":{"footnotes":""},"class_list":["post-37418","page","type-page","status-publish","hentry"],"_links":{"self":[{"href":"http:\/\/www.denkfried.de\/wp\/index.php?rest_route=\/wp\/v2\/pages\/37418","targetHints":{"allow":["GET"]}}],"collection":[{"href":"http:\/\/www.denkfried.de\/wp\/index.php?rest_route=\/wp\/v2\/pages"}],"about":[{"href":"http:\/\/www.denkfried.de\/wp\/index.php?rest_route=\/wp\/v2\/types\/page"}],"author":[{"embeddable":true,"href":"http:\/\/www.denkfried.de\/wp\/index.php?rest_route=\/wp\/v2\/users\/7"}],"replies":[{"embeddable":true,"href":"http:\/\/www.denkfried.de\/wp\/index.php?rest_route=%2Fwp%2Fv2%2Fcomments&post=37418"}],"version-history":[{"count":2,"href":"http:\/\/www.denkfried.de\/wp\/index.php?rest_route=\/wp\/v2\/pages\/37418\/revisions"}],"predecessor-version":[{"id":37425,"href":"http:\/\/www.denkfried.de\/wp\/index.php?rest_route=\/wp\/v2\/pages\/37418\/revisions\/37425"}],"up":[{"embeddable":true,"href":"http:\/\/www.denkfried.de\/wp\/index.php?rest_route=\/wp\/v2\/pages\/4091"}],"wp:attachment":[{"href":"http:\/\/www.denkfried.de\/wp\/index.php?rest_route=%2Fwp%2Fv2%2Fmedia&parent=37418"}],"curies":[{"name":"wp","href":"https:\/\/api.w.org\/{rel}","templated":true}]}}