{"id":37391,"date":"2015-02-01T19:04:34","date_gmt":"2015-02-01T18:04:34","guid":{"rendered":"http:\/\/www.denkfried.de\/wp\/?page_id=37391"},"modified":"2015-02-01T19:04:34","modified_gmt":"2015-02-01T18:04:34","slug":"eckenfoerde-schleswigerstr","status":"publish","type":"page","link":"http:\/\/www.denkfried.de\/wp\/?page_id=37391","title":{"rendered":"Eckenf\u00f6rde-SchleswigerStr."},"content":{"rendered":"<p>&nbsp;<\/p>\n<p><span style=\"text-decoration: underline;\"><strong>24340 Eckenf\u00f6rde<\/strong><\/span><\/p>\n<p>Nach dem Besuch der Kriegsgr\u00e4berst\u00e4tte am M\u00fchlenberg in Eckenf\u00f6rde sind wir weiter in die Schleswigerstra\u00dfe gefahren hier finden sich weitere Kriegsgr\u00e4ber des Zweiten Weltkriegs auf dem Ortsfriedhof. Doppelreihige Grabzeichen bezeichnen die Grablagen der gefallenen Soldaten. Am Ende , des mit Rasen begr\u00fcnte Gr\u00e4berfeld, wurde ein Natursteinhochkreuz errichtet. Zwischen den Grabzeichen finden sich auch ausl\u00e4ndische Namen , warscheinlich von Kriegsgefangenen.<\/p>\n<p>Bilder vom 24.04.2013<\/p>\n<p>Gr\u00fc\u00dfe Hubert<\/p>\n<p><a href=\"http:\/\/www.denkfried.de\/wp\/wp-content\/uploads\/2015\/02\/KGSt.Eckenf\u00f6rde.OFH_.Schleswigerstr.-24.04.2013-2.jpg\"><img loading=\"lazy\" decoding=\"async\" class=\"aligncenter size-thumbnail wp-image-37393\" src=\"http:\/\/www.denkfried.de\/wp\/wp-content\/uploads\/2015\/02\/KGSt.Eckenf\u00f6rde.OFH_.Schleswigerstr.-24.04.2013-2-150x150.jpg\" alt=\"KGSt.Eckenf\u00f6rde.OFH.Schleswigerstr. 24.04.2013 (2)\" width=\"150\" height=\"150\" \/><\/a><a href=\"http:\/\/www.denkfried.de\/wp\/wp-content\/uploads\/2015\/02\/KGSt.Eckenf\u00f6rde.OFH_.Schleswigerstr.-24.04.2013-1.jpg\"><img loading=\"lazy\" decoding=\"async\" class=\"aligncenter size-thumbnail wp-image-37392\" src=\"http:\/\/www.denkfried.de\/wp\/wp-content\/uploads\/2015\/02\/KGSt.Eckenf\u00f6rde.OFH_.Schleswigerstr.-24.04.2013-1-150x150.jpg\" alt=\"KGSt.Eckenf\u00f6rde.OFH.Schleswigerstr. 24.04.2013 (1)\" width=\"150\" height=\"150\" \/><\/a><a href=\"http:\/\/www.denkfried.de\/wp\/wp-content\/uploads\/2015\/02\/KGSt.Eckenf\u00f6rde.OFH_.Schleswigerstr.-24.04.2013-3.jpg\"><img loading=\"lazy\" decoding=\"async\" class=\"aligncenter size-thumbnail wp-image-37394\" src=\"http:\/\/www.denkfried.de\/wp\/wp-content\/uploads\/2015\/02\/KGSt.Eckenf\u00f6rde.OFH_.Schleswigerstr.-24.04.2013-3-150x150.jpg\" alt=\"KGSt.Eckenf\u00f6rde.OFH.Schleswigerstr. 24.04.2013 (3)\" width=\"150\" height=\"150\" \/><\/a><a href=\"http:\/\/www.denkfried.de\/wp\/wp-content\/uploads\/2015\/02\/KGSt.Eckenf\u00f6rde.OFH_.Schleswigerstr.-24.04.2013-4.jpg\"><img loading=\"lazy\" decoding=\"async\" class=\"aligncenter size-thumbnail wp-image-37395\" src=\"http:\/\/www.denkfried.de\/wp\/wp-content\/uploads\/2015\/02\/KGSt.Eckenf\u00f6rde.OFH_.Schleswigerstr.-24.04.2013-4-150x150.jpg\" alt=\"KGSt.Eckenf\u00f6rde.OFH.Schleswigerstr. 24.04.2013 (4)\" width=\"150\" height=\"150\" \/><\/a><a href=\"http:\/\/www.denkfried.de\/wp\/wp-content\/uploads\/2015\/02\/KGSt.Eckenf\u00f6rde.OFH_.Schleswigerstr.-24.04.2013-5.jpg\"><img loading=\"lazy\" decoding=\"async\" class=\"aligncenter size-thumbnail wp-image-37396\" src=\"http:\/\/www.denkfried.de\/wp\/wp-content\/uploads\/2015\/02\/KGSt.Eckenf\u00f6rde.OFH_.Schleswigerstr.-24.04.2013-5-150x150.jpg\" alt=\"KGSt.Eckenf\u00f6rde.OFH.Schleswigerstr. 24.04.2013 (5)\" width=\"150\" height=\"150\" \/><\/a><a href=\"http:\/\/www.denkfried.de\/wp\/wp-content\/uploads\/2015\/02\/KGSt.Eckenf\u00f6rde.OFH_.Schleswigerstr.-24.04.2013-6.jpg\"><img loading=\"lazy\" decoding=\"async\" class=\"aligncenter size-thumbnail wp-image-37397\" src=\"http:\/\/www.denkfried.de\/wp\/wp-content\/uploads\/2015\/02\/KGSt.Eckenf\u00f6rde.OFH_.Schleswigerstr.-24.04.2013-6-150x150.jpg\" alt=\"KGSt.Eckenf\u00f6rde.OFH.Schleswigerstr. 24.04.2013 (6)\" width=\"150\" height=\"150\" \/><\/a><a href=\"http:\/\/www.denkfried.de\/wp\/wp-content\/uploads\/2015\/02\/KGSt.Eckenf\u00f6rde.OFH_.Schleswigerstr.-24.04.2013-7.jpg\"><img loading=\"lazy\" decoding=\"async\" class=\"aligncenter size-thumbnail wp-image-37398\" src=\"http:\/\/www.denkfried.de\/wp\/wp-content\/uploads\/2015\/02\/KGSt.Eckenf\u00f6rde.OFH_.Schleswigerstr.-24.04.2013-7-150x150.jpg\" alt=\"KGSt.Eckenf\u00f6rde.OFH.Schleswigerstr. 24.04.2013 (7)\" width=\"150\" height=\"150\" \/><\/a><a href=\"http:\/\/www.denkfried.de\/wp\/wp-content\/uploads\/2015\/02\/KGSt.Eckenf\u00f6rde.OFH_.Schleswigerstr.-24.04.2013-8.jpg\"><img loading=\"lazy\" decoding=\"async\" class=\"aligncenter size-thumbnail wp-image-37399\" src=\"http:\/\/www.denkfried.de\/wp\/wp-content\/uploads\/2015\/02\/KGSt.Eckenf\u00f6rde.OFH_.Schleswigerstr.-24.04.2013-8-150x150.jpg\" alt=\"KGSt.Eckenf\u00f6rde.OFH.Schleswigerstr. 24.04.2013 (8)\" width=\"150\" height=\"150\" \/><\/a><a href=\"http:\/\/www.denkfried.de\/wp\/wp-content\/uploads\/2015\/02\/KGSt.Eckenf\u00f6rde.OFH_.Schleswigerstr.-24.04.2013-10.jpg\"><img loading=\"lazy\" decoding=\"async\" class=\"aligncenter size-thumbnail wp-image-37400\" src=\"http:\/\/www.denkfried.de\/wp\/wp-content\/uploads\/2015\/02\/KGSt.Eckenf\u00f6rde.OFH_.Schleswigerstr.-24.04.2013-10-150x150.jpg\" alt=\"KGSt.Eckenf\u00f6rde.OFH.Schleswigerstr. 24.04.2013 (10)\" width=\"150\" height=\"150\" \/><\/a><a href=\"http:\/\/www.denkfried.de\/wp\/wp-content\/uploads\/2015\/02\/KGSt.Eckenf\u00f6rde.OFH_.Schleswigerstr.-24.04.2013-11.jpg\"><img loading=\"lazy\" decoding=\"async\" class=\"aligncenter size-thumbnail wp-image-37401\" src=\"http:\/\/www.denkfried.de\/wp\/wp-content\/uploads\/2015\/02\/KGSt.Eckenf\u00f6rde.OFH_.Schleswigerstr.-24.04.2013-11-150x150.jpg\" alt=\"KGSt.Eckenf\u00f6rde.OFH.Schleswigerstr. 24.04.2013 (11)\" width=\"150\" height=\"150\" \/><\/a><\/p>\n<p>&nbsp;<\/p>\n","protected":false},"excerpt":{"rendered":"<p>&nbsp; 24340 Eckenf\u00f6rde Nach dem Besuch der Kriegsgr\u00e4berst\u00e4tte am M\u00fchlenberg in Eckenf\u00f6rde sind wir weiter in die Schleswigerstra\u00dfe gefahren hier finden sich weitere Kriegsgr\u00e4ber des Zweiten Weltkriegs auf dem Ortsfriedhof. Doppelreihige Grabzeichen bezeichnen die Grablagen der gefallenen Soldaten. Am Ende &hellip; <a href=\"http:\/\/www.denkfried.de\/wp\/?page_id=37391\">Weiterlesen <span class=\"meta-nav\">&rarr;<\/span><\/a><\/p>\n","protected":false},"author":7,"featured_media":0,"parent":4088,"menu_order":0,"comment_status":"closed","ping_status":"open","template":"","meta":{"footnotes":""},"class_list":["post-37391","page","type-page","status-publish","hentry"],"_links":{"self":[{"href":"http:\/\/www.denkfried.de\/wp\/index.php?rest_route=\/wp\/v2\/pages\/37391","targetHints":{"allow":["GET"]}}],"collection":[{"href":"http:\/\/www.denkfried.de\/wp\/index.php?rest_route=\/wp\/v2\/pages"}],"about":[{"href":"http:\/\/www.denkfried.de\/wp\/index.php?rest_route=\/wp\/v2\/types\/page"}],"author":[{"embeddable":true,"href":"http:\/\/www.denkfried.de\/wp\/index.php?rest_route=\/wp\/v2\/users\/7"}],"replies":[{"embeddable":true,"href":"http:\/\/www.denkfried.de\/wp\/index.php?rest_route=%2Fwp%2Fv2%2Fcomments&post=37391"}],"version-history":[{"count":1,"href":"http:\/\/www.denkfried.de\/wp\/index.php?rest_route=\/wp\/v2\/pages\/37391\/revisions"}],"predecessor-version":[{"id":37402,"href":"http:\/\/www.denkfried.de\/wp\/index.php?rest_route=\/wp\/v2\/pages\/37391\/revisions\/37402"}],"up":[{"embeddable":true,"href":"http:\/\/www.denkfried.de\/wp\/index.php?rest_route=\/wp\/v2\/pages\/4088"}],"wp:attachment":[{"href":"http:\/\/www.denkfried.de\/wp\/index.php?rest_route=%2Fwp%2Fv2%2Fmedia&parent=37391"}],"curies":[{"name":"wp","href":"https:\/\/api.w.org\/{rel}","templated":true}]}}