{"id":37381,"date":"2015-02-01T17:58:54","date_gmt":"2015-02-01T16:58:54","guid":{"rendered":"http:\/\/www.denkfried.de\/wp\/?page_id=37381"},"modified":"2015-02-01T17:58:54","modified_gmt":"2015-02-01T16:58:54","slug":"eckenfoerde","status":"publish","type":"page","link":"http:\/\/www.denkfried.de\/wp\/?page_id=37381","title":{"rendered":"Eckenf\u00f6rde"},"content":{"rendered":"<p>&nbsp;<\/p>\n<p><span style=\"text-decoration: underline;\"><strong>24340 Eckenf\u00f6rde, M\u00fchlenberg<\/strong><\/span><\/p>\n<p>In Eckenf\u00f6rde am Ortsfriedhof am M\u00fchlenberg finden sich in drei Reihen bestattet die Kriegstoten des Zweiten Weltkriegs, ein Grabzeichen fand ich aus dem Ersten Weltkrieg. Die niedrigen Grabzeichen geben den Namen und das Geburts.-Gefallenen Datum wieder. An der Schleswiegerstra\u00dfe findet sich noch ein Gr\u00e4berfeld f\u00fcr gefallene des Zweiten Weltkriegs.<\/p>\n<p>Bilder vom 24.04.2013<\/p>\n<p>Gr\u00fc\u00dfe Hubert<\/p>\n<p><a href=\"http:\/\/www.denkfried.de\/wp\/wp-content\/uploads\/2015\/02\/KGSt.Eckenf\u00f6rdeM\u00fchlenbergOFH.Schleswigholstein-24.04.2013-1.jpg\"><img loading=\"lazy\" decoding=\"async\" class=\"aligncenter size-thumbnail wp-image-37382\" src=\"http:\/\/www.denkfried.de\/wp\/wp-content\/uploads\/2015\/02\/KGSt.Eckenf\u00f6rdeM\u00fchlenbergOFH.Schleswigholstein-24.04.2013-1-150x150.jpg\" alt=\"KGSt.Eckenf\u00f6rde,M\u00fchlenberg,OFH.Schleswigholstein, 24.04.2013 (1)\" width=\"150\" height=\"150\" \/><\/a> <a href=\"http:\/\/www.denkfried.de\/wp\/wp-content\/uploads\/2015\/02\/KGSt.Eckenf\u00f6rdeM\u00fchlenbergOFH.Schleswigholstein-24.04.2013-2.jpg\"><img loading=\"lazy\" decoding=\"async\" class=\"aligncenter size-thumbnail wp-image-37383\" src=\"http:\/\/www.denkfried.de\/wp\/wp-content\/uploads\/2015\/02\/KGSt.Eckenf\u00f6rdeM\u00fchlenbergOFH.Schleswigholstein-24.04.2013-2-150x150.jpg\" alt=\"KGSt.Eckenf\u00f6rde,M\u00fchlenberg,OFH.Schleswigholstein, 24.04.2013 (2)\" width=\"150\" height=\"150\" \/><\/a> <a href=\"http:\/\/www.denkfried.de\/wp\/wp-content\/uploads\/2015\/02\/KGSt.Eckenf\u00f6rdeM\u00fchlenbergOFH.Schleswigholstein-24.04.2013-3.jpg\"><img loading=\"lazy\" decoding=\"async\" class=\"aligncenter size-thumbnail wp-image-37384\" src=\"http:\/\/www.denkfried.de\/wp\/wp-content\/uploads\/2015\/02\/KGSt.Eckenf\u00f6rdeM\u00fchlenbergOFH.Schleswigholstein-24.04.2013-3-150x150.jpg\" alt=\"KGSt.Eckenf\u00f6rde,M\u00fchlenberg,OFH.Schleswigholstein, 24.04.2013 (3)\" width=\"150\" height=\"150\" \/><\/a> <a href=\"http:\/\/www.denkfried.de\/wp\/wp-content\/uploads\/2015\/02\/KGSt.Eckenf\u00f6rdeM\u00fchlenbergOFH.Schleswigholstein-24.04.2013-4.jpg\"><img loading=\"lazy\" decoding=\"async\" class=\"aligncenter size-thumbnail wp-image-37385\" src=\"http:\/\/www.denkfried.de\/wp\/wp-content\/uploads\/2015\/02\/KGSt.Eckenf\u00f6rdeM\u00fchlenbergOFH.Schleswigholstein-24.04.2013-4-150x150.jpg\" alt=\"KGSt.Eckenf\u00f6rde,M\u00fchlenberg,OFH.Schleswigholstein, 24.04.2013 (4)\" width=\"150\" height=\"150\" \/><\/a> <a href=\"http:\/\/www.denkfried.de\/wp\/wp-content\/uploads\/2015\/02\/KGSt.Eckenf\u00f6rdeM\u00fchlenbergOFH.Schleswigholstein-24.04.2013-5.jpg\"><img loading=\"lazy\" decoding=\"async\" class=\"aligncenter size-thumbnail wp-image-37386\" src=\"http:\/\/www.denkfried.de\/wp\/wp-content\/uploads\/2015\/02\/KGSt.Eckenf\u00f6rdeM\u00fchlenbergOFH.Schleswigholstein-24.04.2013-5-150x150.jpg\" alt=\"KGSt.Eckenf\u00f6rde,M\u00fchlenberg,OFH.Schleswigholstein, 24.04.2013 (5)\" width=\"150\" height=\"150\" \/><\/a> <a href=\"http:\/\/www.denkfried.de\/wp\/wp-content\/uploads\/2015\/02\/KGSt.Eckenf\u00f6rdeM\u00fchlenbergOFH.Schleswigholstein-24.04.2013-6.jpg\"><img loading=\"lazy\" decoding=\"async\" class=\"aligncenter size-thumbnail wp-image-37387\" src=\"http:\/\/www.denkfried.de\/wp\/wp-content\/uploads\/2015\/02\/KGSt.Eckenf\u00f6rdeM\u00fchlenbergOFH.Schleswigholstein-24.04.2013-6-150x150.jpg\" alt=\"KGSt.Eckenf\u00f6rde,M\u00fchlenberg,OFH.Schleswigholstein, 24.04.2013 (6)\" width=\"150\" height=\"150\" \/><\/a> <a href=\"http:\/\/www.denkfried.de\/wp\/wp-content\/uploads\/2015\/02\/KGSt.Eckenf\u00f6rdeM\u00fchlenbergOFH.Schleswigholstein-24.04.2013-7.jpg\"><img loading=\"lazy\" decoding=\"async\" class=\"aligncenter size-thumbnail wp-image-37388\" src=\"http:\/\/www.denkfried.de\/wp\/wp-content\/uploads\/2015\/02\/KGSt.Eckenf\u00f6rdeM\u00fchlenbergOFH.Schleswigholstein-24.04.2013-7-150x150.jpg\" alt=\"KGSt.Eckenf\u00f6rde,M\u00fchlenberg,OFH.Schleswigholstein, 24.04.2013 (7)\" width=\"150\" height=\"150\" \/><\/a> <a href=\"http:\/\/www.denkfried.de\/wp\/wp-content\/uploads\/2015\/02\/KGSt.Eckenf\u00f6rdeM\u00fchlenbergOFH.Schleswigholstein-24.04.2013-8.jpg\"><img loading=\"lazy\" decoding=\"async\" class=\"aligncenter size-thumbnail wp-image-37389\" src=\"http:\/\/www.denkfried.de\/wp\/wp-content\/uploads\/2015\/02\/KGSt.Eckenf\u00f6rdeM\u00fchlenbergOFH.Schleswigholstein-24.04.2013-8-150x150.jpg\" alt=\"KGSt.Eckenf\u00f6rde,M\u00fchlenberg,OFH.Schleswigholstein, 24.04.2013 (8)\" width=\"150\" height=\"150\" \/><\/a><\/p>\n<p>&nbsp;<\/p>\n","protected":false},"excerpt":{"rendered":"<p>&nbsp; 24340 Eckenf\u00f6rde, M\u00fchlenberg In Eckenf\u00f6rde am Ortsfriedhof am M\u00fchlenberg finden sich in drei Reihen bestattet die Kriegstoten des Zweiten Weltkriegs, ein Grabzeichen fand ich aus dem Ersten Weltkrieg. Die niedrigen Grabzeichen geben den Namen und das Geburts.-Gefallenen Datum wieder. &hellip; <a href=\"http:\/\/www.denkfried.de\/wp\/?page_id=37381\">Weiterlesen <span class=\"meta-nav\">&rarr;<\/span><\/a><\/p>\n","protected":false},"author":7,"featured_media":0,"parent":4088,"menu_order":0,"comment_status":"closed","ping_status":"open","template":"","meta":{"footnotes":""},"class_list":["post-37381","page","type-page","status-publish","hentry"],"_links":{"self":[{"href":"http:\/\/www.denkfried.de\/wp\/index.php?rest_route=\/wp\/v2\/pages\/37381","targetHints":{"allow":["GET"]}}],"collection":[{"href":"http:\/\/www.denkfried.de\/wp\/index.php?rest_route=\/wp\/v2\/pages"}],"about":[{"href":"http:\/\/www.denkfried.de\/wp\/index.php?rest_route=\/wp\/v2\/types\/page"}],"author":[{"embeddable":true,"href":"http:\/\/www.denkfried.de\/wp\/index.php?rest_route=\/wp\/v2\/users\/7"}],"replies":[{"embeddable":true,"href":"http:\/\/www.denkfried.de\/wp\/index.php?rest_route=%2Fwp%2Fv2%2Fcomments&post=37381"}],"version-history":[{"count":1,"href":"http:\/\/www.denkfried.de\/wp\/index.php?rest_route=\/wp\/v2\/pages\/37381\/revisions"}],"predecessor-version":[{"id":37390,"href":"http:\/\/www.denkfried.de\/wp\/index.php?rest_route=\/wp\/v2\/pages\/37381\/revisions\/37390"}],"up":[{"embeddable":true,"href":"http:\/\/www.denkfried.de\/wp\/index.php?rest_route=\/wp\/v2\/pages\/4088"}],"wp:attachment":[{"href":"http:\/\/www.denkfried.de\/wp\/index.php?rest_route=%2Fwp%2Fv2%2Fmedia&parent=37381"}],"curies":[{"name":"wp","href":"https:\/\/api.w.org\/{rel}","templated":true}]}}