{"id":37368,"date":"2015-02-01T17:41:53","date_gmt":"2015-02-01T16:41:53","guid":{"rendered":"http:\/\/www.denkfried.de\/wp\/?page_id=37368"},"modified":"2015-02-01T17:41:53","modified_gmt":"2015-02-01T16:41:53","slug":"detmold-2","status":"publish","type":"page","link":"http:\/\/www.denkfried.de\/wp\/?page_id=37368","title":{"rendered":"Detmold"},"content":{"rendered":"<p>&nbsp;<\/p>\n<p><span style=\"text-decoration: underline;\"><strong>32756 Detmold<\/strong><\/span><\/p>\n<p>Auf dem Ehrenfriedhof an der Blombergerstra\u00dfe in Detmold ist die gr\u00f6\u00dfte Kriegsgr\u00e4berst\u00e4tte der sieben Kriegsgr\u00e4berst\u00e4tten mit insgesammt 348 Toten beider Weltkriegen. Sie wurde bereits 1918 angelegt, wurden hier insgesammt 252 Tote, davon 91 aus dem Ersten Weltkrieg beigesetzt.im vorderen Teil ruhen Soldaten die im Detmolder Lazarett verstarben und sp\u00e4ter hierher \u00fcberf\u00fchrt wurden, an der linken Seite erinnert ein Gedenkstein an 63 Frauen und 9 M\u00e4nner die bei einem Explosionsungl\u00fcck in der Munitionsfabrik &#8222;Lippische Staatsw\u00e4rkst\u00e4tten&#8220; in Detmold am 31.Mai 1917 ums leben kamen. 66 von ihnen ruhen in einem gemeinsamen Grab. Im hinteren Teil finden sich 115 Soldaten bestattet die im Lazarett in Detmold verstorben waren, hinzu kamen die Gr\u00e4ber von 10 ausl\u00e4ndischen Soldaten ( ein Niederl\u00e4nder,zwei Polen, ein Jugoslawe, und sechs Italiener) weitere 30 Bomben -Opfer verschiedener Nationalit\u00e4ten wurden zugebettet. Nach dem Krieg wurden viele ausl\u00e4ndische Tote ausgebettet und in ihre Heimat \u00fcberf\u00fchrt, so die \u00dcberf\u00fchrung der sieben Italiener am 3.Juni 1958 belegt.<\/p>\n<p>Bilder vom 20.04.2013<\/p>\n<p>Gr\u00fc\u00dfe Hubert<\/p>\n<p><a href=\"http:\/\/www.denkfried.de\/wp\/wp-content\/uploads\/2015\/02\/KGSt.Detmold1-2.W.K.-Blombergerstr.-20.04.2013-1.jpg\"><img loading=\"lazy\" decoding=\"async\" class=\"aligncenter size-thumbnail wp-image-37369\" src=\"http:\/\/www.denkfried.de\/wp\/wp-content\/uploads\/2015\/02\/KGSt.Detmold1-2.W.K.-Blombergerstr.-20.04.2013-1-150x150.jpg\" alt=\"KGSt.Detmold,1-2.W.K. Blombergerstr. 20.04.2013 (1)\" width=\"150\" height=\"150\" \/><\/a> <a href=\"http:\/\/www.denkfried.de\/wp\/wp-content\/uploads\/2015\/02\/KGSt.Detmold1-2.W.K.-Blombergerstr.-20.04.2013-2.jpg\"><img loading=\"lazy\" decoding=\"async\" class=\"aligncenter size-thumbnail wp-image-37370\" src=\"http:\/\/www.denkfried.de\/wp\/wp-content\/uploads\/2015\/02\/KGSt.Detmold1-2.W.K.-Blombergerstr.-20.04.2013-2-150x150.jpg\" alt=\"KGSt.Detmold,1-2.W.K. Blombergerstr. 20.04.2013 (2)\" width=\"150\" height=\"150\" \/><\/a> <a href=\"http:\/\/www.denkfried.de\/wp\/wp-content\/uploads\/2015\/02\/KGSt.Detmold1-2.W.K.-Blombergerstr.-20.04.2013-3.jpg\"><img loading=\"lazy\" decoding=\"async\" class=\"aligncenter size-thumbnail wp-image-37371\" src=\"http:\/\/www.denkfried.de\/wp\/wp-content\/uploads\/2015\/02\/KGSt.Detmold1-2.W.K.-Blombergerstr.-20.04.2013-3-150x150.jpg\" alt=\"KGSt.Detmold,1-2.W.K. Blombergerstr. 20.04.2013 (3)\" width=\"150\" height=\"150\" \/><\/a> <a href=\"http:\/\/www.denkfried.de\/wp\/wp-content\/uploads\/2015\/02\/KGSt.Detmold1-2.W.K.-Blombergerstr.-20.04.2013-4.jpg\"><img loading=\"lazy\" decoding=\"async\" class=\"aligncenter size-thumbnail wp-image-37372\" src=\"http:\/\/www.denkfried.de\/wp\/wp-content\/uploads\/2015\/02\/KGSt.Detmold1-2.W.K.-Blombergerstr.-20.04.2013-4-150x150.jpg\" alt=\"KGSt.Detmold,1-2.W.K. Blombergerstr. 20.04.2013 (4)\" width=\"150\" height=\"150\" \/><\/a> <a href=\"http:\/\/www.denkfried.de\/wp\/wp-content\/uploads\/2015\/02\/KGSt.Detmold1-2.W.K.-Blombergerstr.-20.04.2013-5.jpg\"><img loading=\"lazy\" decoding=\"async\" class=\"aligncenter size-thumbnail wp-image-37373\" src=\"http:\/\/www.denkfried.de\/wp\/wp-content\/uploads\/2015\/02\/KGSt.Detmold1-2.W.K.-Blombergerstr.-20.04.2013-5-150x150.jpg\" alt=\"KGSt.Detmold,1-2.W.K. Blombergerstr. 20.04.2013 (5)\" width=\"150\" height=\"150\" \/><\/a> <a href=\"http:\/\/www.denkfried.de\/wp\/wp-content\/uploads\/2015\/02\/KGSt.Detmold1-2.W.K.-Blombergerstr.-20.04.2013-8.jpg\"><img loading=\"lazy\" decoding=\"async\" class=\"aligncenter size-thumbnail wp-image-37374\" src=\"http:\/\/www.denkfried.de\/wp\/wp-content\/uploads\/2015\/02\/KGSt.Detmold1-2.W.K.-Blombergerstr.-20.04.2013-8-150x150.jpg\" alt=\"KGSt.Detmold,1-2.W.K. Blombergerstr. 20.04.2013 (8)\" width=\"150\" height=\"150\" \/><\/a> <a href=\"http:\/\/www.denkfried.de\/wp\/wp-content\/uploads\/2015\/02\/KGSt.Detmold1-2.W.K.-Blombergerstr.-20.04.2013-9.jpg\"><img loading=\"lazy\" decoding=\"async\" class=\"aligncenter size-thumbnail wp-image-37375\" src=\"http:\/\/www.denkfried.de\/wp\/wp-content\/uploads\/2015\/02\/KGSt.Detmold1-2.W.K.-Blombergerstr.-20.04.2013-9-150x150.jpg\" alt=\"KGSt.Detmold,1-2.W.K. Blombergerstr. 20.04.2013 (9)\" width=\"150\" height=\"150\" \/><\/a> <a href=\"http:\/\/www.denkfried.de\/wp\/wp-content\/uploads\/2015\/02\/KGSt.Detmold1-2.W.K.-Blombergerstr.-20.04.2013-10.jpg\"><img loading=\"lazy\" decoding=\"async\" class=\"aligncenter size-thumbnail wp-image-37376\" src=\"http:\/\/www.denkfried.de\/wp\/wp-content\/uploads\/2015\/02\/KGSt.Detmold1-2.W.K.-Blombergerstr.-20.04.2013-10-150x150.jpg\" alt=\"KGSt.Detmold,1-2.W.K. Blombergerstr. 20.04.2013 (10)\" width=\"150\" height=\"150\" \/><\/a> <a href=\"http:\/\/www.denkfried.de\/wp\/wp-content\/uploads\/2015\/02\/KGSt.Detmold1-2.W.K.-Blombergerstr.-20.04.2013-11.jpg\"><img loading=\"lazy\" decoding=\"async\" class=\"aligncenter size-thumbnail wp-image-37377\" src=\"http:\/\/www.denkfried.de\/wp\/wp-content\/uploads\/2015\/02\/KGSt.Detmold1-2.W.K.-Blombergerstr.-20.04.2013-11-150x150.jpg\" alt=\"KGSt.Detmold,1-2.W.K. Blombergerstr. 20.04.2013 (11)\" width=\"150\" height=\"150\" \/><\/a> <a href=\"http:\/\/www.denkfried.de\/wp\/wp-content\/uploads\/2015\/02\/KGSt.Detmold1-2.W.K.-Blombergerstr.-20.04.2013-12.jpg\"><img loading=\"lazy\" decoding=\"async\" class=\"aligncenter size-thumbnail wp-image-37378\" src=\"http:\/\/www.denkfried.de\/wp\/wp-content\/uploads\/2015\/02\/KGSt.Detmold1-2.W.K.-Blombergerstr.-20.04.2013-12-150x150.jpg\" alt=\"KGSt.Detmold,1-2.W.K. Blombergerstr. 20.04.2013 (12)\" width=\"150\" height=\"150\" \/><\/a> <a href=\"http:\/\/www.denkfried.de\/wp\/wp-content\/uploads\/2015\/02\/KGSt.Detmold1-2.W.K.-Blombergerstr.-20.04.2013-18.jpg\"><img loading=\"lazy\" decoding=\"async\" class=\"aligncenter size-thumbnail wp-image-37379\" src=\"http:\/\/www.denkfried.de\/wp\/wp-content\/uploads\/2015\/02\/KGSt.Detmold1-2.W.K.-Blombergerstr.-20.04.2013-18-150x150.jpg\" alt=\"KGSt.Detmold,1-2.W.K. Blombergerstr. 20.04.2013 (18)\" width=\"150\" height=\"150\" \/><\/a><\/p>\n<p>&nbsp;<\/p>\n","protected":false},"excerpt":{"rendered":"<p>&nbsp; 32756 Detmold Auf dem Ehrenfriedhof an der Blombergerstra\u00dfe in Detmold ist die gr\u00f6\u00dfte Kriegsgr\u00e4berst\u00e4tte der sieben Kriegsgr\u00e4berst\u00e4tten mit insgesammt 348 Toten beider Weltkriegen. Sie wurde bereits 1918 angelegt, wurden hier insgesammt 252 Tote, davon 91 aus dem Ersten Weltkrieg &hellip; <a href=\"http:\/\/www.denkfried.de\/wp\/?page_id=37368\">Weiterlesen <span class=\"meta-nav\">&rarr;<\/span><\/a><\/p>\n","protected":false},"author":7,"featured_media":0,"parent":11713,"menu_order":0,"comment_status":"closed","ping_status":"open","template":"","meta":{"footnotes":""},"class_list":["post-37368","page","type-page","status-publish","hentry"],"_links":{"self":[{"href":"http:\/\/www.denkfried.de\/wp\/index.php?rest_route=\/wp\/v2\/pages\/37368","targetHints":{"allow":["GET"]}}],"collection":[{"href":"http:\/\/www.denkfried.de\/wp\/index.php?rest_route=\/wp\/v2\/pages"}],"about":[{"href":"http:\/\/www.denkfried.de\/wp\/index.php?rest_route=\/wp\/v2\/types\/page"}],"author":[{"embeddable":true,"href":"http:\/\/www.denkfried.de\/wp\/index.php?rest_route=\/wp\/v2\/users\/7"}],"replies":[{"embeddable":true,"href":"http:\/\/www.denkfried.de\/wp\/index.php?rest_route=%2Fwp%2Fv2%2Fcomments&post=37368"}],"version-history":[{"count":1,"href":"http:\/\/www.denkfried.de\/wp\/index.php?rest_route=\/wp\/v2\/pages\/37368\/revisions"}],"predecessor-version":[{"id":37380,"href":"http:\/\/www.denkfried.de\/wp\/index.php?rest_route=\/wp\/v2\/pages\/37368\/revisions\/37380"}],"up":[{"embeddable":true,"href":"http:\/\/www.denkfried.de\/wp\/index.php?rest_route=\/wp\/v2\/pages\/11713"}],"wp:attachment":[{"href":"http:\/\/www.denkfried.de\/wp\/index.php?rest_route=%2Fwp%2Fv2%2Fmedia&parent=37368"}],"curies":[{"name":"wp","href":"https:\/\/api.w.org\/{rel}","templated":true}]}}