{"id":37359,"date":"2015-02-01T17:05:16","date_gmt":"2015-02-01T16:05:16","guid":{"rendered":"http:\/\/www.denkfried.de\/wp\/?page_id=37359"},"modified":"2015-02-01T17:05:16","modified_gmt":"2015-02-01T16:05:16","slug":"dassow","status":"publish","type":"page","link":"http:\/\/www.denkfried.de\/wp\/?page_id=37359","title":{"rendered":"Dassow"},"content":{"rendered":"<p>&nbsp;<\/p>\n<p><span style=\"text-decoration: underline;\"><strong>23942 Dassow<\/strong><\/span><\/p>\n<p>Auf demOrtsfriedhof in Dassow an der Teilgartenstra\u00dfe findet sich ein Gr\u00e4berfeld f\u00fcr 63 gefallene Deutsche Soldaten und zivile Kriegstote des Zweiten Weltkriegs von ihnen blieben 11 ohne Namen. Auf dem rechten zweigeteiltem Gr\u00e4berfeld finden sich an einem rechteckigem Gedenkstein 28 Namen der hier zur letzten Ruhe gebetteten, auf dem gegen\u00fcberliegenden ein gleicher Gedenkstein mit 25 Namensnennungen und die angabe der 11 unbekannten Soldaten. Die Gr\u00e4berfelder werden von einer niedrigen Hecke zu allen Seiten begrenzt, ein mit Findlingen gepflasterter Weg f\u00fchrt zu den Gedenksteinen.<\/p>\n<p>Bilder vom 26.04.2013<\/p>\n<p>Gr\u00fc\u00dfe Hubert<\/p>\n<p><a href=\"http:\/\/www.denkfried.de\/wp\/wp-content\/uploads\/2015\/02\/KGSt.DassowOFH.Teilgartenstr.2.W.K.61.Kriegstote11.UKS_.-26.04.2013-1.jpg\"><img loading=\"lazy\" decoding=\"async\" class=\"aligncenter size-thumbnail wp-image-37360\" src=\"http:\/\/www.denkfried.de\/wp\/wp-content\/uploads\/2015\/02\/KGSt.DassowOFH.Teilgartenstr.2.W.K.61.Kriegstote11.UKS_.-26.04.2013-1-150x150.jpg\" alt=\"KGSt.Dassow,OFH.Teilgartenstr.2.W.K.61.Kriegstote,11.UKS. 26.04.2013 (1)\" width=\"150\" height=\"150\" \/><\/a> <a href=\"http:\/\/www.denkfried.de\/wp\/wp-content\/uploads\/2015\/02\/KGSt.DassowOFH.Teilgartenstr.2.W.K.61.Kriegstote11.UKS_.-26.04.2013-2.jpg\"><img loading=\"lazy\" decoding=\"async\" class=\"aligncenter size-thumbnail wp-image-37361\" src=\"http:\/\/www.denkfried.de\/wp\/wp-content\/uploads\/2015\/02\/KGSt.DassowOFH.Teilgartenstr.2.W.K.61.Kriegstote11.UKS_.-26.04.2013-2-150x150.jpg\" alt=\"KGSt.Dassow,OFH.Teilgartenstr.2.W.K.61.Kriegstote,11.UKS. 26.04.2013 (2)\" width=\"150\" height=\"150\" \/><\/a> <a href=\"http:\/\/www.denkfried.de\/wp\/wp-content\/uploads\/2015\/02\/KGSt.DassowOFH.Teilgartenstr.2.W.K.61.Kriegstote11.UKS_.-26.04.2013-3.jpg\"><img loading=\"lazy\" decoding=\"async\" class=\"aligncenter size-thumbnail wp-image-37362\" src=\"http:\/\/www.denkfried.de\/wp\/wp-content\/uploads\/2015\/02\/KGSt.DassowOFH.Teilgartenstr.2.W.K.61.Kriegstote11.UKS_.-26.04.2013-3-150x150.jpg\" alt=\"KGSt.Dassow,OFH.Teilgartenstr.2.W.K.61.Kriegstote,11.UKS. 26.04.2013 (3)\" width=\"150\" height=\"150\" \/><\/a> <a href=\"http:\/\/www.denkfried.de\/wp\/wp-content\/uploads\/2015\/02\/KGSt.DassowOFH.Teilgartenstr.2.W.K.61.Kriegstote11.UKS_.-26.04.2013-4.jpg\"><img loading=\"lazy\" decoding=\"async\" class=\"aligncenter size-thumbnail wp-image-37363\" src=\"http:\/\/www.denkfried.de\/wp\/wp-content\/uploads\/2015\/02\/KGSt.DassowOFH.Teilgartenstr.2.W.K.61.Kriegstote11.UKS_.-26.04.2013-4-150x150.jpg\" alt=\"KGSt.Dassow,OFH.Teilgartenstr.2.W.K.61.Kriegstote,11.UKS. 26.04.2013 (4)\" width=\"150\" height=\"150\" \/><\/a> <a href=\"http:\/\/www.denkfried.de\/wp\/wp-content\/uploads\/2015\/02\/KGSt.DassowOFH.Teilgartenstr.2.W.K.61.Kriegstote11.UKS_.-26.04.2013-5.jpg\"><img loading=\"lazy\" decoding=\"async\" class=\"aligncenter size-thumbnail wp-image-37364\" src=\"http:\/\/www.denkfried.de\/wp\/wp-content\/uploads\/2015\/02\/KGSt.DassowOFH.Teilgartenstr.2.W.K.61.Kriegstote11.UKS_.-26.04.2013-5-150x150.jpg\" alt=\"KGSt.Dassow,OFH.Teilgartenstr.2.W.K.61.Kriegstote,11.UKS. 26.04.2013 (5)\" width=\"150\" height=\"150\" \/><\/a> <a href=\"http:\/\/www.denkfried.de\/wp\/wp-content\/uploads\/2015\/02\/KGSt.DassowOFH.Teilgartenstr.2.W.K.61.Kriegstote11.UKS_.-26.04.2013-6.jpg\"><img loading=\"lazy\" decoding=\"async\" class=\"aligncenter size-thumbnail wp-image-37365\" src=\"http:\/\/www.denkfried.de\/wp\/wp-content\/uploads\/2015\/02\/KGSt.DassowOFH.Teilgartenstr.2.W.K.61.Kriegstote11.UKS_.-26.04.2013-6-150x150.jpg\" alt=\"KGSt.Dassow,OFH.Teilgartenstr.2.W.K.61.Kriegstote,11.UKS. 26.04.2013 (6)\" width=\"150\" height=\"150\" \/><\/a> <a href=\"http:\/\/www.denkfried.de\/wp\/wp-content\/uploads\/2015\/02\/KGSt.DassowOFH.Teilgartenstr.2.W.K.61.Kriegstote11.UKS_.-26.04.2013-7.jpg\"><img loading=\"lazy\" decoding=\"async\" class=\"aligncenter size-thumbnail wp-image-37366\" src=\"http:\/\/www.denkfried.de\/wp\/wp-content\/uploads\/2015\/02\/KGSt.DassowOFH.Teilgartenstr.2.W.K.61.Kriegstote11.UKS_.-26.04.2013-7-150x150.jpg\" alt=\"KGSt.Dassow,OFH.Teilgartenstr.2.W.K.61.Kriegstote,11.UKS. 26.04.2013 (7)\" width=\"150\" height=\"150\" \/><\/a><\/p>\n","protected":false},"excerpt":{"rendered":"<p>&nbsp; 23942 Dassow Auf demOrtsfriedhof in Dassow an der Teilgartenstra\u00dfe findet sich ein Gr\u00e4berfeld f\u00fcr 63 gefallene Deutsche Soldaten und zivile Kriegstote des Zweiten Weltkriegs von ihnen blieben 11 ohne Namen. Auf dem rechten zweigeteiltem Gr\u00e4berfeld finden sich an einem &hellip; <a href=\"http:\/\/www.denkfried.de\/wp\/?page_id=37359\">Weiterlesen <span class=\"meta-nav\">&rarr;<\/span><\/a><\/p>\n","protected":false},"author":7,"featured_media":0,"parent":5823,"menu_order":0,"comment_status":"closed","ping_status":"open","template":"","meta":{"footnotes":""},"class_list":["post-37359","page","type-page","status-publish","hentry"],"_links":{"self":[{"href":"http:\/\/www.denkfried.de\/wp\/index.php?rest_route=\/wp\/v2\/pages\/37359","targetHints":{"allow":["GET"]}}],"collection":[{"href":"http:\/\/www.denkfried.de\/wp\/index.php?rest_route=\/wp\/v2\/pages"}],"about":[{"href":"http:\/\/www.denkfried.de\/wp\/index.php?rest_route=\/wp\/v2\/types\/page"}],"author":[{"embeddable":true,"href":"http:\/\/www.denkfried.de\/wp\/index.php?rest_route=\/wp\/v2\/users\/7"}],"replies":[{"embeddable":true,"href":"http:\/\/www.denkfried.de\/wp\/index.php?rest_route=%2Fwp%2Fv2%2Fcomments&post=37359"}],"version-history":[{"count":1,"href":"http:\/\/www.denkfried.de\/wp\/index.php?rest_route=\/wp\/v2\/pages\/37359\/revisions"}],"predecessor-version":[{"id":37367,"href":"http:\/\/www.denkfried.de\/wp\/index.php?rest_route=\/wp\/v2\/pages\/37359\/revisions\/37367"}],"up":[{"embeddable":true,"href":"http:\/\/www.denkfried.de\/wp\/index.php?rest_route=\/wp\/v2\/pages\/5823"}],"wp:attachment":[{"href":"http:\/\/www.denkfried.de\/wp\/index.php?rest_route=%2Fwp%2Fv2%2Fmedia&parent=37359"}],"curies":[{"name":"wp","href":"https:\/\/api.w.org\/{rel}","templated":true}]}}