{"id":37346,"date":"2015-01-22T19:17:45","date_gmt":"2015-01-22T18:17:45","guid":{"rendered":"http:\/\/www.denkfried.de\/wp\/?page_id=37346"},"modified":"2015-01-22T19:17:45","modified_gmt":"2015-01-22T18:17:45","slug":"carlow","status":"publish","type":"page","link":"http:\/\/www.denkfried.de\/wp\/?page_id=37346","title":{"rendered":"Carlow"},"content":{"rendered":"<p><span style=\"text-decoration: underline;\"><strong>19217 Carlow<\/strong><\/span><\/p>\n<p>Auf dem Ortsfriedhof in Carlow an der Sch\u00f6nbergerstr. findet sich ein schwarzer Marmorstein als Grabzeichen f\u00fcr das gemeinsame Grab f\u00fcr 5 polnische Kinder umgekommen im Zweiten Weltkrieg. Das\u00a0 mit Efeu begr\u00fcnte Einzelgrab macht einen gepflegten Eindruck. Die Inschrift wurde eher neutral gehalten.<\/p>\n<p><strong>Hier ruhen neun Kinder der Volksrepoblick Polen<\/strong><\/p>\n<p>Bilder vom 26.04.2013<\/p>\n<p>Gr\u00fc\u00dfe Hubert<\/p>\n<div id=\"attachment_37347\" style=\"width: 160px\" class=\"wp-caption aligncenter\"><a href=\"http:\/\/www.denkfried.de\/wp\/wp-content\/uploads\/2015\/01\/KGSt.CarlowOFH.Meck_.Pom_.Sch\u00f6nbergerstr.-9.Polen-Kinder-2.W.K.26.04.2013-1.jpg\"><img loading=\"lazy\" decoding=\"async\" aria-describedby=\"caption-attachment-37347\" class=\"size-thumbnail wp-image-37347\" src=\"http:\/\/www.denkfried.de\/wp\/wp-content\/uploads\/2015\/01\/KGSt.CarlowOFH.Meck_.Pom_.Sch\u00f6nbergerstr.-9.Polen-Kinder-2.W.K.26.04.2013-1-150x150.jpg\" alt=\"Einzelgrab OFH-Carlow\" width=\"150\" height=\"150\" \/><\/a><p id=\"caption-attachment-37347\" class=\"wp-caption-text\">Einzelgrab OFH-Carlow<\/p><\/div>\n<p><a href=\"http:\/\/www.denkfried.de\/wp\/wp-content\/uploads\/2015\/01\/KGSt.CarlowOFH.Meck_.Pom_.Sch\u00f6nbergerstr.-9.Polen-Kinder-2.W.K.26.04.2013-2.jpg\"><img loading=\"lazy\" decoding=\"async\" class=\"aligncenter size-thumbnail wp-image-37348\" src=\"http:\/\/www.denkfried.de\/wp\/wp-content\/uploads\/2015\/01\/KGSt.CarlowOFH.Meck_.Pom_.Sch\u00f6nbergerstr.-9.Polen-Kinder-2.W.K.26.04.2013-2-150x150.jpg\" alt=\"KGSt.Carlow,OFH.Meck.Pom.Sch\u00f6nbergerstr. 9.Polen Kinder, 2.W.K.26.04.2013 (2)\" width=\"150\" height=\"150\" \/><\/a> <a href=\"http:\/\/www.denkfried.de\/wp\/wp-content\/uploads\/2015\/01\/KGSt.CarlowOFH.Meck_.Pom_.Sch\u00f6nbergerstr.-9.Polen-Kinder-2.W.K.26.04.2013-3.jpg\"><img loading=\"lazy\" decoding=\"async\" class=\"aligncenter size-thumbnail wp-image-37349\" src=\"http:\/\/www.denkfried.de\/wp\/wp-content\/uploads\/2015\/01\/KGSt.CarlowOFH.Meck_.Pom_.Sch\u00f6nbergerstr.-9.Polen-Kinder-2.W.K.26.04.2013-3-150x150.jpg\" alt=\"KGSt.Carlow,OFH.Meck.Pom.Sch\u00f6nbergerstr. 9.Polen Kinder, 2.W.K.26.04.2013 (3)\" width=\"150\" height=\"150\" \/><\/a><\/p>\n","protected":false},"excerpt":{"rendered":"<p>19217 Carlow Auf dem Ortsfriedhof in Carlow an der Sch\u00f6nbergerstr. findet sich ein schwarzer Marmorstein als Grabzeichen f\u00fcr das gemeinsame Grab f\u00fcr 5 polnische Kinder umgekommen im Zweiten Weltkrieg. Das\u00a0 mit Efeu begr\u00fcnte Einzelgrab macht einen gepflegten Eindruck. Die Inschrift &hellip; <a href=\"http:\/\/www.denkfried.de\/wp\/?page_id=37346\">Weiterlesen <span class=\"meta-nav\">&rarr;<\/span><\/a><\/p>\n","protected":false},"author":7,"featured_media":0,"parent":5823,"menu_order":0,"comment_status":"closed","ping_status":"open","template":"","meta":{"footnotes":""},"class_list":["post-37346","page","type-page","status-publish","hentry"],"_links":{"self":[{"href":"http:\/\/www.denkfried.de\/wp\/index.php?rest_route=\/wp\/v2\/pages\/37346","targetHints":{"allow":["GET"]}}],"collection":[{"href":"http:\/\/www.denkfried.de\/wp\/index.php?rest_route=\/wp\/v2\/pages"}],"about":[{"href":"http:\/\/www.denkfried.de\/wp\/index.php?rest_route=\/wp\/v2\/types\/page"}],"author":[{"embeddable":true,"href":"http:\/\/www.denkfried.de\/wp\/index.php?rest_route=\/wp\/v2\/users\/7"}],"replies":[{"embeddable":true,"href":"http:\/\/www.denkfried.de\/wp\/index.php?rest_route=%2Fwp%2Fv2%2Fcomments&post=37346"}],"version-history":[{"count":1,"href":"http:\/\/www.denkfried.de\/wp\/index.php?rest_route=\/wp\/v2\/pages\/37346\/revisions"}],"predecessor-version":[{"id":37350,"href":"http:\/\/www.denkfried.de\/wp\/index.php?rest_route=\/wp\/v2\/pages\/37346\/revisions\/37350"}],"up":[{"embeddable":true,"href":"http:\/\/www.denkfried.de\/wp\/index.php?rest_route=\/wp\/v2\/pages\/5823"}],"wp:attachment":[{"href":"http:\/\/www.denkfried.de\/wp\/index.php?rest_route=%2Fwp%2Fv2%2Fmedia&parent=37346"}],"curies":[{"name":"wp","href":"https:\/\/api.w.org\/{rel}","templated":true}]}}