{"id":37318,"date":"2015-01-20T19:11:14","date_gmt":"2015-01-20T18:11:14","guid":{"rendered":"http:\/\/www.denkfried.de\/wp\/?page_id=37318"},"modified":"2015-01-20T19:11:14","modified_gmt":"2015-01-20T18:11:14","slug":"gloewen","status":"publish","type":"page","link":"http:\/\/www.denkfried.de\/wp\/?page_id=37318","title":{"rendered":"Gl\u00f6wen"},"content":{"rendered":"<p><span style=\"text-decoration: underline;\"><strong>19339 Gl\u00f6wen<\/strong><\/span><\/p>\n<p>Auf dem Ortsfriedhof Gl\u00f6wen an der Wilsnackerstr. findet sich das Gr\u00e4berfeld f\u00fcr 92 gefallene Deutsche Soldaten des Zweiten Weltkriegs. Die Bodenplatten aus dunklem Marmor kennzeichnen die Einzelgr\u00e4ber der hier zur letzten Ruhe gebetteten Soldaten . Das Gr\u00e4berfeld mit Gras bepflanzt macht einen gepflegten Eindruck. In der oberen Mitte des Gr\u00e4berfeldes steht ein behauener Naturstein mit erhabenen Eisernen Kreuz\u00a0 in dessen Vorderseite eine schwarze Marmortafel mit Inschrift eingelassen wurde.<\/p>\n<p>Bilder vom 27.04.2013<\/p>\n<p>Gr\u00fc\u00dfe Hubert<\/p>\n<p><a href=\"http:\/\/www.denkfried.de\/wp\/wp-content\/uploads\/2015\/01\/Kgst.BrandenburgGl\u00f6wen-Sachs.Anh_.OFH_.2.W.K.92-deutsch.27.04-1.jpg\"><img loading=\"lazy\" decoding=\"async\" class=\"aligncenter size-medium wp-image-37319\" src=\"http:\/\/www.denkfried.de\/wp\/wp-content\/uploads\/2015\/01\/Kgst.BrandenburgGl\u00f6wen-Sachs.Anh_.OFH_.2.W.K.92-deutsch.27.04-1-300x199.jpg\" alt=\"Kgst.Brandenburg,Gl\u00f6wen-Sachs.Anh.OFH.2.W.K.92-deutsch.27.04 (1)\" width=\"300\" height=\"199\" srcset=\"http:\/\/www.denkfried.de\/wp\/wp-content\/uploads\/2015\/01\/Kgst.BrandenburgGl\u00f6wen-Sachs.Anh_.OFH_.2.W.K.92-deutsch.27.04-1-300x199.jpg 300w, http:\/\/www.denkfried.de\/wp\/wp-content\/uploads\/2015\/01\/Kgst.BrandenburgGl\u00f6wen-Sachs.Anh_.OFH_.2.W.K.92-deutsch.27.04-1.jpg 720w\" sizes=\"auto, (max-width: 300px) 100vw, 300px\" \/><\/a> <a href=\"http:\/\/www.denkfried.de\/wp\/wp-content\/uploads\/2015\/01\/Kgst.BrandenburgGl\u00f6wen-Sachs.Anh_.OFH_.2.W.K.92-deutsch.27.04-2.jpg\"><img loading=\"lazy\" decoding=\"async\" class=\"aligncenter size-medium wp-image-37320\" src=\"http:\/\/www.denkfried.de\/wp\/wp-content\/uploads\/2015\/01\/Kgst.BrandenburgGl\u00f6wen-Sachs.Anh_.OFH_.2.W.K.92-deutsch.27.04-2-300x199.jpg\" alt=\"Kgst.Brandenburg,Gl\u00f6wen-Sachs.Anh.OFH.2.W.K.92-deutsch.27.04 (2)\" width=\"300\" height=\"199\" srcset=\"http:\/\/www.denkfried.de\/wp\/wp-content\/uploads\/2015\/01\/Kgst.BrandenburgGl\u00f6wen-Sachs.Anh_.OFH_.2.W.K.92-deutsch.27.04-2-300x199.jpg 300w, http:\/\/www.denkfried.de\/wp\/wp-content\/uploads\/2015\/01\/Kgst.BrandenburgGl\u00f6wen-Sachs.Anh_.OFH_.2.W.K.92-deutsch.27.04-2.jpg 720w\" sizes=\"auto, (max-width: 300px) 100vw, 300px\" \/><\/a> <a href=\"http:\/\/www.denkfried.de\/wp\/wp-content\/uploads\/2015\/01\/Kgst.BrandenburgGl\u00f6wen-Sachs.Anh_.OFH_.2.W.K.92-deutsch.27.04-3.jpg\"><img loading=\"lazy\" decoding=\"async\" class=\"aligncenter size-medium wp-image-37321\" src=\"http:\/\/www.denkfried.de\/wp\/wp-content\/uploads\/2015\/01\/Kgst.BrandenburgGl\u00f6wen-Sachs.Anh_.OFH_.2.W.K.92-deutsch.27.04-3-199x300.jpg\" alt=\"Kgst.Brandenburg,Gl\u00f6wen-Sachs.Anh.OFH.2.W.K.92-deutsch.27.04 (3)\" width=\"199\" height=\"300\" srcset=\"http:\/\/www.denkfried.de\/wp\/wp-content\/uploads\/2015\/01\/Kgst.BrandenburgGl\u00f6wen-Sachs.Anh_.OFH_.2.W.K.92-deutsch.27.04-3-199x300.jpg 199w, http:\/\/www.denkfried.de\/wp\/wp-content\/uploads\/2015\/01\/Kgst.BrandenburgGl\u00f6wen-Sachs.Anh_.OFH_.2.W.K.92-deutsch.27.04-3.jpg 478w\" sizes=\"auto, (max-width: 199px) 100vw, 199px\" \/><\/a> <a href=\"http:\/\/www.denkfried.de\/wp\/wp-content\/uploads\/2015\/01\/Kgst.BrandenburgGl\u00f6wen-Sachs.Anh_.OFH_.2.W.K.92-deutsch.27.04-4.jpg\"><img loading=\"lazy\" decoding=\"async\" class=\"aligncenter size-medium wp-image-37322\" src=\"http:\/\/www.denkfried.de\/wp\/wp-content\/uploads\/2015\/01\/Kgst.BrandenburgGl\u00f6wen-Sachs.Anh_.OFH_.2.W.K.92-deutsch.27.04-4-300x199.jpg\" alt=\"Kgst.Brandenburg,Gl\u00f6wen-Sachs.Anh.OFH.2.W.K.92-deutsch.27.04 (4)\" width=\"300\" height=\"199\" srcset=\"http:\/\/www.denkfried.de\/wp\/wp-content\/uploads\/2015\/01\/Kgst.BrandenburgGl\u00f6wen-Sachs.Anh_.OFH_.2.W.K.92-deutsch.27.04-4-300x199.jpg 300w, http:\/\/www.denkfried.de\/wp\/wp-content\/uploads\/2015\/01\/Kgst.BrandenburgGl\u00f6wen-Sachs.Anh_.OFH_.2.W.K.92-deutsch.27.04-4.jpg 720w\" sizes=\"auto, (max-width: 300px) 100vw, 300px\" \/><\/a> <a href=\"http:\/\/www.denkfried.de\/wp\/wp-content\/uploads\/2015\/01\/Kgst.BrandenburgGl\u00f6wen-Sachs.Anh_.OFH_.2.W.K.92-deutsch.27.04-5.jpg\"><img loading=\"lazy\" decoding=\"async\" class=\"aligncenter size-medium wp-image-37323\" src=\"http:\/\/www.denkfried.de\/wp\/wp-content\/uploads\/2015\/01\/Kgst.BrandenburgGl\u00f6wen-Sachs.Anh_.OFH_.2.W.K.92-deutsch.27.04-5-300x199.jpg\" alt=\"Kgst.Brandenburg,Gl\u00f6wen-Sachs.Anh.OFH.2.W.K.92-deutsch.27.04 (5)\" width=\"300\" height=\"199\" srcset=\"http:\/\/www.denkfried.de\/wp\/wp-content\/uploads\/2015\/01\/Kgst.BrandenburgGl\u00f6wen-Sachs.Anh_.OFH_.2.W.K.92-deutsch.27.04-5-300x199.jpg 300w, http:\/\/www.denkfried.de\/wp\/wp-content\/uploads\/2015\/01\/Kgst.BrandenburgGl\u00f6wen-Sachs.Anh_.OFH_.2.W.K.92-deutsch.27.04-5.jpg 720w\" sizes=\"auto, (max-width: 300px) 100vw, 300px\" \/><\/a> <a href=\"http:\/\/www.denkfried.de\/wp\/wp-content\/uploads\/2015\/01\/Kgst.BrandenburgGl\u00f6wen-Sachs.Anh_.OFH_.2.W.K.92-deutsch.27.04-6.jpg\"><img loading=\"lazy\" decoding=\"async\" class=\"aligncenter size-medium wp-image-37324\" src=\"http:\/\/www.denkfried.de\/wp\/wp-content\/uploads\/2015\/01\/Kgst.BrandenburgGl\u00f6wen-Sachs.Anh_.OFH_.2.W.K.92-deutsch.27.04-6-199x300.jpg\" alt=\"Kgst.Brandenburg,Gl\u00f6wen-Sachs.Anh.OFH.2.W.K.92-deutsch.27.04 (6)\" width=\"199\" height=\"300\" srcset=\"http:\/\/www.denkfried.de\/wp\/wp-content\/uploads\/2015\/01\/Kgst.BrandenburgGl\u00f6wen-Sachs.Anh_.OFH_.2.W.K.92-deutsch.27.04-6-199x300.jpg 199w, http:\/\/www.denkfried.de\/wp\/wp-content\/uploads\/2015\/01\/Kgst.BrandenburgGl\u00f6wen-Sachs.Anh_.OFH_.2.W.K.92-deutsch.27.04-6.jpg 478w\" sizes=\"auto, (max-width: 199px) 100vw, 199px\" \/><\/a> <a href=\"http:\/\/www.denkfried.de\/wp\/wp-content\/uploads\/2015\/01\/Kgst.BrandenburgGl\u00f6wen-Sachs.Anh_.OFH_.2.W.K.92-deutsch.27.04-7.jpg\"><img loading=\"lazy\" decoding=\"async\" class=\"aligncenter size-medium wp-image-37325\" src=\"http:\/\/www.denkfried.de\/wp\/wp-content\/uploads\/2015\/01\/Kgst.BrandenburgGl\u00f6wen-Sachs.Anh_.OFH_.2.W.K.92-deutsch.27.04-7-300x199.jpg\" alt=\"Kgst.Brandenburg,Gl\u00f6wen-Sachs.Anh.OFH.2.W.K.92-deutsch.27.04 (7)\" width=\"300\" height=\"199\" srcset=\"http:\/\/www.denkfried.de\/wp\/wp-content\/uploads\/2015\/01\/Kgst.BrandenburgGl\u00f6wen-Sachs.Anh_.OFH_.2.W.K.92-deutsch.27.04-7-300x199.jpg 300w, http:\/\/www.denkfried.de\/wp\/wp-content\/uploads\/2015\/01\/Kgst.BrandenburgGl\u00f6wen-Sachs.Anh_.OFH_.2.W.K.92-deutsch.27.04-7.jpg 720w\" sizes=\"auto, (max-width: 300px) 100vw, 300px\" \/><\/a> <a href=\"http:\/\/www.denkfried.de\/wp\/wp-content\/uploads\/2015\/01\/Kgst.BrandenburgGl\u00f6wen-Sachs.Anh_.OFH_.2.W.K.92-deutsch.27.04-8.jpg\"><img loading=\"lazy\" decoding=\"async\" class=\"aligncenter size-medium wp-image-37326\" src=\"http:\/\/www.denkfried.de\/wp\/wp-content\/uploads\/2015\/01\/Kgst.BrandenburgGl\u00f6wen-Sachs.Anh_.OFH_.2.W.K.92-deutsch.27.04-8-300x199.jpg\" alt=\"Kgst.Brandenburg,Gl\u00f6wen-Sachs.Anh.OFH.2.W.K.92-deutsch.27.04 (8)\" width=\"300\" height=\"199\" srcset=\"http:\/\/www.denkfried.de\/wp\/wp-content\/uploads\/2015\/01\/Kgst.BrandenburgGl\u00f6wen-Sachs.Anh_.OFH_.2.W.K.92-deutsch.27.04-8-300x199.jpg 300w, http:\/\/www.denkfried.de\/wp\/wp-content\/uploads\/2015\/01\/Kgst.BrandenburgGl\u00f6wen-Sachs.Anh_.OFH_.2.W.K.92-deutsch.27.04-8.jpg 720w\" sizes=\"auto, (max-width: 300px) 100vw, 300px\" \/><\/a> <a href=\"http:\/\/www.denkfried.de\/wp\/wp-content\/uploads\/2015\/01\/Kgst.BrandenburgGl\u00f6wen-Sachs.Anh_.OFH_.2.W.K.92-deutsch.27.04-9.jpg\"><img loading=\"lazy\" decoding=\"async\" class=\"aligncenter size-medium wp-image-37327\" src=\"http:\/\/www.denkfried.de\/wp\/wp-content\/uploads\/2015\/01\/Kgst.BrandenburgGl\u00f6wen-Sachs.Anh_.OFH_.2.W.K.92-deutsch.27.04-9-300x199.jpg\" alt=\"Kgst.Brandenburg,Gl\u00f6wen-Sachs.Anh.OFH.2.W.K.92-deutsch.27.04 (9)\" width=\"300\" height=\"199\" srcset=\"http:\/\/www.denkfried.de\/wp\/wp-content\/uploads\/2015\/01\/Kgst.BrandenburgGl\u00f6wen-Sachs.Anh_.OFH_.2.W.K.92-deutsch.27.04-9-300x199.jpg 300w, http:\/\/www.denkfried.de\/wp\/wp-content\/uploads\/2015\/01\/Kgst.BrandenburgGl\u00f6wen-Sachs.Anh_.OFH_.2.W.K.92-deutsch.27.04-9.jpg 720w\" sizes=\"auto, (max-width: 300px) 100vw, 300px\" \/><\/a> <a href=\"http:\/\/www.denkfried.de\/wp\/wp-content\/uploads\/2015\/01\/Kgst.BrandenburgGl\u00f6wen-Sachs.Anh_.OFH_.2.W.K.92-deutsch.27.04-11.jpg\"><img loading=\"lazy\" decoding=\"async\" class=\"aligncenter size-medium wp-image-37328\" src=\"http:\/\/www.denkfried.de\/wp\/wp-content\/uploads\/2015\/01\/Kgst.BrandenburgGl\u00f6wen-Sachs.Anh_.OFH_.2.W.K.92-deutsch.27.04-11-300x199.jpg\" alt=\"Kgst.Brandenburg,Gl\u00f6wen-Sachs.Anh.OFH.2.W.K.92-deutsch.27.04 (11)\" width=\"300\" height=\"199\" srcset=\"http:\/\/www.denkfried.de\/wp\/wp-content\/uploads\/2015\/01\/Kgst.BrandenburgGl\u00f6wen-Sachs.Anh_.OFH_.2.W.K.92-deutsch.27.04-11-300x199.jpg 300w, http:\/\/www.denkfried.de\/wp\/wp-content\/uploads\/2015\/01\/Kgst.BrandenburgGl\u00f6wen-Sachs.Anh_.OFH_.2.W.K.92-deutsch.27.04-11.jpg 720w\" sizes=\"auto, (max-width: 300px) 100vw, 300px\" \/><\/a><\/p>\n","protected":false},"excerpt":{"rendered":"<p>19339 Gl\u00f6wen Auf dem Ortsfriedhof Gl\u00f6wen an der Wilsnackerstr. findet sich das Gr\u00e4berfeld f\u00fcr 92 gefallene Deutsche Soldaten des Zweiten Weltkriegs. Die Bodenplatten aus dunklem Marmor kennzeichnen die Einzelgr\u00e4ber der hier zur letzten Ruhe gebetteten Soldaten . Das Gr\u00e4berfeld mit &hellip; <a href=\"http:\/\/www.denkfried.de\/wp\/?page_id=37318\">Weiterlesen <span class=\"meta-nav\">&rarr;<\/span><\/a><\/p>\n","protected":false},"author":7,"featured_media":0,"parent":4939,"menu_order":0,"comment_status":"closed","ping_status":"open","template":"","meta":{"footnotes":""},"class_list":["post-37318","page","type-page","status-publish","hentry"],"_links":{"self":[{"href":"http:\/\/www.denkfried.de\/wp\/index.php?rest_route=\/wp\/v2\/pages\/37318","targetHints":{"allow":["GET"]}}],"collection":[{"href":"http:\/\/www.denkfried.de\/wp\/index.php?rest_route=\/wp\/v2\/pages"}],"about":[{"href":"http:\/\/www.denkfried.de\/wp\/index.php?rest_route=\/wp\/v2\/types\/page"}],"author":[{"embeddable":true,"href":"http:\/\/www.denkfried.de\/wp\/index.php?rest_route=\/wp\/v2\/users\/7"}],"replies":[{"embeddable":true,"href":"http:\/\/www.denkfried.de\/wp\/index.php?rest_route=%2Fwp%2Fv2%2Fcomments&post=37318"}],"version-history":[{"count":1,"href":"http:\/\/www.denkfried.de\/wp\/index.php?rest_route=\/wp\/v2\/pages\/37318\/revisions"}],"predecessor-version":[{"id":37329,"href":"http:\/\/www.denkfried.de\/wp\/index.php?rest_route=\/wp\/v2\/pages\/37318\/revisions\/37329"}],"up":[{"embeddable":true,"href":"http:\/\/www.denkfried.de\/wp\/index.php?rest_route=\/wp\/v2\/pages\/4939"}],"wp:attachment":[{"href":"http:\/\/www.denkfried.de\/wp\/index.php?rest_route=%2Fwp%2Fv2%2Fmedia&parent=37318"}],"curies":[{"name":"wp","href":"https:\/\/api.w.org\/{rel}","templated":true}]}}