{"id":37315,"date":"2015-01-18T20:24:46","date_gmt":"2015-01-18T19:24:46","guid":{"rendered":"http:\/\/www.denkfried.de\/wp\/?page_id=37315"},"modified":"2015-01-18T20:24:46","modified_gmt":"2015-01-18T19:24:46","slug":"boessow","status":"publish","type":"page","link":"http:\/\/www.denkfried.de\/wp\/?page_id=37315","title":{"rendered":"B\u00f6ssow"},"content":{"rendered":"<p><span style=\"text-decoration: underline;\"><strong>23936 B\u00f6ssow<\/strong><\/span><\/p>\n<p>Laut unserem Kriegsgr\u00e4berverzeichnis m\u00fcsste sich auf dem Ortsfriedhof in B\u00f6ssow\u00a0 ein Kriegsgrab befinden, nach Besuch des Friedhofs fanden wir kein Kriegsgrab , deshalb nur ein Foto der Ansicht vom Eingang zum Friedhof. Eventuell wurde das Grab umgebettet.<\/p>\n<p>Foto vom 26.04.2013<\/p>\n<p>&nbsp;<\/p>\n<p>Gr\u00fc\u00dfe Hubert<\/p>\n<p><a href=\"http:\/\/www.denkfried.de\/wp\/wp-content\/uploads\/2015\/01\/KGSt.B\u00f6ssowMeck.Pom_.2.W.K.-kein-Grab26.04.2013.jpg\"><img loading=\"lazy\" decoding=\"async\" class=\"aligncenter size-medium wp-image-37316\" src=\"http:\/\/www.denkfried.de\/wp\/wp-content\/uploads\/2015\/01\/KGSt.B\u00f6ssowMeck.Pom_.2.W.K.-kein-Grab26.04.2013-300x199.jpg\" alt=\"KGSt.B\u00f6ssow,Meck.Pom.2.W.K. kein Grab,26.04.2013\" width=\"300\" height=\"199\" srcset=\"http:\/\/www.denkfried.de\/wp\/wp-content\/uploads\/2015\/01\/KGSt.B\u00f6ssowMeck.Pom_.2.W.K.-kein-Grab26.04.2013-300x199.jpg 300w, http:\/\/www.denkfried.de\/wp\/wp-content\/uploads\/2015\/01\/KGSt.B\u00f6ssowMeck.Pom_.2.W.K.-kein-Grab26.04.2013.jpg 720w\" sizes=\"auto, (max-width: 300px) 100vw, 300px\" \/><\/a><\/p>\n","protected":false},"excerpt":{"rendered":"<p>23936 B\u00f6ssow Laut unserem Kriegsgr\u00e4berverzeichnis m\u00fcsste sich auf dem Ortsfriedhof in B\u00f6ssow\u00a0 ein Kriegsgrab befinden, nach Besuch des Friedhofs fanden wir kein Kriegsgrab , deshalb nur ein Foto der Ansicht vom Eingang zum Friedhof. Eventuell wurde das Grab umgebettet. Foto &hellip; <a href=\"http:\/\/www.denkfried.de\/wp\/?page_id=37315\">Weiterlesen <span class=\"meta-nav\">&rarr;<\/span><\/a><\/p>\n","protected":false},"author":7,"featured_media":0,"parent":5823,"menu_order":0,"comment_status":"closed","ping_status":"open","template":"","meta":{"footnotes":""},"class_list":["post-37315","page","type-page","status-publish","hentry"],"_links":{"self":[{"href":"http:\/\/www.denkfried.de\/wp\/index.php?rest_route=\/wp\/v2\/pages\/37315","targetHints":{"allow":["GET"]}}],"collection":[{"href":"http:\/\/www.denkfried.de\/wp\/index.php?rest_route=\/wp\/v2\/pages"}],"about":[{"href":"http:\/\/www.denkfried.de\/wp\/index.php?rest_route=\/wp\/v2\/types\/page"}],"author":[{"embeddable":true,"href":"http:\/\/www.denkfried.de\/wp\/index.php?rest_route=\/wp\/v2\/users\/7"}],"replies":[{"embeddable":true,"href":"http:\/\/www.denkfried.de\/wp\/index.php?rest_route=%2Fwp%2Fv2%2Fcomments&post=37315"}],"version-history":[{"count":1,"href":"http:\/\/www.denkfried.de\/wp\/index.php?rest_route=\/wp\/v2\/pages\/37315\/revisions"}],"predecessor-version":[{"id":37317,"href":"http:\/\/www.denkfried.de\/wp\/index.php?rest_route=\/wp\/v2\/pages\/37315\/revisions\/37317"}],"up":[{"embeddable":true,"href":"http:\/\/www.denkfried.de\/wp\/index.php?rest_route=\/wp\/v2\/pages\/5823"}],"wp:attachment":[{"href":"http:\/\/www.denkfried.de\/wp\/index.php?rest_route=%2Fwp%2Fv2%2Fmedia&parent=37315"}],"curies":[{"name":"wp","href":"https:\/\/api.w.org\/{rel}","templated":true}]}}