{"id":37287,"date":"2015-01-18T18:49:42","date_gmt":"2015-01-18T17:49:42","guid":{"rendered":"http:\/\/www.denkfried.de\/wp\/?page_id=37287"},"modified":"2015-10-25T20:03:32","modified_gmt":"2015-10-25T19:03:32","slug":"32832-augustdorf","status":"publish","type":"page","link":"http:\/\/www.denkfried.de\/wp\/?page_id=37287","title":{"rendered":"32832 Augustdorf"},"content":{"rendered":"<p>&nbsp;<\/p>\n<p><span style=\"text-decoration: underline;\"><strong>32832 Augustdorf<\/strong><\/span><\/p>\n<p>Auf dem Waldfriedhof Augustdorf in der D\u00f6renschlucht findet sich das gemeinsame Gr\u00e4berfeld f\u00fcr 31 gefallene deutsche Soldaten von denen 6 ohne Namen blieben. Ein Hochkreuz mit Inschrift wurde am Ende des Gr\u00e4befeldes errichtet.Natursteinkreuze kennzeichnen die Gr\u00e4ber von jeweils zwei Gefallenen. Die Inschrift auf dem Hochkreuz:<\/p>\n<p><strong>WANDERER VERWEILE UND SIEH UNSERE GR\u00c4BER UND LASS DICH MAHNEN TUE DAS DEINE ZUR WAHRUNG DES FRIEDENS!<\/strong><\/p>\n<p>Gr\u00fc\u00dfe Hubert<\/p>\n<p>Bilder vom 20.04.2013<\/p>\n<div id='gallery-1' class='gallery galleryid-37287 gallery-columns-3 gallery-size-thumbnail'><dl class='gallery-item'>\n\t\t\t<dt class='gallery-icon landscape'>\n\t\t\t\t<a href='http:\/\/www.denkfried.de\/wp\/?attachment_id=39295'><img loading=\"lazy\" decoding=\"async\" width=\"150\" height=\"150\" src=\"http:\/\/www.denkfried.de\/wp\/wp-content\/uploads\/2015\/01\/KGSt.Augustdorf-NRW-deutsch-20.04.2013-7-300x1991-150x150.jpg\" class=\"attachment-thumbnail size-thumbnail\" alt=\"\" \/><\/a>\n\t\t\t<\/dt><\/dl><dl class='gallery-item'>\n\t\t\t<dt class='gallery-icon landscape'>\n\t\t\t\t<a href='http:\/\/www.denkfried.de\/wp\/?attachment_id=39298'><img loading=\"lazy\" decoding=\"async\" width=\"150\" height=\"150\" src=\"http:\/\/www.denkfried.de\/wp\/wp-content\/uploads\/2015\/01\/KGSt.Augustdorf-NRW-deutsch-20.04.2013-12-300x1991-150x150.jpg\" class=\"attachment-thumbnail size-thumbnail\" alt=\"\" \/><\/a>\n\t\t\t<\/dt><\/dl><dl class='gallery-item'>\n\t\t\t<dt class='gallery-icon landscape'>\n\t\t\t\t<a href='http:\/\/www.denkfried.de\/wp\/?attachment_id=39294'><img loading=\"lazy\" decoding=\"async\" width=\"150\" height=\"150\" src=\"http:\/\/www.denkfried.de\/wp\/wp-content\/uploads\/2015\/01\/KGSt.Augustdorf-NRW-deutsch-20.04.2013-11-300x1991-150x150.jpg\" class=\"attachment-thumbnail size-thumbnail\" alt=\"\" \/><\/a>\n\t\t\t<\/dt><\/dl><br style=\"clear: both\" \/><dl class='gallery-item'>\n\t\t\t<dt class='gallery-icon landscape'>\n\t\t\t\t<a href='http:\/\/www.denkfried.de\/wp\/?attachment_id=39293'><img loading=\"lazy\" decoding=\"async\" width=\"150\" height=\"150\" src=\"http:\/\/www.denkfried.de\/wp\/wp-content\/uploads\/2015\/01\/KGSt.Augustdorf-NRW-deutsch-20.04.2013-9-300x1991-150x150.jpg\" class=\"attachment-thumbnail size-thumbnail\" alt=\"\" \/><\/a>\n\t\t\t<\/dt><\/dl><dl class='gallery-item'>\n\t\t\t<dt class='gallery-icon landscape'>\n\t\t\t\t<a href='http:\/\/www.denkfried.de\/wp\/?attachment_id=39296'><img loading=\"lazy\" decoding=\"async\" width=\"150\" height=\"150\" src=\"http:\/\/www.denkfried.de\/wp\/wp-content\/uploads\/2015\/01\/KGSt.Augustdorf-NRW-deutsch-20.04.2013-8-150x150.jpg\" class=\"attachment-thumbnail size-thumbnail\" alt=\"\" \/><\/a>\n\t\t\t<\/dt><\/dl><dl class='gallery-item'>\n\t\t\t<dt class='gallery-icon landscape'>\n\t\t\t\t<a href='http:\/\/www.denkfried.de\/wp\/?attachment_id=39297'><img loading=\"lazy\" decoding=\"async\" width=\"150\" height=\"150\" src=\"http:\/\/www.denkfried.de\/wp\/wp-content\/uploads\/2015\/01\/KGSt.Augustdorf-NRW-deutsch-20.04.2013-13-300x1991-150x150.jpg\" class=\"attachment-thumbnail size-thumbnail\" alt=\"\" \/><\/a>\n\t\t\t<\/dt><\/dl><br style=\"clear: both\" \/>\n\t\t<\/div>\n\n<p>&nbsp;<\/p>\n","protected":false},"excerpt":{"rendered":"<p>&nbsp; 32832 Augustdorf Auf dem Waldfriedhof Augustdorf in der D\u00f6renschlucht findet sich das gemeinsame Gr\u00e4berfeld f\u00fcr 31 gefallene deutsche Soldaten von denen 6 ohne Namen blieben. Ein Hochkreuz mit Inschrift wurde am Ende des Gr\u00e4befeldes errichtet.Natursteinkreuze kennzeichnen die Gr\u00e4ber von &hellip; <a href=\"http:\/\/www.denkfried.de\/wp\/?page_id=37287\">Weiterlesen <span class=\"meta-nav\">&rarr;<\/span><\/a><\/p>\n","protected":false},"author":7,"featured_media":0,"parent":11713,"menu_order":0,"comment_status":"closed","ping_status":"open","template":"","meta":{"footnotes":""},"class_list":["post-37287","page","type-page","status-publish","hentry"],"_links":{"self":[{"href":"http:\/\/www.denkfried.de\/wp\/index.php?rest_route=\/wp\/v2\/pages\/37287","targetHints":{"allow":["GET"]}}],"collection":[{"href":"http:\/\/www.denkfried.de\/wp\/index.php?rest_route=\/wp\/v2\/pages"}],"about":[{"href":"http:\/\/www.denkfried.de\/wp\/index.php?rest_route=\/wp\/v2\/types\/page"}],"author":[{"embeddable":true,"href":"http:\/\/www.denkfried.de\/wp\/index.php?rest_route=\/wp\/v2\/users\/7"}],"replies":[{"embeddable":true,"href":"http:\/\/www.denkfried.de\/wp\/index.php?rest_route=%2Fwp%2Fv2%2Fcomments&post=37287"}],"version-history":[{"count":3,"href":"http:\/\/www.denkfried.de\/wp\/index.php?rest_route=\/wp\/v2\/pages\/37287\/revisions"}],"predecessor-version":[{"id":39299,"href":"http:\/\/www.denkfried.de\/wp\/index.php?rest_route=\/wp\/v2\/pages\/37287\/revisions\/39299"}],"up":[{"embeddable":true,"href":"http:\/\/www.denkfried.de\/wp\/index.php?rest_route=\/wp\/v2\/pages\/11713"}],"wp:attachment":[{"href":"http:\/\/www.denkfried.de\/wp\/index.php?rest_route=%2Fwp%2Fv2%2Fmedia&parent=37287"}],"curies":[{"name":"wp","href":"https:\/\/api.w.org\/{rel}","templated":true}]}}