{"id":37064,"date":"2014-12-05T21:04:40","date_gmt":"2014-12-05T20:04:40","guid":{"rendered":"http:\/\/www.denkfried.de\/wp\/?page_id=37064"},"modified":"2014-12-06T11:35:46","modified_gmt":"2014-12-06T10:35:46","slug":"saalfeld-rudolstadt","status":"publish","type":"page","link":"http:\/\/www.denkfried.de\/wp\/?page_id=37064","title":{"rendered":"LK Saalfeld-Rudolstadt"},"content":{"rendered":"<p>&nbsp;<\/p>\n<p><strong>Landkreis\u00a0Saalfeld-Rudolstadt<\/strong><\/p>\n<p><span style=\"text-decoration: underline;\"><strong>St\u00e4dte:<\/strong><\/span><\/p>\n<ul>\n<li>Bad Blankenburg<\/li>\n<li>K\u00f6nigsee-Rottenbach<\/li>\n<li>Leutenberg<\/li>\n<li>Remda-Teichel<\/li>\n<li><a href=\"http:\/\/www.denkfried.de\/wp\/?page_id=37110\">Rudolstadt<\/a><\/li>\n<li>Saalfeld\/Saale<\/li>\n<\/ul>\n<p><span style=\"text-decoration: underline;\"><strong>Gemeinden:<\/strong><\/span><\/p>\n<ul>\n<li>Kamsdorf<\/li>\n<li>Kaulsdorf, erf\u00fcllende Gemeinde auch f\u00fcr\n<ol>\n<li>Altenbeuthen<\/li>\n<li>Drognitz<\/li>\n<li>Hohenwarte<\/li>\n<\/ol>\n<\/li>\n<li>Saalfelder H\u00f6he<\/li>\n<li>Uhlst\u00e4dt-Kirchhasel<\/li>\n<li>Unterwellenborn<\/li>\n<\/ul>\n<p><span style=\"text-decoration: underline;\"><strong>Verwaltungsgemeinschaften:<\/strong><\/span><\/p>\n<ul>\n<li><b>Bergbahnregion\/Schwarzatal<\/b><\/li>\n<li>Cursdorf<\/li>\n<li>Deesbach<\/li>\n<li>Katzh\u00fctte<\/li>\n<li>Meuselbach-Schwarzm\u00fchle<\/li>\n<li>Oberwei\u00dfbach\/Th\u00fcr. Wald, Stadt<\/li>\n<\/ul>\n<ul>\n<li><b>Lichtetal am Rennsteig<\/b><\/li>\n<li>Lichte<\/li>\n<li>Piesau<\/li>\n<li>Reichmannsdorf<\/li>\n<li>Schmiedefeld (Lichtetal)<\/li>\n<\/ul>\n<ul>\n<li><b>Mittleres Schwarzatal<\/b><\/li>\n<li><a href=\"http:\/\/www.denkfried.de\/wp\/?page_id=37089\">Allendorf (Th\u00fcringen)<\/a><\/li>\n<li>Bechstedt<\/li>\n<li>D\u00f6schnitz<\/li>\n<li>Dr\u00f6bischau<\/li>\n<li>Mellenbach-Glasbach<\/li>\n<li>Meura<\/li>\n<li><a href=\"http:\/\/www.denkfried.de\/wp\/?page_id=37074\">Oberhain<\/a><\/li>\n<li>Rohrbach (bei Saalfeld)<\/li>\n<li>Schwarzburg<\/li>\n<li>Sitzendorf (Th\u00fcringen)<\/li>\n<li>Unterwei\u00dfbach<\/li>\n<li>Wittgendorf (Th\u00fcringen<\/li>\n<\/ul>\n<ul>\n<li><b>Schiefergebirge<\/b><\/li>\n<li>Gr\u00e4fenthal, Stadt<\/li>\n<li>Lehesten, Stadt<\/li>\n<li>Probstzella<\/li>\n<\/ul>\n","protected":false},"excerpt":{"rendered":"<p>&nbsp; Landkreis\u00a0Saalfeld-Rudolstadt St\u00e4dte: Bad Blankenburg K\u00f6nigsee-Rottenbach Leutenberg Remda-Teichel Rudolstadt Saalfeld\/Saale Gemeinden: Kamsdorf Kaulsdorf, erf\u00fcllende Gemeinde auch f\u00fcr Altenbeuthen Drognitz Hohenwarte Saalfelder H\u00f6he Uhlst\u00e4dt-Kirchhasel Unterwellenborn Verwaltungsgemeinschaften: Bergbahnregion\/Schwarzatal Cursdorf Deesbach Katzh\u00fctte Meuselbach-Schwarzm\u00fchle Oberwei\u00dfbach\/Th\u00fcr. Wald, Stadt Lichtetal am Rennsteig Lichte Piesau Reichmannsdorf Schmiedefeld &hellip; <a href=\"http:\/\/www.denkfried.de\/wp\/?page_id=37064\">Weiterlesen <span class=\"meta-nav\">&rarr;<\/span><\/a><\/p>\n","protected":false},"author":9,"featured_media":0,"parent":408,"menu_order":0,"comment_status":"closed","ping_status":"open","template":"","meta":{"footnotes":""},"class_list":["post-37064","page","type-page","status-publish","hentry"],"_links":{"self":[{"href":"http:\/\/www.denkfried.de\/wp\/index.php?rest_route=\/wp\/v2\/pages\/37064","targetHints":{"allow":["GET"]}}],"collection":[{"href":"http:\/\/www.denkfried.de\/wp\/index.php?rest_route=\/wp\/v2\/pages"}],"about":[{"href":"http:\/\/www.denkfried.de\/wp\/index.php?rest_route=\/wp\/v2\/types\/page"}],"author":[{"embeddable":true,"href":"http:\/\/www.denkfried.de\/wp\/index.php?rest_route=\/wp\/v2\/users\/9"}],"replies":[{"embeddable":true,"href":"http:\/\/www.denkfried.de\/wp\/index.php?rest_route=%2Fwp%2Fv2%2Fcomments&post=37064"}],"version-history":[{"count":10,"href":"http:\/\/www.denkfried.de\/wp\/index.php?rest_route=\/wp\/v2\/pages\/37064\/revisions"}],"predecessor-version":[{"id":37113,"href":"http:\/\/www.denkfried.de\/wp\/index.php?rest_route=\/wp\/v2\/pages\/37064\/revisions\/37113"}],"up":[{"embeddable":true,"href":"http:\/\/www.denkfried.de\/wp\/index.php?rest_route=\/wp\/v2\/pages\/408"}],"wp:attachment":[{"href":"http:\/\/www.denkfried.de\/wp\/index.php?rest_route=%2Fwp%2Fv2%2Fmedia&parent=37064"}],"curies":[{"name":"wp","href":"https:\/\/api.w.org\/{rel}","templated":true}]}}