{"id":3699,"date":"2011-04-17T23:44:03","date_gmt":"2011-04-17T21:44:03","guid":{"rendered":"http:\/\/www.denkfried.de\/wp\/?page_id=3699"},"modified":"2012-12-08T16:28:32","modified_gmt":"2012-12-08T15:28:32","slug":"kreisfreie-stadt-furth","status":"publish","type":"page","link":"http:\/\/www.denkfried.de\/wp\/?page_id=3699","title":{"rendered":"Kreisfreie Stadt: F\u00dcRTH"},"content":{"rendered":"<p>&nbsp;<\/p>\n<p><strong><span style=\"color: #000000;\">Verwaltungssitz:<\/span><span style=\"text-decoration: underline; color: #000000;\"> 90762 F\u00fcrth<\/span>, K\u00f6nigstra\u00dfe 88<\/strong><\/p>\n<p>***********************************************************<\/p>\n<p>F\u00fcrth hat eine Fl\u00e4che von 63,35 km\u00b2, hat 3 Stadtbezirke mit 18 statistischen Bezirken.<\/p>\n<p>F\u00fcrth ist eine sehr alte Stadt, die erste Ansiedlung wird mit einer Urkunde von 1007 genannt.<\/p>\n<p>++++++++++++++++++++++++++++++++++++++++++++++++<\/p>\n<p>Im Gebiet von F\u00fcrth gibt es 4 Kriegsgr\u00e4berst\u00e4tte mit 553 Toten.<\/p>\n<p><a title=\"F\u00fcrth, Erlanger Stra\u00dfe\" href=\"http:\/\/www.denkfried.de\/wp\/?page_id=3702\">St\u00e4dtischer Friedhof, Erlanger Stra\u00dfe<\/a><\/p>\n<p><strong>Ortsteile<\/strong><\/p>\n<ul>\n<li>Atzenhof<\/li>\n<li>Bislohe<\/li>\n<li>Braunsbach<\/li>\n<li>Burgfarrnbach<\/li>\n<li>Dambach<\/li>\n<li>Flexdorf<\/li>\n<li>Herboldshof<\/li>\n<li>Kronach<\/li>\n<li>Mannhof<\/li>\n<li>Oberf\u00fcrberg<\/li>\n<li>Poppenreuth<\/li>\n<li>Ritzmannshof<\/li>\n<li>Ronhof<\/li>\n<li>Sack<\/li>\n<li>Stadeln<\/li>\n<li>Steinach<\/li>\n<li>Unterfarrnbach<\/li>\n<li>Unterf\u00fcrberg<\/li>\n<li>Vach<\/li>\n<li>Weikershof<\/li>\n<\/ul>\n<p>&nbsp;<\/p>\n","protected":false},"excerpt":{"rendered":"<p>&nbsp; Verwaltungssitz: 90762 F\u00fcrth, K\u00f6nigstra\u00dfe 88 *********************************************************** F\u00fcrth hat eine Fl\u00e4che von 63,35 km\u00b2, hat 3 Stadtbezirke mit 18 statistischen Bezirken. F\u00fcrth ist eine sehr alte Stadt, die erste Ansiedlung wird mit einer Urkunde von 1007 genannt. ++++++++++++++++++++++++++++++++++++++++++++++++ Im Gebiet &hellip; <a href=\"http:\/\/www.denkfried.de\/wp\/?page_id=3699\">Weiterlesen <span class=\"meta-nav\">&rarr;<\/span><\/a><\/p>\n","protected":false},"author":2,"featured_media":0,"parent":27817,"menu_order":0,"comment_status":"closed","ping_status":"open","template":"","meta":{"footnotes":""},"class_list":["post-3699","page","type-page","status-publish","hentry"],"_links":{"self":[{"href":"http:\/\/www.denkfried.de\/wp\/index.php?rest_route=\/wp\/v2\/pages\/3699","targetHints":{"allow":["GET"]}}],"collection":[{"href":"http:\/\/www.denkfried.de\/wp\/index.php?rest_route=\/wp\/v2\/pages"}],"about":[{"href":"http:\/\/www.denkfried.de\/wp\/index.php?rest_route=\/wp\/v2\/types\/page"}],"author":[{"embeddable":true,"href":"http:\/\/www.denkfried.de\/wp\/index.php?rest_route=\/wp\/v2\/users\/2"}],"replies":[{"embeddable":true,"href":"http:\/\/www.denkfried.de\/wp\/index.php?rest_route=%2Fwp%2Fv2%2Fcomments&post=3699"}],"version-history":[{"count":6,"href":"http:\/\/www.denkfried.de\/wp\/index.php?rest_route=\/wp\/v2\/pages\/3699\/revisions"}],"predecessor-version":[{"id":16507,"href":"http:\/\/www.denkfried.de\/wp\/index.php?rest_route=\/wp\/v2\/pages\/3699\/revisions\/16507"}],"up":[{"embeddable":true,"href":"http:\/\/www.denkfried.de\/wp\/index.php?rest_route=\/wp\/v2\/pages\/27817"}],"wp:attachment":[{"href":"http:\/\/www.denkfried.de\/wp\/index.php?rest_route=%2Fwp%2Fv2%2Fmedia&parent=3699"}],"curies":[{"name":"wp","href":"https:\/\/api.w.org\/{rel}","templated":true}]}}