{"id":36877,"date":"2014-11-08T15:08:17","date_gmt":"2014-11-08T14:08:17","guid":{"rendered":"http:\/\/www.denkfried.de\/wp\/?page_id=36877"},"modified":"2015-12-27T16:41:41","modified_gmt":"2015-12-27T15:41:41","slug":"beelitz-dm-tafeln","status":"publish","type":"page","link":"http:\/\/www.denkfried.de\/wp\/?page_id=36877","title":{"rendered":"Beelitz DM, Tafeln"},"content":{"rendered":"<p>&nbsp;<\/p>\n<p><strong>Beelitz<\/strong> Denkmal, Gedenktafeln<\/p>\n<p>Bericht und Bilder von Thomas\u00a0<a href=\"http:\/\/g-bb.jimdo.com\/\">Gefallenendenkm\u00e4ler Berlin\/Brandenburg<\/a><\/p>\n<div id='gallery-1' class='gallery galleryid-36877 gallery-columns-3 gallery-size-thumbnail'><dl class='gallery-item'>\n\t\t\t<dt class='gallery-icon landscape'>\n\t\t\t\t<a href='http:\/\/www.denkfried.de\/wp\/?attachment_id=36912'><img loading=\"lazy\" decoding=\"async\" width=\"150\" height=\"150\" src=\"http:\/\/www.denkfried.de\/wp\/wp-content\/uploads\/2014\/11\/Beelitz_Ehrenmal_Weltkrieg_Denkmal-2-150x150.jpg\" class=\"attachment-thumbnail size-thumbnail\" alt=\"\" aria-describedby=\"gallery-1-36912\" \/><\/a>\n\t\t\t<\/dt>\n\t\t\t\t<dd class='wp-caption-text gallery-caption' id='gallery-1-36912'>\n\t\t\t\tDenkmal\n\t\t\t\t<\/dd><\/dl>\n\t\t\t<br style='clear: both' \/>\n\t\t<\/div>\n\n<p style=\"color: #333333;\"><span style=\"text-decoration: underline;\"><strong>1813-15<\/strong><\/span><\/p>\n<p style=\"color: #333333;\">Bald nach dem 2. Pariser Frieden hatte der K\u00f6nig beschlossen, als Anerkennung ihrer Verdienste um das\u00a0Vaterland und zur Nacheiferung f\u00fcr die Nachkommen die Nehmen derjenigen Krieger, welche f\u00fcr das\u00a0Vaterland in den Kriegen von 1813 bis 1815 gefallen waren, auf Tafeln verzeichnen und in den Kirchen\u00a0derjenigen Ortschaften, in welchen die Krieger ihren Wohnsitz gehabt hatten, befestigen zu lassen.\u00a0Eine solche Tafel wurde am 15. Februar 1818 auch in der Kirche zu Beelitz befestigt, nachdem eine\u00a0kirchliche Feier voraufgegangen war. Die Ged\u00e4chtni\u00dftafel enth\u00e4lt folgende Namen:<\/p>\n<p style=\"color: #333333;\"><span style=\"color: #000000;\">Beckmann Johann-Friedrich-Ernst<\/span><br style=\"color: #000000;\" \/><span style=\"color: #000000;\"><span style=\"color: #000000; font-size: large;\">Ering Peter<br \/>\n<span style=\"color: #000000; font-size: large;\">G\u00f6rke Carl-Ludwig<br \/>\n<span style=\"color: #000000; font-size: large;\">Graal August<br \/>\n<span style=\"color: #000000; font-size: large;\">Gutteins Leopold<br \/>\n<span style=\"color: #000000; font-size: large;\">Heinrich Carl-Ludwig<br \/>\n<span style=\"color: #000000; font-size: large;\">Hille Johann-Heinrich<br \/>\n<span style=\"color: #000000; font-size: large;\">Koppe Christian<br \/>\n<span style=\"color: #000000; font-size: large;\">Krause Carl-Ludwig<br \/>\n<span style=\"color: #000000; font-size: large;\">Schneider Wilhelm<br \/>\n<span style=\"color: #000000; font-size: large;\">Schulze Wilhelm<br \/>\n<span style=\"color: #000000; font-size: large;\">Stansdorf August-Ferdinand<\/span><\/span><\/span><\/span><\/span><\/span><\/span><\/span><\/span><\/span><\/span><\/span><\/p>\n<p style=\"color: #333333;\">Im Ort gibt es noch eine alte Kanonenkugel welche an den Krieg erinnert. Einst in der Friedhofsmauer eingeschlagen, nun an der Au\u00dfenwand an einem Haus in der Trebbiner Stra\u00dfe.<\/p>\n<p style=\"color: #333333;\"><span style=\"text-decoration: underline;\"><strong>1866<\/strong><\/span><\/p>\n<p style=\"color: #333333;\">Der Krieg von Preu\u00dfen gegen \u00d6sterreich und den fr\u00fcheren Bund, 1866, wurde in B\u00f6hmen und Oesterreich\u00a0selber gef\u00fchrt und lie\u00df unsere Stadt seine Schrecken durch Transporte und Durchm\u00e4rsche vaterl\u00e4ndischer\u00a0Truppen nur milde f\u00fchlen. Zum preu\u00dfischen Heere waren verschiedene S\u00f6hne hiesiger Einwohner eingezogen,\u00a0die den Krieg mit ausk\u00e4mpfen mussten. Von diesen starben den ehrenvollen Tod auf dem Schlachtfelde:<\/p>\n<address style=\"color: #333333;\"><span style=\"color: #000000;\">Eckert Johann-Friedrich-Wilhelm \u2020 27. Juni 1866 bei Langensalza<\/span><br style=\"color: #000000;\" \/><span style=\"color: #000000;\"><span style=\"color: #000000; font-size: large;\">Siegner August-Eduard-Gustav \u2020 25. Juli 1866 bei Helmstadt<\/span><\/span><\/address>\n<address style=\"color: #333333;\">\u00a0<\/address>\n<p style=\"color: #333333;\">Ihr Ged\u00e4chtni\u00df ehrte die Stadt durch eine Tafel, welche ihre Namen enth\u00e4lt und die in der hiesigen Kirche\u00a0an der Chor-Br\u00fcstung angeheftet ist.<\/p>\n<p style=\"color: #333333;\"><span style=\"text-decoration: underline;\"><strong>1870-71<\/strong><\/span><\/p>\n<p style=\"color: #333333;\">Das \u00fcber den Krieg von 1870 bis 1871 gef\u00fchrte Tagebuch schlie\u00dft endlich mit dem Bemerken, da\u00df in\u00a0den einzelnen Schlachten dieses Feldzuges folgende S\u00f6hne von Einwohnern unserer Stadt gefallen sind:<\/p>\n<address style=\"color: #333333;\">Heidrich Carl-Gottlieb vermisst seit 13. Januar 1871 Avant-Garden-Gefecht<\/address>\n<address style=\"color: #333333;\"><span style=\"color: #000000;\"><span style=\"color: #000000; font-size: large;\">bei Arcey und Aibre als Sergeant und Regiments-Tambour<\/span><\/span><\/address>\n<address style=\"color: #333333;\">Jungnickel Carl \u2020 24. Dezember 1870 im Lazaratt zu Vendome\u00a0<span style=\"color: #000000; font-size: large;\">seinen<\/span><\/address>\n<address style=\"color: #333333;\"><span style=\"color: #000000; font-size: large;\">Wunden (Schu\u00df durch die Lunge) erlegen, als Musketier<\/span><\/address>\n<address style=\"color: #333333;\">Kahle Carl \u2020 9. Februar 1871 im Lazarett zu Le Mans als F\u00fcsilier<\/address>\n<address>Rosenthal Carl-Friedrich \u2020 16. August 1870 bei Vionville als F\u00fcsilier\u00a0<\/address>\n<address>Wringe Carl-Friedrich \u2020 13. October 1870 bei Verdun als Kanonier<\/address>\n<address>\u00a0<\/address>\n<p><span style=\"text-decoration: underline;\"><strong>1914-1918<\/strong><\/span><\/p>\n<p>Vor der Marienkirche gab es ein Denkmal f\u00fcr die Gefallenen des Ersten Weltkrieges.<\/p>\n<p>&nbsp;<\/p>\n<p><span style=\"color: #333333;\">Aus der Chronik der Stadt Beelitz, konnten\u00a0Informationen zu den Befreiungskriegen entnommen werden.<\/span><\/p>\n","protected":false},"excerpt":{"rendered":"<p>&nbsp; Beelitz Denkmal, Gedenktafeln Bericht und Bilder von Thomas\u00a0Gefallenendenkm\u00e4ler Berlin\/Brandenburg 1813-15 Bald nach dem 2. Pariser Frieden hatte der K\u00f6nig beschlossen, als Anerkennung ihrer Verdienste um das\u00a0Vaterland und zur Nacheiferung f\u00fcr die Nachkommen die Nehmen derjenigen Krieger, welche f\u00fcr das\u00a0Vaterland &hellip; <a href=\"http:\/\/www.denkfried.de\/wp\/?page_id=36877\">Weiterlesen <span class=\"meta-nav\">&rarr;<\/span><\/a><\/p>\n","protected":false},"author":9,"featured_media":0,"parent":16880,"menu_order":0,"comment_status":"closed","ping_status":"open","template":"","meta":{"footnotes":""},"class_list":["post-36877","page","type-page","status-publish","hentry"],"_links":{"self":[{"href":"http:\/\/www.denkfried.de\/wp\/index.php?rest_route=\/wp\/v2\/pages\/36877","targetHints":{"allow":["GET"]}}],"collection":[{"href":"http:\/\/www.denkfried.de\/wp\/index.php?rest_route=\/wp\/v2\/pages"}],"about":[{"href":"http:\/\/www.denkfried.de\/wp\/index.php?rest_route=\/wp\/v2\/types\/page"}],"author":[{"embeddable":true,"href":"http:\/\/www.denkfried.de\/wp\/index.php?rest_route=\/wp\/v2\/users\/9"}],"replies":[{"embeddable":true,"href":"http:\/\/www.denkfried.de\/wp\/index.php?rest_route=%2Fwp%2Fv2%2Fcomments&post=36877"}],"version-history":[{"count":17,"href":"http:\/\/www.denkfried.de\/wp\/index.php?rest_route=\/wp\/v2\/pages\/36877\/revisions"}],"predecessor-version":[{"id":39813,"href":"http:\/\/www.denkfried.de\/wp\/index.php?rest_route=\/wp\/v2\/pages\/36877\/revisions\/39813"}],"up":[{"embeddable":true,"href":"http:\/\/www.denkfried.de\/wp\/index.php?rest_route=\/wp\/v2\/pages\/16880"}],"wp:attachment":[{"href":"http:\/\/www.denkfried.de\/wp\/index.php?rest_route=%2Fwp%2Fv2%2Fmedia&parent=36877"}],"curies":[{"name":"wp","href":"https:\/\/api.w.org\/{rel}","templated":true}]}}