{"id":36856,"date":"2014-10-29T21:04:37","date_gmt":"2014-10-29T20:04:37","guid":{"rendered":"http:\/\/www.denkfried.de\/wp\/?page_id=36856"},"modified":"2015-11-28T14:28:49","modified_gmt":"2015-11-28T13:28:49","slug":"alte-garnisonkirche","status":"publish","type":"page","link":"http:\/\/www.denkfried.de\/wp\/?page_id=36856","title":{"rendered":"Alte Garnisonkirche"},"content":{"rendered":"<p>&nbsp;<\/p>\n<p><strong>Berlin-Mitte<\/strong>\u00a0Alte Garnisonkirche (Zerst\u00f6rt)<\/p>\n<p>Bericht und Bilder von Thomas\u00a0<a href=\"http:\/\/g-bb.jimdo.com\/\">Gefallenendenkm\u00e4ler Berlin\/Brandenburg<\/a><\/p>\n<div id='gallery-1' class='gallery galleryid-36856 gallery-columns-3 gallery-size-thumbnail'><dl class='gallery-item'>\n\t\t\t<dt class='gallery-icon portrait'>\n\t\t\t\t<a href='http:\/\/www.denkfried.de\/wp\/?attachment_id=25270'><img loading=\"lazy\" decoding=\"async\" width=\"150\" height=\"150\" src=\"http:\/\/www.denkfried.de\/wp\/wp-content\/uploads\/2011\/10\/Gedenktafel_Garnisonkirche_Berlin-150x150.jpg\" class=\"attachment-thumbnail size-thumbnail\" alt=\"\" aria-describedby=\"gallery-1-25270\" \/><\/a>\n\t\t\t<\/dt>\n\t\t\t\t<dd class='wp-caption-text gallery-caption' id='gallery-1-25270'>\n\t\t\t\tKaiser Alexander Garde-Regiment Nr. 1\n\t\t\t\t<\/dd><\/dl><dl class='gallery-item'>\n\t\t\t<dt class='gallery-icon landscape'>\n\t\t\t\t<a href='http:\/\/www.denkfried.de\/wp\/?attachment_id=36753'><img loading=\"lazy\" decoding=\"async\" width=\"150\" height=\"150\" src=\"http:\/\/www.denkfried.de\/wp\/wp-content\/uploads\/2011\/10\/Ehrentafel_Garnisonkirche_Berlin_4.Garde-Inf.-Division-150x150.jpg\" class=\"attachment-thumbnail size-thumbnail\" alt=\"\" aria-describedby=\"gallery-1-36753\" \/><\/a>\n\t\t\t<\/dt>\n\t\t\t\t<dd class='wp-caption-text gallery-caption' id='gallery-1-36753'>\n\t\t\t\t4. Garde-Infanterie-Division\n\t\t\t\t<\/dd><\/dl>\n\t\t\t<br style='clear: both' \/>\n\t\t<\/div>\n\n<p><span style=\"color: #333333;\"><strong>Gedenktafel 1914-1918<\/strong><\/span><span style=\"color: #333333;\">\u00a0der ehemaligen Garnisonkirche Die Kirche wurde beim Bombenangriff am 23.11.1943 v\u00f6llig zerst\u00f6rt, die verbleibende Ruine wurde 1962 beseitigt. In der Kirche gab es eine Gedenktafel f\u00fcr\u00a0<\/span><em style=\"color: #333333;\">Das Kaiser Alexander Garde-Regiment Nr. 1 im Weltkriege.\u00a0<\/em><span style=\"color: #333333;\">Die Tafel wurde 1924 errichtet, auf ihr sind 192 Namen verzeichnet. Das Bild ist entnommen von\u00a0<\/span><a href=\"http:\/\/de.wikipedia.org\/wiki\/Datei:Gedenktafel_Garnisonkirche_Berlin.jpg\">Wikipedia<\/a><span style=\"color: #333333;\">.<\/span><\/p>\n<p><strong>Gedenktafel 1914-1918<\/strong> eine weitere Gedenktafel f\u00fcr Gefallene des Ersten Weltkrieges. Die Tafel ist den Gefallenen der 4. Garde-Infanterie-Division, welches am 8.5.1915 errichtet und am 16.12.1918 aufgel\u00f6st wurde. Die Gedenktafel wurde am 13. Mai 1922 Enth\u00fcllt und tr\u00e4gt folgende Inschrift:<\/p>\n<address style=\"text-align: center;\"><em><strong>Dem Ged\u00e4chtnis Ihrer<\/strong><\/em><\/address>\n<address style=\"text-align: center;\"><em><strong>im Weltkriege<\/strong><\/em><\/address>\n<address style=\"text-align: center;\"><em><strong>Gefallenen Kameraden<\/strong><\/em><\/address>\n<address style=\"text-align: center;\"><em><strong>4.\u00a0Garde-Inf.-Division<\/strong><\/em><\/address>\n<address style=\"text-align: center;\"><em><strong>Stolz &#8211; Stark &#8211; Treu<\/strong><\/em><\/address>\n<address style=\"text-align: center;\">\u00a0<\/address>\n<p>Weiteres zur milit\u00e4rischen Schmuck (Kriegsbeute) in der Kirche. Schon nach den Siebenj\u00e4hrigen Krieg waren erbeutete Fahnen aufgestellt. 1745 fanden 79 Fahnen und 8 Standarten der Gefechte von Hohenfriedberg und Soor \u00a0und 1746 weitere 13 Fahnen und 4 Standarten der Schlacht bei Kesseldorf in der Kirche Aufgestellt. Es Erinnerten auch 5 Gem\u00e4lde an die gefallenen Heerf\u00fchrer Kurt Christoph von Schwerin, Hanns Karl von Winterfeldt, Jakob Keith und Ewald Christian von Kleist.<\/p>\n<p>1806<\/p>\n","protected":false},"excerpt":{"rendered":"<p>&nbsp; Berlin-Mitte\u00a0Alte Garnisonkirche (Zerst\u00f6rt) Bericht und Bilder von Thomas\u00a0Gefallenendenkm\u00e4ler Berlin\/Brandenburg Gedenktafel 1914-1918\u00a0der ehemaligen Garnisonkirche Die Kirche wurde beim Bombenangriff am 23.11.1943 v\u00f6llig zerst\u00f6rt, die verbleibende Ruine wurde 1962 beseitigt. In der Kirche gab es eine Gedenktafel f\u00fcr\u00a0Das Kaiser Alexander Garde-Regiment &hellip; <a href=\"http:\/\/www.denkfried.de\/wp\/?page_id=36856\">Weiterlesen <span class=\"meta-nav\">&rarr;<\/span><\/a><\/p>\n","protected":false},"author":9,"featured_media":0,"parent":15729,"menu_order":0,"comment_status":"closed","ping_status":"open","template":"","meta":{"footnotes":""},"class_list":["post-36856","page","type-page","status-publish","hentry"],"_links":{"self":[{"href":"http:\/\/www.denkfried.de\/wp\/index.php?rest_route=\/wp\/v2\/pages\/36856","targetHints":{"allow":["GET"]}}],"collection":[{"href":"http:\/\/www.denkfried.de\/wp\/index.php?rest_route=\/wp\/v2\/pages"}],"about":[{"href":"http:\/\/www.denkfried.de\/wp\/index.php?rest_route=\/wp\/v2\/types\/page"}],"author":[{"embeddable":true,"href":"http:\/\/www.denkfried.de\/wp\/index.php?rest_route=\/wp\/v2\/users\/9"}],"replies":[{"embeddable":true,"href":"http:\/\/www.denkfried.de\/wp\/index.php?rest_route=%2Fwp%2Fv2%2Fcomments&post=36856"}],"version-history":[{"count":12,"href":"http:\/\/www.denkfried.de\/wp\/index.php?rest_route=\/wp\/v2\/pages\/36856\/revisions"}],"predecessor-version":[{"id":39541,"href":"http:\/\/www.denkfried.de\/wp\/index.php?rest_route=\/wp\/v2\/pages\/36856\/revisions\/39541"}],"up":[{"embeddable":true,"href":"http:\/\/www.denkfried.de\/wp\/index.php?rest_route=\/wp\/v2\/pages\/15729"}],"wp:attachment":[{"href":"http:\/\/www.denkfried.de\/wp\/index.php?rest_route=%2Fwp%2Fv2%2Fmedia&parent=36856"}],"curies":[{"name":"wp","href":"https:\/\/api.w.org\/{rel}","templated":true}]}}