{"id":367,"date":"2011-04-02T16:06:04","date_gmt":"2011-04-02T14:06:04","guid":{"rendered":"http:\/\/www.bilderstapel.de\/test\/wp\/?page_id=367"},"modified":"2017-10-28T19:53:22","modified_gmt":"2017-10-28T17:53:22","slug":"baden-wurttemberg","status":"publish","type":"page","link":"http:\/\/www.denkfried.de\/wp\/?page_id=367","title":{"rendered":"B A D E N &#8211; W \u00dc R T T E M B E R G"},"content":{"rendered":"<p>Landeshauptstadt: \u00a0 \u00a0<strong>Stuttgart<\/strong><\/p>\n<p>Adresse: Staatsministerium Baden-W\u00fcrttemberg, Richard-Wagner-Str.15, 70184 Stuttgart<\/p>\n<div id='gallery-1' class='gallery galleryid-367 gallery-columns-2 gallery-size-thumbnail'><dl class='gallery-item'>\n\t\t\t<dt class='gallery-icon landscape'>\n\t\t\t\t<a href='http:\/\/www.denkfried.de\/wp\/?attachment_id=2636'><img loading=\"lazy\" decoding=\"async\" width=\"150\" height=\"101\" src=\"http:\/\/www.denkfried.de\/wp\/wp-content\/uploads\/2011\/04\/Flagge-150x101.jpg\" class=\"attachment-thumbnail size-thumbnail\" alt=\"\" \/><\/a>\n\t\t\t<\/dt><\/dl><dl class='gallery-item'>\n\t\t\t<dt class='gallery-icon landscape'>\n\t\t\t\t<a href='http:\/\/www.denkfried.de\/wp\/?attachment_id=2635'><img loading=\"lazy\" decoding=\"async\" width=\"143\" height=\"83\" src=\"http:\/\/www.denkfried.de\/wp\/wp-content\/uploads\/2011\/04\/Wappen.jpg\" class=\"attachment-thumbnail size-thumbnail\" alt=\"\" \/><\/a>\n\t\t\t<\/dt><\/dl><br style=\"clear: both\" \/>\n\t\t<\/div>\n\n<p>_______________________________________________________________<\/p>\n<p>1907: Friedrich II. wird 6.Gro\u00dfherzog von Baden und regiert von 1907-1918<br \/>\n1914-18 Erster Weltkrieg: \u00a0Aus Baden sterben mehr als 70.000 Soldaten<br \/>\nIn der Novemberrevolution von 1918 wird die Monarchie in Baden gest\u00fcrzt.<br \/>\n1923: Frankreich besetzt weitere Gebiete im Granzland von Baden.<br \/>\n1929: die NSDAP ist erstmalig im Badischen Landtag vertreten.<br \/>\n1933: Reichsstatthalter Robert Wagner \u00fcbernimmt die Regierung<br \/>\n1938: Niederbrennung der Synagogen und Judenprogrome<br \/>\n1940: Erste Deportationen badischer Juden nach Gurs ins Vernichtungslager<\/p>\n<p>1944\/45: Bombardierung der St\u00e4dte Pforzheim, Bruchsal, Freiburg, Karlsruhe, Mannheim<br \/>\n30.04.1945 Kriegsende im S\u00fcdwesten<br \/>\n08.05.1945 Bedingungslose Kapitulation<\/p>\n<hr \/>\n<p>ab 1933 &#8211; Die Regimegegner wurden ab 1933 massiv verfolgt und inhaftiert. Die Lager befanden sich in Kislau bei Bruchsal, Ankenbuck bei Villingen, Heuberg bei Stetten, Frauen kamen ins Gef\u00e4ngnis nach Gotteszell. Das Lager Heuberg wurde Ende 1933 wegen \u00dcberf\u00fcllung geschlossen. Die Insassen wurden auf das Fort Oberer Kuhberg in Ulm\u00a0 verlegt.<br \/>\nDem Massenmord an der deutschen Zivilbev\u00f6lkerung in Baden fielen ca. 12.000 Juden, 10.000 Kranke und eine unbekannte Zahl Sinti und Roma, zu Opfer.<\/p>\n<p>Am 22.10.1940 lies Wagner ca.6.000 badische Juden in das Lager Gurs verschleppen und von da aus brachte man sie in deutsche Vernichtungslager in Osteuropa wo sie umgebracht wurden.<br \/>\nDie w\u00fcrttembergischen Juden wurden ab November 1941 nach Riga, Izbica, Auschwitz und Theresienstadt gebracht wo sie ermordert wurden.<br \/>\nIn Grafeneck wurden im Rahmen der Aktion T4 mehr als 10.000 Patienten aus psychiatrischen Klinken in der Gaskammer ermordert.<\/p>\n<p>Bei einem Luftangriff auf Pforzheim starben am 23.Februar 1945 \u00a017.600 Menschen.<\/p>\n<p>Die Amerikaner besetzten Mannheim am 29.M\u00e4rz 1945, die Franzosen am 22.April 1945 Stuttgart.<\/p>\n<hr \/>\n<p><strong>Landkreise:<\/strong><\/p>\n<blockquote>\n<ul>\n<li><a href=\"http:\/\/www.denkfried.de\/wp\/?page_id=3157\">Alb Donau<\/a><\/li>\n<li><a href=\"http:\/\/www.denkfried.de\/wp\/?page_id=3176\">Biberach<\/a><\/li>\n<li><a title=\"LK B\u00d6BLINGEN\" href=\"http:\/\/www.denkfried.de\/wp\/?page_id=2956\">B\u00f6blingen<\/a><\/li>\n<li><a title=\"LK BODENSEEKREIS\" href=\"http:\/\/www.denkfried.de\/wp\/?page_id=3205\">Bodenseekreis<\/a><\/li>\n<li><a title=\"LK BREISGAU HOCHSCHWARZWALD\" href=\"http:\/\/www.denkfried.de\/wp\/?page_id=2656\">Breisgau-Hochschwarzwald<\/a><\/li>\n<li><a title=\"LK CALW\" href=\"http:\/\/www.denkfried.de\/wp\/?page_id=2778\">Calw<\/a><\/li>\n<li><a title=\"LK EMMENDINGEN\" href=\"http:\/\/www.denkfried.de\/wp\/?page_id=2706\">Emmendingen<\/a><\/li>\n<li><a title=\"LK ENZ\" href=\"http:\/\/www.denkfried.de\/wp\/?page_id=2784\">Enz<\/a><\/li>\n<li><a title=\"LK ESSLINGEN\" href=\"http:\/\/www.denkfried.de\/wp\/?page_id=2964\">Esslingen<\/a><\/li>\n<li><a title=\"LK FREUDENSTADT\" href=\"http:\/\/www.denkfried.de\/wp\/?page_id=2790\">Freudenstadt<\/a><\/li>\n<li><a title=\"LK G\u00d6PPINGEN\" href=\"http:\/\/www.denkfried.de\/wp\/?page_id=2974\">G\u00f6ppingen<\/a><\/li>\n<li><a title=\"LK HEIDENHEIM\" href=\"http:\/\/www.denkfried.de\/wp\/?page_id=2995\">Heidenheim<\/a><\/li>\n<li><a title=\"LK HEILBRONN\" href=\"http:\/\/www.denkfried.de\/wp\/?page_id=3001\">Heilbronn<\/a><\/li>\n<li><a title=\"LK HOHENLOHE\" href=\"http:\/\/www.denkfried.de\/wp\/?page_id=3007\">Hohenlohe<\/a><\/li>\n<li><a title=\"LK KARLSRUHE\" href=\"http:\/\/www.denkfried.de\/wp\/?page_id=2798\">Karlsruhe<\/a><\/li>\n<li><a title=\"LK KONSTANZ\" href=\"http:\/\/www.denkfried.de\/wp\/?page_id=2724\">Konstanz<\/a><\/li>\n<li><a title=\"LK L\u00d6RRACH\" href=\"http:\/\/www.denkfried.de\/wp\/?page_id=2727\">L\u00f6rrach<\/a><\/li>\n<li><a title=\"LK LUDWIGSBURG\" href=\"http:\/\/www.denkfried.de\/wp\/?page_id=3013\">Ludwigsburg<\/a><\/li>\n<li><a title=\"LK MAIN-TAUBER-KREIS\" href=\"http:\/\/www.denkfried.de\/wp\/?page_id=3039\">Main-Tauber-Kreis<\/a><\/li>\n<li><a title=\"LK NECKAR-ODENWALD\" href=\"http:\/\/www.denkfried.de\/wp\/?page_id=2804\">Neckar-Odenwald<\/a><\/li>\n<li><a title=\"LK ORTENAUKREIS\" href=\"http:\/\/www.denkfried.de\/wp\/?page_id=2733\">Ortenaukreis<\/a><\/li>\n<li><a title=\"LK OSTALBKREIS\" href=\"http:\/\/www.denkfried.de\/wp\/?page_id=3110\">Ostalbkreis<\/a><\/li>\n<li><a title=\"LK RASTATT\" href=\"http:\/\/www.denkfried.de\/wp\/?page_id=2810\">Rastatt<\/a><\/li>\n<li><a title=\"LK RAVENSBURG\" href=\"http:\/\/www.denkfried.de\/wp\/?page_id=3217\">Ravensburg<\/a><\/li>\n<li><a title=\"LK REMS-MURR-KREIS\" href=\"http:\/\/www.denkfried.de\/wp\/?page_id=3121\">Rems-Murr-Kreis<\/a><\/li>\n<li><a title=\"LK REUTLINGEN\" href=\"http:\/\/www.denkfried.de\/wp\/?page_id=3223\">Reutlingen<\/a><\/li>\n<li><a title=\"LK RHEIN-NECKAR\" href=\"http:\/\/www.denkfried.de\/wp\/?page_id=2816\">Rhein-Neckar<\/a><\/li>\n<li><a title=\"LK ROTTWEIL\" href=\"http:\/\/www.denkfried.de\/wp\/?page_id=2742\">Rottweil<\/a><\/li>\n<li><a title=\"LK SCHW\u00c4BISCH HALL\" href=\"http:\/\/www.denkfried.de\/wp\/?page_id=3127\">Schw\u00e4bisch Hall<\/a><\/li>\n<li><a title=\"LK SCHWARZWALD-BAAR-Kreis\" href=\"http:\/\/www.denkfried.de\/wp\/?page_id=2748\">Schwarzwald-Baar-Kreis<\/a><\/li>\n<li><a title=\"LK SIGMARINGEN\" href=\"http:\/\/www.denkfried.de\/wp\/?page_id=3229\">Sigmaringen<\/a><\/li>\n<li><a title=\"LK T\u00dcBINGEN\" href=\"http:\/\/www.denkfried.de\/wp\/?page_id=3235\">T\u00fcbingen<\/a><\/li>\n<li><a title=\"LK TUTTLINGEN\" href=\"http:\/\/www.denkfried.de\/wp\/?page_id=2754\">Tuttlingen<\/a><\/li>\n<li><a title=\"LK WALDSHUT\" href=\"http:\/\/www.denkfried.de\/wp\/?page_id=2760\">Waldshut<\/a><\/li>\n<li><a title=\"LK ZOLLERNALBKREIS\" href=\"http:\/\/www.denkfried.de\/wp\/?page_id=3241\">Zollernalbkreis<\/a><\/li>\n<\/ul>\n<\/blockquote>\n<p><strong>Kreisfreie Stadt:<\/strong><\/p>\n<blockquote>\n<ul>\n<li><a title=\"Kreisfreie Stadt: BADEN-BADEN\" href=\"http:\/\/www.denkfried.de\/wp\/?page_id=2822\">Baden-Baden<\/a><\/li>\n<li><a title=\"Kreisfreie Stadt: FREIBURG im BREISGAU\" href=\"http:\/\/www.denkfried.de\/wp\/?page_id=2771\">Freiburg im Breisgau<\/a><\/li>\n<li><a title=\"Kreisfreie Stadt: HEIDELBERG\" href=\"http:\/\/www.denkfried.de\/wp\/?page_id=2829\">Heidelberg<\/a><\/li>\n<li><a title=\"Kreisfreie Stadt: HEILBRONN\" href=\"http:\/\/www.denkfried.de\/wp\/?page_id=3131\">Heilbronn<\/a><\/li>\n<li><a title=\"Kreisfreie Stadt: KARLSRUHE\" href=\"http:\/\/www.denkfried.de\/wp\/?page_id=2835\">Karlsruhe<\/a><\/li>\n<li><a title=\"Kreisfreie Stadt: MANNHEIM\" href=\"http:\/\/www.denkfried.de\/wp\/?page_id=2841\">Mannheim<\/a><\/li>\n<li><a title=\"Kreisfreie Stadt: PFORZHEIM\" href=\"http:\/\/www.denkfried.de\/wp\/?page_id=2847\">Pforzheim<\/a><\/li>\n<li><a title=\"Kreisfreie Stadt: STUTTGART\" href=\"http:\/\/www.denkfried.de\/wp\/?page_id=3151\">Stuttgart<\/a><\/li>\n<li><a title=\"Kreisfreie Stadt: ULM\" href=\"http:\/\/www.denkfried.de\/wp\/?page_id=3251\">Ulm<\/a><\/li>\n<\/ul>\n<\/blockquote>\n<p>++++++++++++++++++++++++++++++++++++++++++++<\/p>\n<p>Altheim \u00a0 \u00a0 \u00a0 PLZ ? \u00a0 \u00a0 \u00a0 \u00a0 \u00a0 1\/5<br \/>\nBoll \u00a0 \u00a0 \u00a0 \u00a0 \u00a0 \u00a0PLZ ? \u00a0 \u00a0 \u00a0 \u00a0 \u00a0 1\/2<br \/>\nEbersbach \u00a0 PLZ ? \u00a0 \u00a0 \u00a0 \u00a0 \u00a0 2\/176<\/p>\n","protected":false},"excerpt":{"rendered":"<p>Landeshauptstadt: \u00a0 \u00a0Stuttgart Adresse: Staatsministerium Baden-W\u00fcrttemberg, Richard-Wagner-Str.15, 70184 Stuttgart _______________________________________________________________ 1907: Friedrich II. wird 6.Gro\u00dfherzog von Baden und regiert von 1907-1918 1914-18 Erster Weltkrieg: \u00a0Aus Baden sterben mehr als 70.000 Soldaten In der Novemberrevolution von 1918 wird die Monarchie in &hellip; <a href=\"http:\/\/www.denkfried.de\/wp\/?page_id=367\">Weiterlesen <span class=\"meta-nav\">&rarr;<\/span><\/a><\/p>\n","protected":false},"author":2,"featured_media":0,"parent":41489,"menu_order":1,"comment_status":"open","ping_status":"open","template":"","meta":{"footnotes":""},"class_list":["post-367","page","type-page","status-publish","hentry"],"_links":{"self":[{"href":"http:\/\/www.denkfried.de\/wp\/index.php?rest_route=\/wp\/v2\/pages\/367","targetHints":{"allow":["GET"]}}],"collection":[{"href":"http:\/\/www.denkfried.de\/wp\/index.php?rest_route=\/wp\/v2\/pages"}],"about":[{"href":"http:\/\/www.denkfried.de\/wp\/index.php?rest_route=\/wp\/v2\/types\/page"}],"author":[{"embeddable":true,"href":"http:\/\/www.denkfried.de\/wp\/index.php?rest_route=\/wp\/v2\/users\/2"}],"replies":[{"embeddable":true,"href":"http:\/\/www.denkfried.de\/wp\/index.php?rest_route=%2Fwp%2Fv2%2Fcomments&post=367"}],"version-history":[{"count":20,"href":"http:\/\/www.denkfried.de\/wp\/index.php?rest_route=\/wp\/v2\/pages\/367\/revisions"}],"predecessor-version":[{"id":41081,"href":"http:\/\/www.denkfried.de\/wp\/index.php?rest_route=\/wp\/v2\/pages\/367\/revisions\/41081"}],"up":[{"embeddable":true,"href":"http:\/\/www.denkfried.de\/wp\/index.php?rest_route=\/wp\/v2\/pages\/41489"}],"wp:attachment":[{"href":"http:\/\/www.denkfried.de\/wp\/index.php?rest_route=%2Fwp%2Fv2%2Fmedia&parent=367"}],"curies":[{"name":"wp","href":"https:\/\/api.w.org\/{rel}","templated":true}]}}