{"id":36405,"date":"2014-09-04T21:01:59","date_gmt":"2014-09-04T19:01:59","guid":{"rendered":"http:\/\/www.denkfried.de\/wp\/?page_id=36405"},"modified":"2016-11-22T14:10:05","modified_gmt":"2016-11-22T13:10:05","slug":"gross-glienicke-dm","status":"publish","type":"page","link":"http:\/\/www.denkfried.de\/wp\/?page_id=36405","title":{"rendered":"&#8211; Denkmal"},"content":{"rendered":"<p>&nbsp;<\/p>\n<p>Potsdam &#8211; <strong>Gro\u00df Glienicke<\/strong> Denkmal<\/p>\n<p>Bericht und Bilder von Thomas\u00a0<a href=\"http:\/\/g-bb.jimdo.com\/\">Gefallenendenkm\u00e4ler Berlin\/Brandenburg<\/a><\/p>\n<div id='gallery-1' class='gallery galleryid-36405 gallery-columns-4 gallery-size-thumbnail'><dl class='gallery-item'>\n\t\t\t<dt class='gallery-icon landscape'>\n\t\t\t\t<a href='http:\/\/www.denkfried.de\/wp\/?attachment_id=36409'><img loading=\"lazy\" decoding=\"async\" width=\"150\" height=\"150\" src=\"http:\/\/www.denkfried.de\/wp\/wp-content\/uploads\/2014\/09\/Gro\u00df-Glienicke-Denkmal-Kriegerdenkmal-150x150.jpg\" class=\"attachment-thumbnail size-thumbnail\" alt=\"\" \/><\/a>\n\t\t\t<\/dt><\/dl><dl class='gallery-item'>\n\t\t\t<dt class='gallery-icon portrait'>\n\t\t\t\t<a href='http:\/\/www.denkfried.de\/wp\/?attachment_id=36410'><img loading=\"lazy\" decoding=\"async\" width=\"150\" height=\"150\" src=\"http:\/\/www.denkfried.de\/wp\/wp-content\/uploads\/2014\/09\/Gro\u00df-Glienicke-Denkmal-Kriegerdenkmal-1-150x150.jpg\" class=\"attachment-thumbnail size-thumbnail\" alt=\"\" \/><\/a>\n\t\t\t<\/dt><\/dl><dl class='gallery-item'>\n\t\t\t<dt class='gallery-icon landscape'>\n\t\t\t\t<a href='http:\/\/www.denkfried.de\/wp\/?attachment_id=36407'><img loading=\"lazy\" decoding=\"async\" width=\"150\" height=\"150\" src=\"http:\/\/www.denkfried.de\/wp\/wp-content\/uploads\/2014\/09\/Potsdam-Gro\u00df-Glienicke-Gedenkstein-150x150.jpg\" class=\"attachment-thumbnail size-thumbnail\" alt=\"\" \/><\/a>\n\t\t\t<\/dt><\/dl><dl class='gallery-item'>\n\t\t\t<dt class='gallery-icon landscape'>\n\t\t\t\t<a href='http:\/\/www.denkfried.de\/wp\/?attachment_id=36408'><img loading=\"lazy\" decoding=\"async\" width=\"150\" height=\"150\" src=\"http:\/\/www.denkfried.de\/wp\/wp-content\/uploads\/2014\/09\/Potsdam-Gro\u00df-Glienicke-Gedenkstein-2-150x150.jpg\" class=\"attachment-thumbnail size-thumbnail\" alt=\"\" \/><\/a>\n\t\t\t<\/dt><\/dl><br style=\"clear: both\" \/>\n\t\t<\/div>\n\n<p style=\"color: #333333;\">Das Denkmal steht an der Glienicker Dorfstra\u00dfe, der Friedhof befindet sich an der Dorfkirche.<\/p>\n<p>Auf der Platte am Denkmal:<\/p>\n<p style=\"text-align: center;\"><em><strong>Den im Weltkriege 1914 \u2013 18<\/strong><\/em><br \/>\n<em><strong>Gefallenen Helden zum Ged\u00e4chtnis Gro\u00df Glienicke<\/strong><\/em><\/p>\n<p>Es sind 17 Namen aufgef\u00fchrt.<\/p>\n<p style=\"color: #333333;\">Seitlich sind zwei Gedenksteine mit Inschriften:<\/p>\n<p style=\"color: #333333; text-align: center;\"><em><strong>Zum Gedenken der Toten des 2. Weltkrieges<\/strong><\/em><\/p>\n<p style=\"color: #333333; text-align: center;\"><em><strong>Den Opfern der Gewaltherrschaft<\/strong><\/em><\/p>\n<p style=\"color: #333333;\"><span style=\"text-decoration: underline;\"><strong>Erg\u00e4nzungstafel:<\/strong><\/span><\/p>\n<p style=\"color: #333333;\"><span style=\"font-family: Arial; font-size: medium;\">Vom Kriegerdenkmal zum Denkmal f\u00fcr die Opfer der Kriege und staatlicher Gewaltherrschaft. Im Jahr 1924 verfasste der Gemeinderat von Gro\u00df Glienicke den Entschluss, ein Kriegerdenkmal zu errichten, zur Erinnerung an die Millionen gefallenen Deutschen des Ersten Weltkrieges. Wie in vielen deutschen St\u00e4dten und D\u00f6rfern geschah dies in Form eines Heldengedenkens. Die mahnenden Stimmen, die in der Erinnerung an die 15 Millionen Kriegstoten den Auftrag zur Verst\u00e4ndigung und Vers\u00f6hnung sahen, blieben in der Minderheit. Im nationalsozialistischen Deutschland diente das Heldengedenken der ideologischen Aufr\u00fcstung der Nation. Aus dem Volkstrauertag wurde der Heldengedenktag. Die Pogrome des 9.\/ 10. November 1938 waren der Anfang des Weges, der in die Massenvernichtung von Millionen Menschen f\u00fchrte. Auch Menschen aus Gro\u00df Glienicke geh\u00f6rten zu den Opfern. Eine Folge des Zweiten Weltkrieges mit \u00fcber 50 Millionen Toten war die Teilung Deutschlands mit dem Mauerbau 1961 und den Opfern des Grenzregimes. Nach 1945 verfiel das Kriegerdenkmal. In der Zeit von 1995 bis 1999 wurde es durch den Gro\u00df Glienicker Kreis restauriert und durch zwei Steine erg\u00e4nzt zum Gedenken der Toten des Zweiten Weltkrieges und der Opfer staatlicher Gewaltherrschaft des 20. Jahrhunderts. Ortsbeirat Gro\u00df Glienicke. Gro\u00df Glienicker Kreis.\u00a0\u00a0\u00a0\u00a0\u00a0\u00a0\u00a0\u00a0 <\/span><\/p>\n","protected":false},"excerpt":{"rendered":"<p>&nbsp; Potsdam &#8211; Gro\u00df Glienicke Denkmal Bericht und Bilder von Thomas\u00a0Gefallenendenkm\u00e4ler Berlin\/Brandenburg Das Denkmal steht an der Glienicker Dorfstra\u00dfe, der Friedhof befindet sich an der Dorfkirche. Auf der Platte am Denkmal: Den im Weltkriege 1914 \u2013 18 Gefallenen Helden zum &hellip; <a href=\"http:\/\/www.denkfried.de\/wp\/?page_id=36405\">Weiterlesen <span class=\"meta-nav\">&rarr;<\/span><\/a><\/p>\n","protected":false},"author":9,"featured_media":0,"parent":13931,"menu_order":0,"comment_status":"closed","ping_status":"open","template":"","meta":{"footnotes":""},"class_list":["post-36405","page","type-page","status-publish","hentry"],"_links":{"self":[{"href":"http:\/\/www.denkfried.de\/wp\/index.php?rest_route=\/wp\/v2\/pages\/36405","targetHints":{"allow":["GET"]}}],"collection":[{"href":"http:\/\/www.denkfried.de\/wp\/index.php?rest_route=\/wp\/v2\/pages"}],"about":[{"href":"http:\/\/www.denkfried.de\/wp\/index.php?rest_route=\/wp\/v2\/types\/page"}],"author":[{"embeddable":true,"href":"http:\/\/www.denkfried.de\/wp\/index.php?rest_route=\/wp\/v2\/users\/9"}],"replies":[{"embeddable":true,"href":"http:\/\/www.denkfried.de\/wp\/index.php?rest_route=%2Fwp%2Fv2%2Fcomments&post=36405"}],"version-history":[{"count":8,"href":"http:\/\/www.denkfried.de\/wp\/index.php?rest_route=\/wp\/v2\/pages\/36405\/revisions"}],"predecessor-version":[{"id":40952,"href":"http:\/\/www.denkfried.de\/wp\/index.php?rest_route=\/wp\/v2\/pages\/36405\/revisions\/40952"}],"up":[{"embeddable":true,"href":"http:\/\/www.denkfried.de\/wp\/index.php?rest_route=\/wp\/v2\/pages\/13931"}],"wp:attachment":[{"href":"http:\/\/www.denkfried.de\/wp\/index.php?rest_route=%2Fwp%2Fv2%2Fmedia&parent=36405"}],"curies":[{"name":"wp","href":"https:\/\/api.w.org\/{rel}","templated":true}]}}