{"id":36366,"date":"2014-09-04T20:29:31","date_gmt":"2014-09-04T18:29:31","guid":{"rendered":"http:\/\/www.denkfried.de\/wp\/?page_id=36366"},"modified":"2015-12-27T20:01:18","modified_gmt":"2015-12-27T19:01:18","slug":"kladow-kgst","status":"publish","type":"page","link":"http:\/\/www.denkfried.de\/wp\/?page_id=36366","title":{"rendered":"Kladow &#8211; KGST"},"content":{"rendered":"<p>&nbsp;<\/p>\n<p><strong>Berlin-Kladow<\/strong> Friedhof, Sakrower Landstra\u00dfe<\/p>\n<p>Bericht und Bilder von Thomas\u00a0<a href=\"http:\/\/g-bb.jimdo.com\/\">Gefallenendenkm\u00e4ler Berlin\/Brandenburg<\/a><\/p>\n<div id='gallery-1' class='gallery galleryid-36366 gallery-columns-3 gallery-size-thumbnail'><dl class='gallery-item'>\n\t\t\t<dt class='gallery-icon landscape'>\n\t\t\t\t<a href='http:\/\/www.denkfried.de\/wp\/?attachment_id=36372'><img loading=\"lazy\" decoding=\"async\" width=\"150\" height=\"150\" src=\"http:\/\/www.denkfried.de\/wp\/wp-content\/uploads\/2014\/09\/Kladow-Kriegsgr\u00e4berfeld-150x150.jpg\" class=\"attachment-thumbnail size-thumbnail\" alt=\"\" \/><\/a>\n\t\t\t<\/dt><\/dl><dl class='gallery-item'>\n\t\t\t<dt class='gallery-icon landscape'>\n\t\t\t\t<a href='http:\/\/www.denkfried.de\/wp\/?attachment_id=36371'><img loading=\"lazy\" decoding=\"async\" width=\"150\" height=\"150\" src=\"http:\/\/www.denkfried.de\/wp\/wp-content\/uploads\/2014\/09\/Berlin-Kladow-Unbekannte-Kriegstote-150x150.jpg\" class=\"attachment-thumbnail size-thumbnail\" alt=\"\" \/><\/a>\n\t\t\t<\/dt><\/dl><dl class='gallery-item'>\n\t\t\t<dt class='gallery-icon landscape'>\n\t\t\t\t<a href='http:\/\/www.denkfried.de\/wp\/?attachment_id=36370'><img loading=\"lazy\" decoding=\"async\" width=\"150\" height=\"150\" src=\"http:\/\/www.denkfried.de\/wp\/wp-content\/uploads\/2014\/09\/Berlin-Kladow-Kriegsopfer-150x150.jpg\" class=\"attachment-thumbnail size-thumbnail\" alt=\"\" \/><\/a>\n\t\t\t<\/dt><\/dl><br style=\"clear: both\" \/>\n\t\t<\/div>\n\n<p>Auf den Kirchhof gibt es mehrer Anlagen mit Kriegsopfern. Alle ruhen in Einzelgr\u00e4ber. Vom Eingang aus auf der linken Seite sind die meisten Gr\u00e4ber zu finden. Insgesamt konnten hier <strong>107 Kriegsgr\u00e4ber<\/strong> dokumentiert werden. Unter Ihnen blieben 7 M\u00e4nner, 11 Soldaten, 1 Russe, 1 Junge, 1 Frau und 9\u00a0g\u00e4nzlich Unbekannt.<\/p>\n<p>Es konnten \u00a0noch 3 private Gedenken dokumentiert werden. Die Namen \u00a0wurden in die Datenbank eingepflegt.<\/p>\n","protected":false},"excerpt":{"rendered":"<p>&nbsp; Berlin-Kladow Friedhof, Sakrower Landstra\u00dfe Bericht und Bilder von Thomas\u00a0Gefallenendenkm\u00e4ler Berlin\/Brandenburg Auf den Kirchhof gibt es mehrer Anlagen mit Kriegsopfern. Alle ruhen in Einzelgr\u00e4ber. Vom Eingang aus auf der linken Seite sind die meisten Gr\u00e4ber zu finden. Insgesamt konnten hier &hellip; <a href=\"http:\/\/www.denkfried.de\/wp\/?page_id=36366\">Weiterlesen <span class=\"meta-nav\">&rarr;<\/span><\/a><\/p>\n","protected":false},"author":9,"featured_media":0,"parent":4568,"menu_order":0,"comment_status":"closed","ping_status":"open","template":"","meta":{"footnotes":""},"class_list":["post-36366","page","type-page","status-publish","hentry"],"_links":{"self":[{"href":"http:\/\/www.denkfried.de\/wp\/index.php?rest_route=\/wp\/v2\/pages\/36366","targetHints":{"allow":["GET"]}}],"collection":[{"href":"http:\/\/www.denkfried.de\/wp\/index.php?rest_route=\/wp\/v2\/pages"}],"about":[{"href":"http:\/\/www.denkfried.de\/wp\/index.php?rest_route=\/wp\/v2\/types\/page"}],"author":[{"embeddable":true,"href":"http:\/\/www.denkfried.de\/wp\/index.php?rest_route=\/wp\/v2\/users\/9"}],"replies":[{"embeddable":true,"href":"http:\/\/www.denkfried.de\/wp\/index.php?rest_route=%2Fwp%2Fv2%2Fcomments&post=36366"}],"version-history":[{"count":9,"href":"http:\/\/www.denkfried.de\/wp\/index.php?rest_route=\/wp\/v2\/pages\/36366\/revisions"}],"predecessor-version":[{"id":39925,"href":"http:\/\/www.denkfried.de\/wp\/index.php?rest_route=\/wp\/v2\/pages\/36366\/revisions\/39925"}],"up":[{"embeddable":true,"href":"http:\/\/www.denkfried.de\/wp\/index.php?rest_route=\/wp\/v2\/pages\/4568"}],"wp:attachment":[{"href":"http:\/\/www.denkfried.de\/wp\/index.php?rest_route=%2Fwp%2Fv2%2Fmedia&parent=36366"}],"curies":[{"name":"wp","href":"https:\/\/api.w.org\/{rel}","templated":true}]}}