{"id":3611,"date":"2011-04-17T21:56:13","date_gmt":"2011-04-17T19:56:13","guid":{"rendered":"http:\/\/www.denkfried.de\/wp\/?page_id=3611"},"modified":"2013-07-20T21:48:06","modified_gmt":"2013-07-20T19:48:06","slug":"nurnberg-st-sebald","status":"publish","type":"page","link":"http:\/\/www.denkfried.de\/wp\/?page_id=3611","title":{"rendered":"&#8211; St.Sebald"},"content":{"rendered":"<p>&nbsp;<\/p>\n<p><span style=\"text-decoration: underline; color: #000000;\"><strong>90403 N\u00fcrnberg<\/strong><\/span><\/p>\n<p>St.Sebald &#8211; Albrecht-D\u00fcrer-Platz 1<\/p>\n<p>Die Gedenktafel befindet sich in der Kirche St.Sebald in N\u00fcrnberg (Gedenken f\u00fcr die Gefallenen des 1. WK).<\/p>\n<p>Beitrag und Fotos von md11<\/p>\n<div id='gallery-1' class='gallery galleryid-3611 gallery-columns-3 gallery-size-thumbnail'><dl class='gallery-item'>\n\t\t\t<dt class='gallery-icon portrait'>\n\t\t\t\t<a href='http:\/\/www.denkfried.de\/wp\/?attachment_id=3613'><img loading=\"lazy\" decoding=\"async\" width=\"150\" height=\"150\" src=\"http:\/\/www.denkfried.de\/wp\/wp-content\/uploads\/2011\/04\/14-150x150.jpg\" class=\"attachment-thumbnail size-thumbnail\" alt=\"\" \/><\/a>\n\t\t\t<\/dt><\/dl><dl class='gallery-item'>\n\t\t\t<dt class='gallery-icon portrait'>\n\t\t\t\t<a href='http:\/\/www.denkfried.de\/wp\/?attachment_id=3614'><img loading=\"lazy\" decoding=\"async\" width=\"150\" height=\"150\" src=\"http:\/\/www.denkfried.de\/wp\/wp-content\/uploads\/2011\/04\/21-150x150.jpg\" class=\"attachment-thumbnail size-thumbnail\" alt=\"\" \/><\/a>\n\t\t\t<\/dt><\/dl><dl class='gallery-item'>\n\t\t\t<dt class='gallery-icon portrait'>\n\t\t\t\t<a href='http:\/\/www.denkfried.de\/wp\/?attachment_id=3612'><img loading=\"lazy\" decoding=\"async\" width=\"150\" height=\"150\" src=\"http:\/\/www.denkfried.de\/wp\/wp-content\/uploads\/2011\/04\/32-150x150.jpg\" class=\"attachment-thumbnail size-thumbnail\" alt=\"\" \/><\/a>\n\t\t\t<\/dt><\/dl><br style=\"clear: both\" \/>\n\t\t<\/div>\n\n","protected":false},"excerpt":{"rendered":"<p>&nbsp; 90403 N\u00fcrnberg St.Sebald &#8211; Albrecht-D\u00fcrer-Platz 1 Die Gedenktafel befindet sich in der Kirche St.Sebald in N\u00fcrnberg (Gedenken f\u00fcr die Gefallenen des 1. WK). Beitrag und Fotos von md11<\/p>\n","protected":false},"author":2,"featured_media":0,"parent":3590,"menu_order":0,"comment_status":"closed","ping_status":"open","template":"","meta":{"footnotes":""},"class_list":["post-3611","page","type-page","status-publish","hentry"],"_links":{"self":[{"href":"http:\/\/www.denkfried.de\/wp\/index.php?rest_route=\/wp\/v2\/pages\/3611","targetHints":{"allow":["GET"]}}],"collection":[{"href":"http:\/\/www.denkfried.de\/wp\/index.php?rest_route=\/wp\/v2\/pages"}],"about":[{"href":"http:\/\/www.denkfried.de\/wp\/index.php?rest_route=\/wp\/v2\/types\/page"}],"author":[{"embeddable":true,"href":"http:\/\/www.denkfried.de\/wp\/index.php?rest_route=\/wp\/v2\/users\/2"}],"replies":[{"embeddable":true,"href":"http:\/\/www.denkfried.de\/wp\/index.php?rest_route=%2Fwp%2Fv2%2Fcomments&post=3611"}],"version-history":[{"count":6,"href":"http:\/\/www.denkfried.de\/wp\/index.php?rest_route=\/wp\/v2\/pages\/3611\/revisions"}],"predecessor-version":[{"id":31631,"href":"http:\/\/www.denkfried.de\/wp\/index.php?rest_route=\/wp\/v2\/pages\/3611\/revisions\/31631"}],"up":[{"embeddable":true,"href":"http:\/\/www.denkfried.de\/wp\/index.php?rest_route=\/wp\/v2\/pages\/3590"}],"wp:attachment":[{"href":"http:\/\/www.denkfried.de\/wp\/index.php?rest_route=%2Fwp%2Fv2%2Fmedia&parent=3611"}],"curies":[{"name":"wp","href":"https:\/\/api.w.org\/{rel}","templated":true}]}}