{"id":35956,"date":"2014-07-26T16:54:59","date_gmt":"2014-07-26T14:54:59","guid":{"rendered":"http:\/\/www.denkfried.de\/wp\/?page_id=35956"},"modified":"2014-07-26T16:58:59","modified_gmt":"2014-07-26T14:58:59","slug":"bebelplatz","status":"publish","type":"page","link":"http:\/\/www.denkfried.de\/wp\/?page_id=35956","title":{"rendered":"Bebelplatz"},"content":{"rendered":"<p>&nbsp;<\/p>\n<p><strong>Berlin-Mitte<\/strong> Bebelplatz<\/p>\n<p>Bilder von Jens 26. Juni 2014<\/p>\n<div id='gallery-1' class='gallery galleryid-35956 gallery-columns-4 gallery-size-thumbnail'><dl class='gallery-item'>\n\t\t\t<dt class='gallery-icon landscape'>\n\t\t\t\t<a href='http:\/\/www.denkfried.de\/wp\/?attachment_id=35963'><img loading=\"lazy\" decoding=\"async\" width=\"150\" height=\"150\" src=\"http:\/\/www.denkfried.de\/wp\/wp-content\/uploads\/2014\/07\/Bebelplatz-Berlin-Gedenktafel-150x150.jpg\" class=\"attachment-thumbnail size-thumbnail\" alt=\"\" \/><\/a>\n\t\t\t<\/dt><\/dl><dl class='gallery-item'>\n\t\t\t<dt class='gallery-icon landscape'>\n\t\t\t\t<a href='http:\/\/www.denkfried.de\/wp\/?attachment_id=35962'><img loading=\"lazy\" decoding=\"async\" width=\"150\" height=\"150\" src=\"http:\/\/www.denkfried.de\/wp\/wp-content\/uploads\/2014\/07\/Bebelplatz-Berlin-3-150x150.jpg\" class=\"attachment-thumbnail size-thumbnail\" alt=\"\" \/><\/a>\n\t\t\t<\/dt><\/dl><dl class='gallery-item'>\n\t\t\t<dt class='gallery-icon landscape'>\n\t\t\t\t<a href='http:\/\/www.denkfried.de\/wp\/?attachment_id=35960'><img loading=\"lazy\" decoding=\"async\" width=\"150\" height=\"150\" src=\"http:\/\/www.denkfried.de\/wp\/wp-content\/uploads\/2014\/07\/Bebelplatz-Berlin-150x150.jpg\" class=\"attachment-thumbnail size-thumbnail\" alt=\"\" \/><\/a>\n\t\t\t<\/dt><\/dl><dl class='gallery-item'>\n\t\t\t<dt class='gallery-icon landscape'>\n\t\t\t\t<a href='http:\/\/www.denkfried.de\/wp\/?attachment_id=35961'><img loading=\"lazy\" decoding=\"async\" width=\"150\" height=\"150\" src=\"http:\/\/www.denkfried.de\/wp\/wp-content\/uploads\/2014\/07\/Bebelplatz-Berlin-2-150x150.jpg\" class=\"attachment-thumbnail size-thumbnail\" alt=\"\" \/><\/a>\n\t\t\t<\/dt><\/dl><br style=\"clear: both\" \/>\n\t\t<\/div>\n\n<p>Der rechteckige, vollst\u00e4ndig gepflasterte Bebelplatz (nach August Bebel, dem Mitbegr\u00fcnder der Sozialdemokratischen Arbeiterpartei, benannt) entstand ab 1740 nach Abtragen der Stadtbefestigung. Er sollte das Zentrum des geplanten Forum Fridericianum werden. Die Bebauung mit Opernhaus, Akademiegeb\u00e4ude und Stadtpalais des K\u00f6nigs wurde im Dezember 1740 wegen des beginnenden ersten Schlesischen Krieges jedoch nicht verwirklicht. Lediglich das Opernhaus (Deutsche Staatsoper Unter den Linden) entstand 1741-1742 an der Ostseite des Platzes (nach dem er zun\u00e4chst den Namen Opernplatz erhielt). Vom 18. August 1910 bis 31. Juli 1947 hie\u00df er offiziell Kaiser-Franz-Joseph-Platz.<\/p>\n<p>Am 10. Mai 1933 wurde er Schauplatz eines d\u00fcsteren Kapitels der j\u00fcngeren deutschen Geschichte: der von den Nationalsozialisten initiierten B\u00fccherverbrennung, um &#8222;den j\u00fcdischen Geist und den gesamten Liberalismus auszurotten&#8220;. Unter dem Gejohle einer riesigen Menschenmenge warfen aufgehetzte Studenten 20000 B\u00fccher in die Flammen des Scheiterhaufens.<\/p>\n<p>An diesen Tag erinnert in der Platzmitte das Denkmal &#8222;versunkene Bibliothek&#8220; von Micha Ullmann. Der unterirdische, nicht betretbare Raum von 50 Quadratmetern Gr\u00f6\u00dfe ist lediglich durch eine Glasplatte im Pflaster einzusehen. 20000 B\u00fccher w\u00fcrden in den Regalen Platz finden.<\/p>\n<p>Quelle: <a href=\"http:\/\/www.berlin.de\/orte\/sehenswuerdigkeiten\/bebelplatz\/\">Berlin.de<\/a><\/p>\n","protected":false},"excerpt":{"rendered":"<p>&nbsp; Berlin-Mitte Bebelplatz Bilder von Jens 26. Juni 2014 Der rechteckige, vollst\u00e4ndig gepflasterte Bebelplatz (nach August Bebel, dem Mitbegr\u00fcnder der Sozialdemokratischen Arbeiterpartei, benannt) entstand ab 1740 nach Abtragen der Stadtbefestigung. Er sollte das Zentrum des geplanten Forum Fridericianum werden. Die &hellip; <a href=\"http:\/\/www.denkfried.de\/wp\/?page_id=35956\">Weiterlesen <span class=\"meta-nav\">&rarr;<\/span><\/a><\/p>\n","protected":false},"author":9,"featured_media":0,"parent":15729,"menu_order":0,"comment_status":"closed","ping_status":"open","template":"","meta":{"footnotes":""},"class_list":["post-35956","page","type-page","status-publish","hentry"],"_links":{"self":[{"href":"http:\/\/www.denkfried.de\/wp\/index.php?rest_route=\/wp\/v2\/pages\/35956","targetHints":{"allow":["GET"]}}],"collection":[{"href":"http:\/\/www.denkfried.de\/wp\/index.php?rest_route=\/wp\/v2\/pages"}],"about":[{"href":"http:\/\/www.denkfried.de\/wp\/index.php?rest_route=\/wp\/v2\/types\/page"}],"author":[{"embeddable":true,"href":"http:\/\/www.denkfried.de\/wp\/index.php?rest_route=\/wp\/v2\/users\/9"}],"replies":[{"embeddable":true,"href":"http:\/\/www.denkfried.de\/wp\/index.php?rest_route=%2Fwp%2Fv2%2Fcomments&post=35956"}],"version-history":[{"count":4,"href":"http:\/\/www.denkfried.de\/wp\/index.php?rest_route=\/wp\/v2\/pages\/35956\/revisions"}],"predecessor-version":[{"id":35964,"href":"http:\/\/www.denkfried.de\/wp\/index.php?rest_route=\/wp\/v2\/pages\/35956\/revisions\/35964"}],"up":[{"embeddable":true,"href":"http:\/\/www.denkfried.de\/wp\/index.php?rest_route=\/wp\/v2\/pages\/15729"}],"wp:attachment":[{"href":"http:\/\/www.denkfried.de\/wp\/index.php?rest_route=%2Fwp%2Fv2%2Fmedia&parent=35956"}],"curies":[{"name":"wp","href":"https:\/\/api.w.org\/{rel}","templated":true}]}}