{"id":3590,"date":"2011-04-17T21:34:16","date_gmt":"2011-04-17T19:34:16","guid":{"rendered":"http:\/\/www.denkfried.de\/wp\/?page_id=3590"},"modified":"2014-05-03T15:11:52","modified_gmt":"2014-05-03T13:11:52","slug":"kreisfreie-stadt-nurnberg","status":"publish","type":"page","link":"http:\/\/www.denkfried.de\/wp\/?page_id=3590","title":{"rendered":"Kreisfreie Stadt: N\u00dcRNBERG"},"content":{"rendered":"<p>&nbsp;<\/p>\n<p><strong>Verwaltungssitz:<span style=\"text-decoration: underline;\"> 90403 N\u00fcrnberg<\/span>, Rathausplatz 2<\/strong><\/p>\n<p><strong>*************************************************************<\/strong><\/p>\n<p>N\u00fcrnberg hat eine Fl\u00e4che von 186,38 km\u00b2 und ist in 7 Stadtbezirke unterteilt.<\/p>\n<p>&nbsp;<\/p>\n<p>Im Stadtgebiet befinden sich 7 Kriegsgr\u00e4berst\u00e4tten mit 8989 Toten.<\/p>\n<p>+++++++++++++++++++++++++++++++++++++++++++++++++<\/p>\n<ul>\n<li><a title=\"N\u00fcrnberg \u2013 Schweinau\" href=\"http:\/\/www.denkfried.de\/wp\/?page_id=3593\">N\u00fcrnberg &#8211; Schweinau<\/a><\/li>\n<li><a title=\"N\u00fcrnberg \u2013 St.Jobst\" href=\"http:\/\/www.denkfried.de\/wp\/?page_id=3596\">N\u00fcrnberg &#8211; St.Jobst<\/a><\/li>\n<li><a title=\"N\u00fcrnberg \u2013 ST.Peter\" href=\"http:\/\/www.denkfried.de\/wp\/?page_id=3605\">N\u00fcrnberg &#8211; St.Peter<\/a><\/li>\n<li><a title=\"N\u00fcrnberg \u2013 St.Sebald\" href=\"http:\/\/www.denkfried.de\/wp\/?page_id=3611\">N\u00fcrnberg &#8211; St.Sebald<\/a><\/li>\n<li><a title=\"N\u00fcrnberg \u2013 Milit\u00e4rfriedhof Gostenhof\" href=\"http:\/\/www.denkfried.de\/wp\/?page_id=3619\">N\u00fcrnberg &#8211; Milit\u00e4rfriedhof Gostenhof<\/a><\/li>\n<li><a title=\"N\u00fcrnberg \u2013 M\u00f6geldorf\" href=\"http:\/\/www.denkfried.de\/wp\/?page_id=3624\">N\u00fcrnberg &#8211; M\u00f6geldorf<\/a><\/li>\n<li>N\u00fcrnberg &#8211; Langwasser<\/li>\n<li><a title=\"N\u00fcrnberg \u2013 S\u00fcdfriedhof\" href=\"http:\/\/www.denkfried.de\/wp\/?page_id=3629\">N\u00fcrnberg &#8211; S\u00fcdfriedhof<\/a><\/li>\n<li><a title=\"N\u00fcrnberg \u2013 Ziegelstein\" href=\"http:\/\/www.denkfried.de\/wp\/?page_id=3637\">N\u00fcrnberg &#8211; Ziegelstein<\/a><\/li>\n<\/ul>\n<ul>\n<li>\u00a0<a title=\"- Werderau\" href=\"http:\/\/www.denkfried.de\/wp\/?page_id=31239\">N\u00fcrnberg &#8211; Werderau (m.Marterlach)<\/a><\/li>\n<\/ul>\n<p><strong><br \/>\n<\/strong><\/p>\n","protected":false},"excerpt":{"rendered":"<p>&nbsp; Verwaltungssitz: 90403 N\u00fcrnberg, Rathausplatz 2 ************************************************************* N\u00fcrnberg hat eine Fl\u00e4che von 186,38 km\u00b2 und ist in 7 Stadtbezirke unterteilt. &nbsp; Im Stadtgebiet befinden sich 7 Kriegsgr\u00e4berst\u00e4tten mit 8989 Toten. +++++++++++++++++++++++++++++++++++++++++++++++++ N\u00fcrnberg &#8211; Schweinau N\u00fcrnberg &#8211; St.Jobst N\u00fcrnberg &#8211; St.Peter &hellip; <a href=\"http:\/\/www.denkfried.de\/wp\/?page_id=3590\">Weiterlesen <span class=\"meta-nav\">&rarr;<\/span><\/a><\/p>\n","protected":false},"author":2,"featured_media":0,"parent":27817,"menu_order":0,"comment_status":"closed","ping_status":"open","template":"","meta":{"footnotes":""},"class_list":["post-3590","page","type-page","status-publish","hentry"],"_links":{"self":[{"href":"http:\/\/www.denkfried.de\/wp\/index.php?rest_route=\/wp\/v2\/pages\/3590","targetHints":{"allow":["GET"]}}],"collection":[{"href":"http:\/\/www.denkfried.de\/wp\/index.php?rest_route=\/wp\/v2\/pages"}],"about":[{"href":"http:\/\/www.denkfried.de\/wp\/index.php?rest_route=\/wp\/v2\/types\/page"}],"author":[{"embeddable":true,"href":"http:\/\/www.denkfried.de\/wp\/index.php?rest_route=\/wp\/v2\/users\/2"}],"replies":[{"embeddable":true,"href":"http:\/\/www.denkfried.de\/wp\/index.php?rest_route=%2Fwp%2Fv2%2Fcomments&post=3590"}],"version-history":[{"count":12,"href":"http:\/\/www.denkfried.de\/wp\/index.php?rest_route=\/wp\/v2\/pages\/3590\/revisions"}],"predecessor-version":[{"id":35156,"href":"http:\/\/www.denkfried.de\/wp\/index.php?rest_route=\/wp\/v2\/pages\/3590\/revisions\/35156"}],"up":[{"embeddable":true,"href":"http:\/\/www.denkfried.de\/wp\/index.php?rest_route=\/wp\/v2\/pages\/27817"}],"wp:attachment":[{"href":"http:\/\/www.denkfried.de\/wp\/index.php?rest_route=%2Fwp%2Fv2%2Fmedia&parent=3590"}],"curies":[{"name":"wp","href":"https:\/\/api.w.org\/{rel}","templated":true}]}}