{"id":35899,"date":"2014-07-12T16:49:26","date_gmt":"2014-07-12T14:49:26","guid":{"rendered":"http:\/\/www.denkfried.de\/wp\/?page_id=35899"},"modified":"2014-07-14T00:17:49","modified_gmt":"2014-07-13T22:17:49","slug":"kunnerwitz","status":"publish","type":"page","link":"http:\/\/www.denkfried.de\/wp\/?page_id=35899","title":{"rendered":"&#8211; Kunnerwitz"},"content":{"rendered":"<p>&nbsp;<\/p>\n<p><span style=\"text-decoration: underline;\">02827 G\u00f6rlitz &#8211; <strong>OT Kunnerwitz<\/strong><\/span><\/p>\n<p>Kriegsgr\u00e4berst\u00e4tte<\/p>\n<p>Hier sind 151 Kriegstote bestattet, davon blieben 4 ohne Namen.<\/p>\n<p>Die Namen sind in unserer DB eingepflegt.<\/p>\n<p><span style=\"color: #ff0000;\">Leider noch keine Bilder vorhanden.<\/span><\/p>\n<p>&nbsp;<\/p>\n","protected":false},"excerpt":{"rendered":"<p>&nbsp; 02827 G\u00f6rlitz &#8211; OT Kunnerwitz Kriegsgr\u00e4berst\u00e4tte Hier sind 151 Kriegstote bestattet, davon blieben 4 ohne Namen. Die Namen sind in unserer DB eingepflegt. Leider noch keine Bilder vorhanden. &nbsp;<\/p>\n","protected":false},"author":2,"featured_media":0,"parent":7998,"menu_order":0,"comment_status":"closed","ping_status":"open","template":"","meta":{"footnotes":""},"class_list":["post-35899","page","type-page","status-publish","hentry"],"_links":{"self":[{"href":"http:\/\/www.denkfried.de\/wp\/index.php?rest_route=\/wp\/v2\/pages\/35899","targetHints":{"allow":["GET"]}}],"collection":[{"href":"http:\/\/www.denkfried.de\/wp\/index.php?rest_route=\/wp\/v2\/pages"}],"about":[{"href":"http:\/\/www.denkfried.de\/wp\/index.php?rest_route=\/wp\/v2\/types\/page"}],"author":[{"embeddable":true,"href":"http:\/\/www.denkfried.de\/wp\/index.php?rest_route=\/wp\/v2\/users\/2"}],"replies":[{"embeddable":true,"href":"http:\/\/www.denkfried.de\/wp\/index.php?rest_route=%2Fwp%2Fv2%2Fcomments&post=35899"}],"version-history":[{"count":2,"href":"http:\/\/www.denkfried.de\/wp\/index.php?rest_route=\/wp\/v2\/pages\/35899\/revisions"}],"predecessor-version":[{"id":35904,"href":"http:\/\/www.denkfried.de\/wp\/index.php?rest_route=\/wp\/v2\/pages\/35899\/revisions\/35904"}],"up":[{"embeddable":true,"href":"http:\/\/www.denkfried.de\/wp\/index.php?rest_route=\/wp\/v2\/pages\/7998"}],"wp:attachment":[{"href":"http:\/\/www.denkfried.de\/wp\/index.php?rest_route=%2Fwp%2Fv2%2Fmedia&parent=35899"}],"curies":[{"name":"wp","href":"https:\/\/api.w.org\/{rel}","templated":true}]}}