{"id":35870,"date":"2014-07-11T16:43:04","date_gmt":"2014-07-11T14:43:04","guid":{"rendered":"http:\/\/www.denkfried.de\/wp\/?page_id=35870"},"modified":"2014-07-11T16:48:21","modified_gmt":"2014-07-11T14:48:21","slug":"loimola","status":"publish","type":"page","link":"http:\/\/www.denkfried.de\/wp\/?page_id=35870","title":{"rendered":"Loimola"},"content":{"rendered":"<p>&nbsp;<\/p>\n<p>Finnland &#8211; <strong>Loimola<\/strong><\/p>\n<p>Bericht und Bild von Thomas <a href=\"http:\/\/potsdamer-ehrenmale.de.tl\/Hauptseite.htm\">Potsdamer-Ehrenmale.de<\/a><\/p>\n<p>Das Bild wurde aus dem Heft der Kriegsgr\u00e4berf\u00fcrsorge vom 21. M\u00e4rz 1943 entnommen.<\/p>\n<div id='gallery-1' class='gallery galleryid-35870 gallery-columns-3 gallery-size-thumbnail'><dl class='gallery-item'>\n\t\t\t<dt class='gallery-icon portrait'>\n\t\t\t\t<a href='http:\/\/www.denkfried.de\/wp\/?attachment_id=35874'><img loading=\"lazy\" decoding=\"async\" width=\"150\" height=\"150\" src=\"http:\/\/www.denkfried.de\/wp\/wp-content\/uploads\/2014\/07\/Loimola-Finnland-Kriegsgr\u00e4berst\u00e4tte-150x150.jpg\" class=\"attachment-thumbnail size-thumbnail\" alt=\"\" \/><\/a>\n\t\t\t<\/dt><\/dl>\n\t\t\t<br style='clear: both' \/>\n\t\t<\/div>\n\n<p>Das Bild zeigt Birkenkreuz welches die Gr\u00e4ber \u00fcberragt. Die kriegsgr\u00e4berst\u00e4tte wurde von Deutschen und Finnischen Soldaten errichtet und gepflegt. Hier ruhen die Tote der hartumk\u00e4mpften Karelischen Mark am Loimolasee, inmitten des nordischen Kampfabschnittes.<\/p>\n","protected":false},"excerpt":{"rendered":"<p>&nbsp; Finnland &#8211; Loimola Bericht und Bild von Thomas Potsdamer-Ehrenmale.de Das Bild wurde aus dem Heft der Kriegsgr\u00e4berf\u00fcrsorge vom 21. M\u00e4rz 1943 entnommen. Das Bild zeigt Birkenkreuz welches die Gr\u00e4ber \u00fcberragt. Die kriegsgr\u00e4berst\u00e4tte wurde von Deutschen und Finnischen Soldaten errichtet &hellip; <a href=\"http:\/\/www.denkfried.de\/wp\/?page_id=35870\">Weiterlesen <span class=\"meta-nav\">&rarr;<\/span><\/a><\/p>\n","protected":false},"author":9,"featured_media":0,"parent":289,"menu_order":0,"comment_status":"closed","ping_status":"open","template":"","meta":{"footnotes":""},"class_list":["post-35870","page","type-page","status-publish","hentry"],"_links":{"self":[{"href":"http:\/\/www.denkfried.de\/wp\/index.php?rest_route=\/wp\/v2\/pages\/35870","targetHints":{"allow":["GET"]}}],"collection":[{"href":"http:\/\/www.denkfried.de\/wp\/index.php?rest_route=\/wp\/v2\/pages"}],"about":[{"href":"http:\/\/www.denkfried.de\/wp\/index.php?rest_route=\/wp\/v2\/types\/page"}],"author":[{"embeddable":true,"href":"http:\/\/www.denkfried.de\/wp\/index.php?rest_route=\/wp\/v2\/users\/9"}],"replies":[{"embeddable":true,"href":"http:\/\/www.denkfried.de\/wp\/index.php?rest_route=%2Fwp%2Fv2%2Fcomments&post=35870"}],"version-history":[{"count":6,"href":"http:\/\/www.denkfried.de\/wp\/index.php?rest_route=\/wp\/v2\/pages\/35870\/revisions"}],"predecessor-version":[{"id":35877,"href":"http:\/\/www.denkfried.de\/wp\/index.php?rest_route=\/wp\/v2\/pages\/35870\/revisions\/35877"}],"up":[{"embeddable":true,"href":"http:\/\/www.denkfried.de\/wp\/index.php?rest_route=\/wp\/v2\/pages\/289"}],"wp:attachment":[{"href":"http:\/\/www.denkfried.de\/wp\/index.php?rest_route=%2Fwp%2Fv2%2Fmedia&parent=35870"}],"curies":[{"name":"wp","href":"https:\/\/api.w.org\/{rel}","templated":true}]}}