{"id":35842,"date":"2014-07-11T16:08:29","date_gmt":"2014-07-11T14:08:29","guid":{"rendered":"http:\/\/www.denkfried.de\/wp\/?page_id=35842"},"modified":"2014-07-11T16:21:39","modified_gmt":"2014-07-11T14:21:39","slug":"dijon","status":"publish","type":"page","link":"http:\/\/www.denkfried.de\/wp\/?page_id=35842","title":{"rendered":"Dijon"},"content":{"rendered":"<p><b>Dijon<\/b> deutsch veraltet: <i>Dision<\/i><sup id=\"cite_ref-1\" class=\"reference\">[1]<\/sup>, italienisch <i>Digione<\/i>) ist eine Stadt im Osten Frankreichs, Hauptstadt des D\u00e9partements C\u00f4te-d\u2019Or und die Hauptstadt der Region Burgund mit 151.672 Einwohnern (Stand 1.\u00a0Januar 2011).<\/p>\n<p>Dijon ist ein Verkehrs-, Handels- und Industriezentrum und Sitz der Universit\u00e9 de Bourgogne, die 1722 gegr\u00fcndet wurde. Die Stadt ist ber\u00fchmt f\u00fcr ihren Senf und ein wichtiger Handelsplatz f\u00fcr Burgunderweine. (Wikipedia.de)<\/p>\n<p>Beitrag und Bild von Thomas <a href=\"http:\/\/potsdamer-ehrenmale.de.tl\/Hauptseite.htm\">Potsdamer-Ehrenmale.de<\/a><\/p>\n<div id='gallery-1' class='gallery galleryid-35842 gallery-columns-3 gallery-size-thumbnail'><dl class='gallery-item'>\n\t\t\t<dt class='gallery-icon portrait'>\n\t\t\t\t<a href='http:\/\/www.denkfried.de\/wp\/?attachment_id=35851'><img loading=\"lazy\" decoding=\"async\" width=\"150\" height=\"150\" src=\"http:\/\/www.denkfried.de\/wp\/wp-content\/uploads\/2014\/07\/Dijon-Frankreich-Kriegsgr\u00e4berst\u00e4tte-150x150.jpg\" class=\"attachment-thumbnail size-thumbnail\" alt=\"\" \/><\/a>\n\t\t\t<\/dt><\/dl>\n\t\t\t<br style='clear: both' \/>\n\t\t<\/div>\n\n<p>Ein Bild aus den 40er Jahren vom Mittelpunkt des Kriegerfriedhofs. Das Bild ist aus dem Heft der Kriegsgr\u00e4berf\u00fcrsorge vom 21.03.1943.<\/p>\n","protected":false},"excerpt":{"rendered":"<p>Dijon deutsch veraltet: Dision[1], italienisch Digione) ist eine Stadt im Osten Frankreichs, Hauptstadt des D\u00e9partements C\u00f4te-d\u2019Or und die Hauptstadt der Region Burgund mit 151.672 Einwohnern (Stand 1.\u00a0Januar 2011). Dijon ist ein Verkehrs-, Handels- und Industriezentrum und Sitz der Universit\u00e9 de &hellip; <a href=\"http:\/\/www.denkfried.de\/wp\/?page_id=35842\">Weiterlesen <span class=\"meta-nav\">&rarr;<\/span><\/a><\/p>\n","protected":false},"author":9,"featured_media":0,"parent":8224,"menu_order":0,"comment_status":"closed","ping_status":"open","template":"","meta":{"footnotes":""},"class_list":["post-35842","page","type-page","status-publish","hentry"],"_links":{"self":[{"href":"http:\/\/www.denkfried.de\/wp\/index.php?rest_route=\/wp\/v2\/pages\/35842","targetHints":{"allow":["GET"]}}],"collection":[{"href":"http:\/\/www.denkfried.de\/wp\/index.php?rest_route=\/wp\/v2\/pages"}],"about":[{"href":"http:\/\/www.denkfried.de\/wp\/index.php?rest_route=\/wp\/v2\/types\/page"}],"author":[{"embeddable":true,"href":"http:\/\/www.denkfried.de\/wp\/index.php?rest_route=\/wp\/v2\/users\/9"}],"replies":[{"embeddable":true,"href":"http:\/\/www.denkfried.de\/wp\/index.php?rest_route=%2Fwp%2Fv2%2Fcomments&post=35842"}],"version-history":[{"count":10,"href":"http:\/\/www.denkfried.de\/wp\/index.php?rest_route=\/wp\/v2\/pages\/35842\/revisions"}],"predecessor-version":[{"id":35854,"href":"http:\/\/www.denkfried.de\/wp\/index.php?rest_route=\/wp\/v2\/pages\/35842\/revisions\/35854"}],"up":[{"embeddable":true,"href":"http:\/\/www.denkfried.de\/wp\/index.php?rest_route=\/wp\/v2\/pages\/8224"}],"wp:attachment":[{"href":"http:\/\/www.denkfried.de\/wp\/index.php?rest_route=%2Fwp%2Fv2%2Fmedia&parent=35842"}],"curies":[{"name":"wp","href":"https:\/\/api.w.org\/{rel}","templated":true}]}}