{"id":358,"date":"2011-04-02T15:58:29","date_gmt":"2011-04-02T13:58:29","guid":{"rendered":"http:\/\/www.bilderstapel.de\/test\/wp\/?page_id=358"},"modified":"2021-02-11T23:23:05","modified_gmt":"2021-02-11T22:23:05","slug":"ukraine","status":"publish","type":"page","link":"http:\/\/www.denkfried.de\/wp\/?page_id=358","title":{"rendered":"Ukraine"},"content":{"rendered":"<p><a href=\"http:\/\/www.denkfried.de\/wp\/?attachment_id=1875\" rel=\"attachment wp-att-1875\"><img loading=\"lazy\" decoding=\"async\" class=\"alignleft size-full wp-image-1875\" title=\"Ukraine-Flagge\" src=\"http:\/\/www.denkfried.de\/wp\/wp-content\/uploads\/2011\/04\/Ukraine-Flagge.png\" alt=\"\" width=\"113\" height=\"75\" \/><\/a><a href=\"http:\/\/www.denkfried.de\/wp\/?attachment_id=1876\" rel=\"attachment wp-att-1876\"><img loading=\"lazy\" decoding=\"async\" class=\"alignright size-full wp-image-1876\" title=\"Ukraine-Wappen\" src=\"http:\/\/www.denkfried.de\/wp\/wp-content\/uploads\/2011\/04\/Ukraine-Wappen.png\" alt=\"\" width=\"76\" height=\"106\" \/><\/a><\/p>\n<p style=\"text-align: center;\">Hauptstadt: <span style=\"text-decoration: underline; color: #ff0000;\"><strong>Kiew<\/strong><\/span><\/p>\n<p>&nbsp;<\/p>\n<p>Kriegsgr\u00e4berabkommen: 23.11.1994<\/p>\n<p>Die Anzahl der Toten erheben nicht den Anspruch auf Richtigkeit und Vollst\u00e4ndigkeit. Durch zwischenzeitliche Bergungen k\u00f6nnen sich die Zahlen st\u00e4ndig \u00e4ndern.<\/p>\n<ul>\n<li><a href=\"http:\/\/www.denkfried.de\/wp\/?page_id=41954\">Baschtanka<\/a><\/li>\n<li><a title=\"BELBEK-SEWASTOPOL\" href=\"http:\/\/www.denkfried.de\/wp\/?page_id=1881\">Belbek\/Sewastopol<\/a><\/li>\n<li>Bronniki\u00a0 \u00a0 \u00a0 \u00a0 \u00a0 \u00a0 \u00a0 \u00a0 \u00a0(190)<\/li>\n<li><a title=\"CHARKOW\" href=\"http:\/\/www.denkfried.de\/wp\/?page_id=1899\">Charkow<\/a><\/li>\n<li>Donezk\u00a0 \u00a0 \u00a0 \u00a0 \u00a0 \u00a0 \u00a0 \u00a0 \u00a0(1.717)<\/li>\n<li><a title=\"FEODOSSIJA\" href=\"http:\/\/www.denkfried.de\/wp\/?page_id=23062\">Feodossija<\/a><\/li>\n<li><a title=\"GONTSCHARNOJE\" href=\"http:\/\/www.denkfried.de\/wp\/?page_id=1906\">Gontscharnoje\/Sewastopol<\/a><\/li>\n<li>Kiew (Sammelfriedhof)\u00a0 \u00a0 \u00a0 \u00a0(20.525)<\/li>\n<li>Kiew\/Syrez\u00a0 \u00a0KGF\u00a0 \u00a0 \u00a0(300)\u00a0 \u00a0 (09.09.1995)<\/li>\n<li>Kirowograd\u00a0 \u00a0 \u00a0 \u00a0 \u00a0 \u00a0 \u00a0(16.121)<\/li>\n<li><a title=\"KRUPSKOJE\/Kirovograd\" href=\"http:\/\/www.denkfried.de\/wp\/?page_id=1910\">Krupskoje<\/a><\/li>\n<li>Odessa\u00a0 \u00a0KGF\u00a0 \u00a0 \u00a0 \u00a0 \u00a0 (1.507)<\/li>\n<li>Potylicz\u00a0 \u00a0 \u00a0 \u00a0(06.06.1998)<\/li>\n<li><a title=\"POTELITSCH\" href=\"http:\/\/www.denkfried.de\/wp\/?page_id=1952\">Potelitsch<\/a><\/li>\n<li>Sambir\u00a0 \u00a0KGF\u00a0 \u00a0 \u00a0 \u00a0 \u00a0 \u00a0(1.167)<\/li>\n<li>Saporoschje\u00a0 KGF<\/li>\n<li>Sewastopol (Sammelfriedhof)<\/li>\n<li>Shitomir\u00a0 \u00a0 \u00a0 \u00a0 \u00a0 \u00a0 \u00a0 \u00a0 \u00a0(2.557)<\/li>\n<li><a title=\"SNAMJANKA\" href=\"http:\/\/www.denkfried.de\/wp\/?page_id=1963\">Snamjanka<\/a><\/li>\n<li><a href=\"http:\/\/www.denkfried.de\/wp\/?page_id=27472\">Stryj<\/a> 1.WK<\/li>\n<li><a title=\"SUBOTCY\" href=\"http:\/\/www.denkfried.de\/wp\/?page_id=1954\">Subotcy<\/a><\/li>\n<li><a href=\"http:\/\/www.denkfried.de\/wp\/?page_id=28339\">Uman<\/a><\/li>\n<li><a href=\"http:\/\/www.denkfried.de\/wp\/?page_id=17084\">Uspenskaja<\/a> Soldatenfriedhof der 5.SS-Panzer-Divison Wiking<\/li>\n<\/ul>\n<ul>\n<li>Russische Friedh\u00f6fe<br \/>\n<a title=\"OLEXANDRIJA\" href=\"http:\/\/www.denkfried.de\/wp\/?page_id=1929\">Olexandrija<\/a><br \/>\n-Alter Friedhof<\/li>\n<\/ul>\n<p><span style=\"text-decoration: underline;\"><strong>Grablagen, Friedhofsanlagen von Kriegsgefangenen<\/strong><\/span><\/p>\n<ul>\n<li><span style=\"color: #ff0000;\">Bryanka (Donbass)<\/span><\/li>\n<li><span style=\"color: #ff0000;\">Bsow (Obl.Kiew)\u00a0 414\/3<\/span><\/li>\n<li><span style=\"color: #ff0000;\">Cherson<\/span><\/li>\n<li><span style=\"color: #ff0000;\">Gischino (Obl.Wolhynsk)<\/span><\/li>\n<li><span style=\"color: #ff0000;\">Gluchowzy (Obl.Winniza)<\/span><\/li>\n<li><span style=\"color: #ff0000;\">Gnevan (Obl.Winniza)<\/span><\/li>\n<li><span style=\"color: #ff0000;\">Jenakiewo<\/span><\/li>\n<li><span style=\"color: #ff0000;\">Krasnoperekopsk (AR Krim)<\/span><\/li>\n<li><span style=\"color: #ff0000;\">Kosjatin<\/span><\/li>\n<li><span style=\"color: #ff0000;\">Kowel<\/span><\/li>\n<li><span style=\"color: #ff0000;\">Ladan<\/span><\/li>\n<li><span style=\"color: #ff0000;\">Lestschinowka<\/span><\/li>\n<li><span style=\"color: #ff0000;\">Linowiza<\/span><\/li>\n<li><span style=\"color: #ff0000;\">Mena<\/span><\/li>\n<li><span style=\"color: #ff0000;\">Mariano<\/span><\/li>\n<li><span style=\"color: #ff0000;\">Mirgorod<\/span><\/li>\n<li><span style=\"color: #ff0000;\">Mitschurino<\/span><\/li>\n<li><span style=\"color: #ff0000;\">Morewsk<\/span><\/li>\n<li><span style=\"color: #ff0000;\">Peljuchowka<\/span><\/li>\n<li><span style=\"color: #ff0000;\">Polonnoje<\/span><\/li>\n<li><span style=\"color: #ff0000;\">Poltawa\u00a0 (496)<\/span><\/li>\n<li><span style=\"color: #ff0000;\">Samschany<\/span><\/li>\n<li><span style=\"color: #ff0000;\">Schepetowka<\/span><\/li>\n<li><span style=\"color: #ff0000;\">Sewastopol\u00a0 7x<\/span><\/li>\n<li><span style=\"color: #ff0000;\">Silnoje<\/span><\/li>\n<li><span style=\"color: #ff0000;\">Sugres<\/span><\/li>\n<li><span style=\"color: #ff0000;\">Talnoje<\/span><\/li>\n<li><a title=\"TSCHERNIGOW\" href=\"http:\/\/www.denkfried.de\/wp\/?page_id=23066\"><span style=\"color: #ff0000;\">Tschernigow<\/span><\/a><\/li>\n<li><span style=\"color: #ff0000;\">Tushar<\/span><\/li>\n<\/ul>\n<p>&nbsp;<\/p>\n","protected":false},"excerpt":{"rendered":"<p>Hauptstadt: Kiew &nbsp; Kriegsgr\u00e4berabkommen: 23.11.1994 Die Anzahl der Toten erheben nicht den Anspruch auf Richtigkeit und Vollst\u00e4ndigkeit. Durch zwischenzeitliche Bergungen k\u00f6nnen sich die Zahlen st\u00e4ndig \u00e4ndern. Baschtanka Belbek\/Sewastopol Bronniki\u00a0 \u00a0 \u00a0 \u00a0 \u00a0 \u00a0 \u00a0 \u00a0 \u00a0(190) Charkow Donezk\u00a0 \u00a0 &hellip; <a href=\"http:\/\/www.denkfried.de\/wp\/?page_id=358\">Weiterlesen <span class=\"meta-nav\">&rarr;<\/span><\/a><\/p>\n","protected":false},"author":2,"featured_media":0,"parent":122,"menu_order":32,"comment_status":"open","ping_status":"open","template":"","meta":{"footnotes":""},"class_list":["post-358","page","type-page","status-publish","hentry"],"_links":{"self":[{"href":"http:\/\/www.denkfried.de\/wp\/index.php?rest_route=\/wp\/v2\/pages\/358","targetHints":{"allow":["GET"]}}],"collection":[{"href":"http:\/\/www.denkfried.de\/wp\/index.php?rest_route=\/wp\/v2\/pages"}],"about":[{"href":"http:\/\/www.denkfried.de\/wp\/index.php?rest_route=\/wp\/v2\/types\/page"}],"author":[{"embeddable":true,"href":"http:\/\/www.denkfried.de\/wp\/index.php?rest_route=\/wp\/v2\/users\/2"}],"replies":[{"embeddable":true,"href":"http:\/\/www.denkfried.de\/wp\/index.php?rest_route=%2Fwp%2Fv2%2Fcomments&post=358"}],"version-history":[{"count":26,"href":"http:\/\/www.denkfried.de\/wp\/index.php?rest_route=\/wp\/v2\/pages\/358\/revisions"}],"predecessor-version":[{"id":41958,"href":"http:\/\/www.denkfried.de\/wp\/index.php?rest_route=\/wp\/v2\/pages\/358\/revisions\/41958"}],"up":[{"embeddable":true,"href":"http:\/\/www.denkfried.de\/wp\/index.php?rest_route=\/wp\/v2\/pages\/122"}],"wp:attachment":[{"href":"http:\/\/www.denkfried.de\/wp\/index.php?rest_route=%2Fwp%2Fv2%2Fmedia&parent=358"}],"curies":[{"name":"wp","href":"https:\/\/api.w.org\/{rel}","templated":true}]}}