{"id":3564,"date":"2011-04-16T23:27:23","date_gmt":"2011-04-16T21:27:23","guid":{"rendered":"http:\/\/www.denkfried.de\/wp\/?page_id=3564"},"modified":"2013-07-20T22:24:49","modified_gmt":"2013-07-20T20:24:49","slug":"polsingen-ot-dockingen","status":"publish","type":"page","link":"http:\/\/www.denkfried.de\/wp\/?page_id=3564","title":{"rendered":"&#8211; D\u00f6ckingen"},"content":{"rendered":"<p>&nbsp;<\/p>\n<p><span style=\"text-decoration: underline; color: #000000;\">91805 Polsingen &#8211; <strong>OT D\u00f6ckingen<\/strong><\/span><\/p>\n<p>Auf dem Ortsfriedhof sind zwei Gemeinschaftsgr\u00e4ber mit 13 gefallenen deutschen Soldaten errichtet worden. Sie alle fielen bei Gefechten am 23.4.1945 in D\u00f6ckingen. Ihre Namen mit der Angabe des Geburtsortes sind auf den Grabsteinen angebracht.<\/p>\n<p>Beitrag u.Fotos von Hubert M.<\/p>\n<div id='gallery-1' class='gallery galleryid-3564 gallery-columns-2 gallery-size-thumbnail'><dl class='gallery-item'>\n\t\t\t<dt class='gallery-icon landscape'>\n\t\t\t\t<a href='http:\/\/www.denkfried.de\/wp\/?attachment_id=3565'><img loading=\"lazy\" decoding=\"async\" width=\"150\" height=\"150\" src=\"http:\/\/www.denkfried.de\/wp\/wp-content\/uploads\/2011\/04\/Kriegsgr\u00e4berst\u00e4tte-Polsingen-D\u00f6ckingen-02-150x150.jpg\" class=\"attachment-thumbnail size-thumbnail\" alt=\"\" \/><\/a>\n\t\t\t<\/dt><\/dl><dl class='gallery-item'>\n\t\t\t<dt class='gallery-icon landscape'>\n\t\t\t\t<a href='http:\/\/www.denkfried.de\/wp\/?attachment_id=3566'><img loading=\"lazy\" decoding=\"async\" width=\"150\" height=\"150\" src=\"http:\/\/www.denkfried.de\/wp\/wp-content\/uploads\/2011\/04\/Kriegsgr\u00e4berst\u00e4tte-Polsingen-D\u00f6ckingen-01-150x150.jpg\" class=\"attachment-thumbnail size-thumbnail\" alt=\"\" \/><\/a>\n\t\t\t<\/dt><\/dl><br style=\"clear: both\" \/>\n\t\t<\/div>\n\n","protected":false},"excerpt":{"rendered":"<p>&nbsp; 91805 Polsingen &#8211; OT D\u00f6ckingen Auf dem Ortsfriedhof sind zwei Gemeinschaftsgr\u00e4ber mit 13 gefallenen deutschen Soldaten errichtet worden. Sie alle fielen bei Gefechten am 23.4.1945 in D\u00f6ckingen. Ihre Namen mit der Angabe des Geburtsortes sind auf den Grabsteinen angebracht. &hellip; <a href=\"http:\/\/www.denkfried.de\/wp\/?page_id=3564\">Weiterlesen <span class=\"meta-nav\">&rarr;<\/span><\/a><\/p>\n","protected":false},"author":2,"featured_media":0,"parent":3561,"menu_order":0,"comment_status":"closed","ping_status":"open","template":"","meta":{"footnotes":""},"class_list":["post-3564","page","type-page","status-publish","hentry"],"_links":{"self":[{"href":"http:\/\/www.denkfried.de\/wp\/index.php?rest_route=\/wp\/v2\/pages\/3564","targetHints":{"allow":["GET"]}}],"collection":[{"href":"http:\/\/www.denkfried.de\/wp\/index.php?rest_route=\/wp\/v2\/pages"}],"about":[{"href":"http:\/\/www.denkfried.de\/wp\/index.php?rest_route=\/wp\/v2\/types\/page"}],"author":[{"embeddable":true,"href":"http:\/\/www.denkfried.de\/wp\/index.php?rest_route=\/wp\/v2\/users\/2"}],"replies":[{"embeddable":true,"href":"http:\/\/www.denkfried.de\/wp\/index.php?rest_route=%2Fwp%2Fv2%2Fcomments&post=3564"}],"version-history":[{"count":5,"href":"http:\/\/www.denkfried.de\/wp\/index.php?rest_route=\/wp\/v2\/pages\/3564\/revisions"}],"predecessor-version":[{"id":3569,"href":"http:\/\/www.denkfried.de\/wp\/index.php?rest_route=\/wp\/v2\/pages\/3564\/revisions\/3569"}],"up":[{"embeddable":true,"href":"http:\/\/www.denkfried.de\/wp\/index.php?rest_route=\/wp\/v2\/pages\/3561"}],"wp:attachment":[{"href":"http:\/\/www.denkfried.de\/wp\/index.php?rest_route=%2Fwp%2Fv2%2Fmedia&parent=3564"}],"curies":[{"name":"wp","href":"https:\/\/api.w.org\/{rel}","templated":true}]}}