{"id":35630,"date":"2014-06-25T18:50:45","date_gmt":"2014-06-25T16:50:45","guid":{"rendered":"http:\/\/www.denkfried.de\/wp\/?page_id=35630"},"modified":"2016-01-09T19:55:13","modified_gmt":"2016-01-09T18:55:13","slug":"haselhorst-zitadelle","status":"publish","type":"page","link":"http:\/\/www.denkfried.de\/wp\/?page_id=35630","title":{"rendered":"Haselhorst &#8211; Zitadelle"},"content":{"rendered":"<p>&nbsp;<\/p>\n<p>Berlin Spandau &#8211; <strong>OT Haselhorst &#8211; Zitadelle<\/strong><\/p>\n<p>Festungsbauwerk, die mittelalterlichen Burg wurde von 1559 bis 1594 errichtet.<\/p>\n<p>Bericht und Bilder von Thomas\u00a0<a href=\"http:\/\/g-bb.jimdo.com\/\">Gefallenendenkm\u00e4ler Berlin\/Brandenburg<\/a><\/p>\n<div id='gallery-1' class='gallery galleryid-35630 gallery-columns-3 gallery-size-thumbnail'><dl class='gallery-item'>\n\t\t\t<dt class='gallery-icon landscape'>\n\t\t\t\t<a href='http:\/\/www.denkfried.de\/wp\/?attachment_id=36751'><img loading=\"lazy\" decoding=\"async\" width=\"150\" height=\"150\" src=\"http:\/\/www.denkfried.de\/wp\/wp-content\/uploads\/2014\/06\/Berlin-Spandau-Zitadelle-150x150.jpg\" class=\"attachment-thumbnail size-thumbnail\" alt=\"\" aria-describedby=\"gallery-1-36751\" \/><\/a>\n\t\t\t<\/dt>\n\t\t\t\t<dd class='wp-caption-text gallery-caption' id='gallery-1-36751'>\n\t\t\t\tZitadelle\n\t\t\t\t<\/dd><\/dl><dl class='gallery-item'>\n\t\t\t<dt class='gallery-icon landscape'>\n\t\t\t\t<a href='http:\/\/www.denkfried.de\/wp\/?attachment_id=35639'><img loading=\"lazy\" decoding=\"async\" width=\"150\" height=\"150\" src=\"http:\/\/www.denkfried.de\/wp\/wp-content\/uploads\/2014\/06\/Zitadelle-Br\u00fccke-150x150.jpg\" class=\"attachment-thumbnail size-thumbnail\" alt=\"\" aria-describedby=\"gallery-1-35639\" \/><\/a>\n\t\t\t<\/dt>\n\t\t\t\t<dd class='wp-caption-text gallery-caption' id='gallery-1-35639'>\n\t\t\t\tBr\u00fccke zur Burg\n\t\t\t\t<\/dd><\/dl><dl class='gallery-item'>\n\t\t\t<dt class='gallery-icon landscape'>\n\t\t\t\t<a href='http:\/\/www.denkfried.de\/wp\/?attachment_id=35640'><img loading=\"lazy\" decoding=\"async\" width=\"150\" height=\"150\" src=\"http:\/\/www.denkfried.de\/wp\/wp-content\/uploads\/2014\/06\/Zitadelle-Eingang-150x150.jpg\" class=\"attachment-thumbnail size-thumbnail\" alt=\"\" aria-describedby=\"gallery-1-35640\" \/><\/a>\n\t\t\t<\/dt>\n\t\t\t\t<dd class='wp-caption-text gallery-caption' id='gallery-1-35640'>\n\t\t\t\tEingang\n\t\t\t\t<\/dd><\/dl><br style=\"clear: both\" \/><dl class='gallery-item'>\n\t\t\t<dt class='gallery-icon landscape'>\n\t\t\t\t<a href='http:\/\/www.denkfried.de\/wp\/?attachment_id=35642'><img loading=\"lazy\" decoding=\"async\" width=\"150\" height=\"150\" src=\"http:\/\/www.denkfried.de\/wp\/wp-content\/uploads\/2014\/06\/Zitadelle-Tafel-1813-150x150.jpg\" class=\"attachment-thumbnail size-thumbnail\" alt=\"\" aria-describedby=\"gallery-1-35642\" \/><\/a>\n\t\t\t<\/dt>\n\t\t\t\t<dd class='wp-caption-text gallery-caption' id='gallery-1-35642'>\n\t\t\t\tTafel 1813\n\t\t\t\t<\/dd><\/dl><dl class='gallery-item'>\n\t\t\t<dt class='gallery-icon landscape'>\n\t\t\t\t<a href='http:\/\/www.denkfried.de\/wp\/?attachment_id=36598'><img loading=\"lazy\" decoding=\"async\" width=\"150\" height=\"150\" src=\"http:\/\/www.denkfried.de\/wp\/wp-content\/uploads\/2014\/06\/Spandau-Zitadelle-Gedenktafel-150x150.jpg\" class=\"attachment-thumbnail size-thumbnail\" alt=\"\" aria-describedby=\"gallery-1-36598\" \/><\/a>\n\t\t\t<\/dt>\n\t\t\t\t<dd class='wp-caption-text gallery-caption' id='gallery-1-36598'>\n\t\t\t\tGedenkrelief Westkurtine\n\t\t\t\t<\/dd><\/dl><dl class='gallery-item'>\n\t\t\t<dt class='gallery-icon landscape'>\n\t\t\t\t<a href='http:\/\/www.denkfried.de\/wp\/?attachment_id=35641'><img loading=\"lazy\" decoding=\"async\" width=\"150\" height=\"150\" src=\"http:\/\/www.denkfried.de\/wp\/wp-content\/uploads\/2014\/06\/Zitadelle-Sterbebilder-Soldaten-150x150.jpg\" class=\"attachment-thumbnail size-thumbnail\" alt=\"\" aria-describedby=\"gallery-1-35641\" \/><\/a>\n\t\t\t<\/dt>\n\t\t\t\t<dd class='wp-caption-text gallery-caption' id='gallery-1-35641'>\n\t\t\t\tTotenbilder\n\t\t\t\t<\/dd><\/dl><br style=\"clear: both\" \/>\n\t\t<\/div>\n\n<p>Im Jahr 1557 wurde mit den Vorarbeiten zum Zitadellenbau begonnen. Der eigentliche Baubeginn und der Armierungsentwurf fanden im Jahr 1560 statt. 1580 erfolgte die erste Belegung mit Mannschaften 1594 wurde der Festungsbau vollendet. 1620 begann die Umbauung der Stadt Spandau mit Wallanlagen. Die Festung war jetzt Zitadelle. Im Jahr 1636 zog der Statthalter Graf Adam zu Schwarzenberg mit der Kriegskanzlei auf die Zitadelle.<\/p>\n<p>Schwedische Truppen lagen 1675 vor der Zitadelle. 1691 ereignete sich eine Explosion auf der Bastion Kronprinz, worauf 1692 diese Bastion neu erbaut wurde.<\/p>\n<p>W\u00e4hrend des Krieges mit Frankreich kapitulierte der Kommandant der Zitadelle am 25. Oktober 1806 ohne dass er versucht hatte, sie zu verteidigen. Napoleon Bonaparte besichtigte sie am Tag darauf. Zu Beginn der Befreiungskriege explodierte bei der Belagerung der von franz\u00f6sischen und polnischen Truppen besetzten Festung durch einen Artillerietreffer der Preu\u00dfen das Pulvermagazin auf der Bastion K\u00f6nigin. Der Bombardier Henny von der sechspf\u00fcndigen Fu\u00df-Batterie Nr. 6 der brandenburgischen Artilleriebrigade bekam hierf\u00fcr das Eiserne Kreuz. Am 26. April 1813 \u00fcbergab die Besatzung die Festung gegen freien Abzug dem General August von Th\u00fcmen. Ein Gedenkstein befindet sich auf dem\u00a0Wall der\u00a0Bastion K\u00f6nigin, dieser war einst an der Charlottenburger Chaussee\/Teltower Stra\u00dfe aufgestellt.\u00a0<b>Der Haubitz Batterie\u00a0Baumgarten\u00a0zum Ged\u00e4chtnis,\u00a0die v. dieser Stelle aus\u00a0am 18. April 1813\u00a0d. Citadelle in Brand scho\u00df\u00a0u. die Befreiung\u00a0Spandaus\u00a0vom franz. Joche\u00a0herbeif\u00fchrte.<\/b><\/p>\n<p>Die Restaurierung der Bastion K\u00f6nigin erfolgte 1821. das Au\u00dfenmauerwerk wurde 1885 in der heutigen Form verblendet.<\/p>\n<p>Im Jahr 1935 wurde ein Heeresgasschutzlaboratorium eingerichtet. Hierbei wurden umfangreiche Forschungen am Nervengas Tabun durchgef\u00fchrt. Nach Ende des Zweiten Weltkrieges fand 1945 die kampflose Besetzung durch sowjetische Truppen statt.<\/p>\n<p>Zwischen 1945 und 1948 war die britische Verwaltung Hausherr in der Zitadelle, in der 1960 ein Heimatmuseum im Palas er\u00f6ffnet wurde. 1962 bis 1976 fanden umfangreiche Restaurierungsarbeiten in der Zitadelle statt, in deren Verlauf auch Kampfmittel gesucht und ger\u00e4umt wurden. Planungen f\u00fcr die Unterbringung des Museums f\u00fcr Vor- und Fr\u00fchgeschichte auf der Zitadelle zerschlugen sich mit dem Fall der Mauer. Im Jahr 1992 wurde das Stadtgeschichtliche Museum im Zeughaus er\u00f6ffnet. Ein Gedenkrelief f\u00fcr die Opfer der Kriege, befindet sich an der Westkurtine.<\/p>\n<p><span style=\"text-decoration: underline;\"><strong>Enth\u00fcllt. Berlin und\u00a0seine Denkm\u00e4ler<\/strong><\/span><\/p>\n<p>Sammlung im ehemaligen Magazin. Seid einigen Jahren\u00a0wird das Magazin (Haus 8) umgebaut, ende April 2016 soll nun die Er\u00f6ffnung der Ausstellung sein. Hier befinden sich Denkm\u00e4ler aus verschiedenen Epochen der Deutschen Geschichte.<\/p>\n<p>Quelle: Wikipedia<\/p>\n","protected":false},"excerpt":{"rendered":"<p>&nbsp; Berlin Spandau &#8211; OT Haselhorst &#8211; Zitadelle Festungsbauwerk, die mittelalterlichen Burg wurde von 1559 bis 1594 errichtet. Bericht und Bilder von Thomas\u00a0Gefallenendenkm\u00e4ler Berlin\/Brandenburg Im Jahr 1557 wurde mit den Vorarbeiten zum Zitadellenbau begonnen. Der eigentliche Baubeginn und der Armierungsentwurf &hellip; <a href=\"http:\/\/www.denkfried.de\/wp\/?page_id=35630\">Weiterlesen <span class=\"meta-nav\">&rarr;<\/span><\/a><\/p>\n","protected":false},"author":9,"featured_media":0,"parent":4568,"menu_order":0,"comment_status":"closed","ping_status":"open","template":"","meta":{"footnotes":""},"class_list":["post-35630","page","type-page","status-publish","hentry"],"_links":{"self":[{"href":"http:\/\/www.denkfried.de\/wp\/index.php?rest_route=\/wp\/v2\/pages\/35630","targetHints":{"allow":["GET"]}}],"collection":[{"href":"http:\/\/www.denkfried.de\/wp\/index.php?rest_route=\/wp\/v2\/pages"}],"about":[{"href":"http:\/\/www.denkfried.de\/wp\/index.php?rest_route=\/wp\/v2\/types\/page"}],"author":[{"embeddable":true,"href":"http:\/\/www.denkfried.de\/wp\/index.php?rest_route=\/wp\/v2\/users\/9"}],"replies":[{"embeddable":true,"href":"http:\/\/www.denkfried.de\/wp\/index.php?rest_route=%2Fwp%2Fv2%2Fcomments&post=35630"}],"version-history":[{"count":21,"href":"http:\/\/www.denkfried.de\/wp\/index.php?rest_route=\/wp\/v2\/pages\/35630\/revisions"}],"predecessor-version":[{"id":40383,"href":"http:\/\/www.denkfried.de\/wp\/index.php?rest_route=\/wp\/v2\/pages\/35630\/revisions\/40383"}],"up":[{"embeddable":true,"href":"http:\/\/www.denkfried.de\/wp\/index.php?rest_route=\/wp\/v2\/pages\/4568"}],"wp:attachment":[{"href":"http:\/\/www.denkfried.de\/wp\/index.php?rest_route=%2Fwp%2Fv2%2Fmedia&parent=35630"}],"curies":[{"name":"wp","href":"https:\/\/api.w.org\/{rel}","templated":true}]}}