{"id":35608,"date":"2014-06-22T19:56:17","date_gmt":"2014-06-22T17:56:17","guid":{"rendered":"http:\/\/www.denkfried.de\/wp\/?page_id=35608"},"modified":"2016-11-22T13:18:17","modified_gmt":"2016-11-22T12:18:17","slug":"regensburg-konradsiedlung","status":"publish","type":"page","link":"http:\/\/www.denkfried.de\/wp\/?page_id=35608","title":{"rendered":"&#8211; KONRADSIEDLUNG"},"content":{"rendered":"<p>&nbsp;<\/p>\n<p><span style=\"text-decoration: underline;\">93057 Regensburg &#8211; <strong>OT Konradsiedlung-Wutzlhofen<\/strong><\/span><\/p>\n<p>Kriegerdenkmal\/Gedenktafeln an der Kirche<\/p>\n<p>Die Kirche wurde ab 1935 erbaut allerdings verf\u00fcgt sie \u00fcber keinen eigenen Friedhof.<\/p>\n<p>Die Wohnsiedlung entstand w\u00e4hrend der NS-Zeit deren Bewohner haupts\u00e4chlich Arbeit in den nahen Messerschmittwerken suchten. Einige H\u00e4user aus dieser Zeit stehen heute noch.<\/p>\n<p>Fotos: Hubert M.<\/p>\n<div id='gallery-1' class='gallery galleryid-35608 gallery-columns-3 gallery-size-thumbnail'><dl class='gallery-item'>\n\t\t\t<dt class='gallery-icon landscape'>\n\t\t\t\t<a href='http:\/\/www.denkfried.de\/wp\/?attachment_id=35609'><img loading=\"lazy\" decoding=\"async\" width=\"150\" height=\"150\" src=\"http:\/\/www.denkfried.de\/wp\/wp-content\/uploads\/2014\/06\/KDM-Konradsiedlung-01-150x150.jpg\" class=\"attachment-thumbnail size-thumbnail\" alt=\"\" \/><\/a>\n\t\t\t<\/dt><\/dl><dl class='gallery-item'>\n\t\t\t<dt class='gallery-icon portrait'>\n\t\t\t\t<a href='http:\/\/www.denkfried.de\/wp\/?attachment_id=35610'><img loading=\"lazy\" decoding=\"async\" width=\"150\" height=\"150\" src=\"http:\/\/www.denkfried.de\/wp\/wp-content\/uploads\/2014\/06\/KDM-Konradsiedlung-02-150x150.jpg\" class=\"attachment-thumbnail size-thumbnail\" alt=\"\" \/><\/a>\n\t\t\t<\/dt><\/dl><dl class='gallery-item'>\n\t\t\t<dt class='gallery-icon portrait'>\n\t\t\t\t<a href='http:\/\/www.denkfried.de\/wp\/?attachment_id=35611'><img loading=\"lazy\" decoding=\"async\" width=\"150\" height=\"150\" src=\"http:\/\/www.denkfried.de\/wp\/wp-content\/uploads\/2014\/06\/KDM-Konradsiedlung-150x150.jpg\" class=\"attachment-thumbnail size-thumbnail\" alt=\"\" \/><\/a>\n\t\t\t<\/dt><\/dl><br style=\"clear: both\" \/>\n\t\t<\/div>\n\n","protected":false},"excerpt":{"rendered":"<p>&nbsp; 93057 Regensburg &#8211; OT Konradsiedlung-Wutzlhofen Kriegerdenkmal\/Gedenktafeln an der Kirche Die Kirche wurde ab 1935 erbaut allerdings verf\u00fcgt sie \u00fcber keinen eigenen Friedhof. Die Wohnsiedlung entstand w\u00e4hrend der NS-Zeit deren Bewohner haupts\u00e4chlich Arbeit in den nahen Messerschmittwerken suchten. Einige H\u00e4user &hellip; <a href=\"http:\/\/www.denkfried.de\/wp\/?page_id=35608\">Weiterlesen <span class=\"meta-nav\">&rarr;<\/span><\/a><\/p>\n","protected":false},"author":2,"featured_media":0,"parent":3731,"menu_order":0,"comment_status":"closed","ping_status":"open","template":"","meta":{"footnotes":""},"class_list":["post-35608","page","type-page","status-publish","hentry"],"_links":{"self":[{"href":"http:\/\/www.denkfried.de\/wp\/index.php?rest_route=\/wp\/v2\/pages\/35608","targetHints":{"allow":["GET"]}}],"collection":[{"href":"http:\/\/www.denkfried.de\/wp\/index.php?rest_route=\/wp\/v2\/pages"}],"about":[{"href":"http:\/\/www.denkfried.de\/wp\/index.php?rest_route=\/wp\/v2\/types\/page"}],"author":[{"embeddable":true,"href":"http:\/\/www.denkfried.de\/wp\/index.php?rest_route=\/wp\/v2\/users\/2"}],"replies":[{"embeddable":true,"href":"http:\/\/www.denkfried.de\/wp\/index.php?rest_route=%2Fwp%2Fv2%2Fcomments&post=35608"}],"version-history":[{"count":2,"href":"http:\/\/www.denkfried.de\/wp\/index.php?rest_route=\/wp\/v2\/pages\/35608\/revisions"}],"predecessor-version":[{"id":40930,"href":"http:\/\/www.denkfried.de\/wp\/index.php?rest_route=\/wp\/v2\/pages\/35608\/revisions\/40930"}],"up":[{"embeddable":true,"href":"http:\/\/www.denkfried.de\/wp\/index.php?rest_route=\/wp\/v2\/pages\/3731"}],"wp:attachment":[{"href":"http:\/\/www.denkfried.de\/wp\/index.php?rest_route=%2Fwp%2Fv2%2Fmedia&parent=35608"}],"curies":[{"name":"wp","href":"https:\/\/api.w.org\/{rel}","templated":true}]}}