{"id":35580,"date":"2014-06-17T22:25:51","date_gmt":"2014-06-17T20:25:51","guid":{"rendered":"http:\/\/www.denkfried.de\/wp\/?page_id=35580"},"modified":"2014-06-17T22:27:37","modified_gmt":"2014-06-17T20:27:37","slug":"lk-herford","status":"publish","type":"page","link":"http:\/\/www.denkfried.de\/wp\/?page_id=35580","title":{"rendered":"LK HERFORD"},"content":{"rendered":"<p>Verwaltungssitz: 32051 Herford, Amtshausstra\u00dfe 3<\/p>\n<p>__________________________________________________________<\/p>\n<p><strong>St\u00e4dte:<\/strong><\/p>\n<blockquote>\n<ul>\n<li>B\u00fcnde<\/li>\n<li>Enger<\/li>\n<li>Enger-Besenkamp<\/li>\n<li>Enger-Oldinghausen<\/li>\n<li>Herford<\/li>\n<li>Herford-Eickum<\/li>\n<li>L\u00f6hne<\/li>\n<li>Spenge<\/li>\n<li>Vlotho<\/li>\n<\/ul>\n<\/blockquote>\n<p><strong>Gemeinden:<\/strong><\/p>\n<blockquote>\n<ul>\n<li>Hiddenhausen<\/li>\n<li>Kirchlengern<\/li>\n<li>R\u00f6dinghausen<\/li>\n<\/ul>\n<\/blockquote>\n<p>&nbsp;<\/p>\n","protected":false},"excerpt":{"rendered":"<p>Verwaltungssitz: 32051 Herford, Amtshausstra\u00dfe 3 __________________________________________________________ St\u00e4dte: B\u00fcnde Enger Enger-Besenkamp Enger-Oldinghausen Herford Herford-Eickum L\u00f6hne Spenge Vlotho Gemeinden: Hiddenhausen Kirchlengern R\u00f6dinghausen &nbsp;<\/p>\n","protected":false},"author":2,"featured_media":0,"parent":390,"menu_order":0,"comment_status":"closed","ping_status":"open","template":"","meta":{"footnotes":""},"class_list":["post-35580","page","type-page","status-publish","hentry"],"_links":{"self":[{"href":"http:\/\/www.denkfried.de\/wp\/index.php?rest_route=\/wp\/v2\/pages\/35580","targetHints":{"allow":["GET"]}}],"collection":[{"href":"http:\/\/www.denkfried.de\/wp\/index.php?rest_route=\/wp\/v2\/pages"}],"about":[{"href":"http:\/\/www.denkfried.de\/wp\/index.php?rest_route=\/wp\/v2\/types\/page"}],"author":[{"embeddable":true,"href":"http:\/\/www.denkfried.de\/wp\/index.php?rest_route=\/wp\/v2\/users\/2"}],"replies":[{"embeddable":true,"href":"http:\/\/www.denkfried.de\/wp\/index.php?rest_route=%2Fwp%2Fv2%2Fcomments&post=35580"}],"version-history":[{"count":3,"href":"http:\/\/www.denkfried.de\/wp\/index.php?rest_route=\/wp\/v2\/pages\/35580\/revisions"}],"predecessor-version":[{"id":35583,"href":"http:\/\/www.denkfried.de\/wp\/index.php?rest_route=\/wp\/v2\/pages\/35580\/revisions\/35583"}],"up":[{"embeddable":true,"href":"http:\/\/www.denkfried.de\/wp\/index.php?rest_route=\/wp\/v2\/pages\/390"}],"wp:attachment":[{"href":"http:\/\/www.denkfried.de\/wp\/index.php?rest_route=%2Fwp%2Fv2%2Fmedia&parent=35580"}],"curies":[{"name":"wp","href":"https:\/\/api.w.org\/{rel}","templated":true}]}}