{"id":355,"date":"2011-04-02T15:57:59","date_gmt":"2011-04-02T13:57:59","guid":{"rendered":"http:\/\/www.bilderstapel.de\/test\/wp\/?page_id=355"},"modified":"2020-10-14T21:40:50","modified_gmt":"2020-10-14T19:40:50","slug":"tschechien","status":"publish","type":"page","link":"http:\/\/www.denkfried.de\/wp\/?page_id=355","title":{"rendered":"Tschechien"},"content":{"rendered":"<p>&nbsp;<\/p>\n<p>Hauptstadt:\u00a0\u00a0\u00a0 <span style=\"text-decoration: underline; color: #ff0000;\"><strong>Prag<\/strong><\/span><\/p>\n<p>Tschechien gliedert sich in die beiden historisch-politischen Einheiten B\u00f6hmen und M\u00e4hren.<br \/>\nDer Drei\u00dfigj\u00e4hrige Krieg wurde 1618 durch den ber\u00fchmten &#8222;Prager Fenstersturz&#8220; ausgel\u00f6st.<br \/>\nZehn Jahre sp\u00e4ter wurde das Land in die habsburgische Donaumonarchie eingegliedert.<br \/>\nIn der Endphase des Ersten Weltkrieges ergab sich die M\u00f6glichkeit der Unabh\u00e4ngigkeit von \u00d6sterreich-Ungarn. Somit erfolgte 1918 mit den Slowaken die Gr\u00fcndung die Tschechoslowakei.<br \/>\n1939 marschierte die deutsche Wehrmacht in Prag ein, Hitler zerschlug die Tschechoslowakei und errichtete das &#8222;Protektorat B\u00f6hmen und M\u00e4hren&#8220;.<br \/>\nNach Kriegsende wurde die Tschechoslowakei wieder in ihren alten Grenzen hergestellt, mit ausnahme der Karpato-Ukraine, die die Sowjetunion annektierte.<br \/>\nDie deutschsprachigen Einwohner in den b\u00f6hmischen L\u00e4ndern bezeichnete man als Sudetendeutsche deren Vertreibung im Mai 1945 begann. Hunderttausende mu\u00dften ihre Heimat verlassen, jeder F\u00fcnfte kam dabei ums Leben.<\/p>\n<p>Dem Volksbund sind in der ehemaligen Tschechoslowakei rund 114.000 Gefallene an 5.200 Grablageorten bekannt, davon liegen im heutigen Tschechien 18.363 Grabmeldungen vor die sich auf 1.635 Orte verteilen.<\/p>\n<p>Kriegsgr\u00e4berabkommen:<\/p>\n<p>Die Verluste im Zweiten Weltkrieg werden f\u00fcr die ehemalige Tschechoslowakei auf 178.000 Kriegstote gesch\u00e4tzt, davon sind 114.000 registriert.<br \/>\nZu Verlusten im Ersten Weltkrieg gibt es rund 3.000 Einzelnachweise.<\/p>\n<p>Die Anzahl der Toten erheben nicht den Anspruch auf Richtigkeit und Vollst\u00e4ndigkeit. Durch zwischenzeitliche Bergungen k\u00f6nnen sich die Zahlen st\u00e4ndig \u00e4ndern.<\/p>\n<p><a href=\"http:\/\/www.denkfried.de\/wp\/?page_id=20074\">Branany<\/a>\u00a0 (dt.Prohn)<\/p>\n<p><a title=\"BRNO\" href=\"http:\/\/www.denkfried.de\/wp\/?page_id=1975\">Brno<\/a> (Br\u00fcnn)<\/p>\n<p><a title=\"Cheb\" href=\"http:\/\/www.denkfried.de\/wp\/?page_id=18645\">Cheb<\/a> (Eger)<br \/>\n<a title=\"JIHLAVA\" href=\"http:\/\/www.denkfried.de\/wp\/?page_id=2000\">Jihlava<\/a> (Iglau)<br \/>\n<a title=\"KARLOVY VARY\" href=\"http:\/\/www.denkfried.de\/wp\/?page_id=2003\">Karlovy Vary<\/a> (Karlsbad)<\/p>\n<p><a title=\"Kr\u00e1sn\u00e1 L\u00edpa (Sch\u00f6nlinde)\" href=\"http:\/\/www.denkfried.de\/wp\/?page_id=17928\">Kr\u00e1sn\u00e1 L\u00edpa<\/a> (Wolfsberg)\u00a0 Denkmal<br \/>\n<a title=\"MARI\u00c1NSKE L\u00c1ZNE\" href=\"http:\/\/www.denkfried.de\/wp\/?page_id=2006\">Marianske Lazne<\/a> (Marienbad)<br \/>\n<a title=\"OLOMOUC\" href=\"http:\/\/www.denkfried.de\/wp\/?page_id=2027\">Olomouc<\/a> (Olm\u00fctz)<\/p>\n<p>Patzau (Pacov)\u00a0 \u00a0 \u00a0KGF\u00a0 \u00a0 \u00a0 \u00a0 \u00a0 \u00a0 \u00a0 \u00a0 \u00a0 \u00a0 \u00a0 \u00a0 \u00a0 \u00a0 \u00a0 \u00a0 \u00a0 \u00a0284<br \/>\n<a title=\"PLZEN\" href=\"http:\/\/www.denkfried.de\/wp\/?page_id=2033\">Plzen<\/a> (Pilsen)<\/p>\n<p>Pohorelice (Pohrlitz)<br \/>\nPrag<br \/>\nRakovnik (Rakonitz)\u00a0 \u00a0 \u00a0 \u00a0 \u00a0 \u00a0 \u00a0 \u00a0 \u00a0 \u00a0 \u00a0 \u00a0 \u00a0 \u00a0 \u00a0 \u00a0 \u00a0 \u00a0 \u00a0 \u00a0 \u00a028\u00a0 \u00a0(20.05.1991)<\/p>\n<p>Troppau (Opava)\u00a0 \u00a0 \u00a0 \u00a0 \u00a0 \u00a0 \u00a0 \u00a0 \u00a0 \u00a0 \u00a0 \u00a0 \u00a0 \u00a0 \u00a0 \u00a0 \u00a0 \u00a0 \u00a0 \u00a0 \u00a0 798\u00a0 \u00a0 (23.10.1999)<\/p>\n<p>Trutnov (Trautenau)\u00a0\u00a0 DM<br \/>\nValasske Mezirici\u00a0 (Walachisch Meseritz)\u00a0 \u00a0 3.100\u00a0 \u00a0(15.09.2001)<\/p>\n<p><a title=\"Varnsdorf (Warnsdorf)\" href=\"http:\/\/www.denkfried.de\/wp\/?page_id=17945\">Varnsdorf<\/a><\/p>\n<p>&nbsp;<\/p>\n<p>Geschichte und Kultur der Region Friedland in B\u00f6hmen\u00a0 <a href=\"https:\/\/friedlandinbohmen.jimdofree.com\/\">https:\/\/friedlandinbohmen.jimdofree.com\/<\/a><\/p>\n","protected":false},"excerpt":{"rendered":"<p>&nbsp; Hauptstadt:\u00a0\u00a0\u00a0 Prag Tschechien gliedert sich in die beiden historisch-politischen Einheiten B\u00f6hmen und M\u00e4hren. Der Drei\u00dfigj\u00e4hrige Krieg wurde 1618 durch den ber\u00fchmten &#8222;Prager Fenstersturz&#8220; ausgel\u00f6st. Zehn Jahre sp\u00e4ter wurde das Land in die habsburgische Donaumonarchie eingegliedert. In der Endphase des &hellip; <a href=\"http:\/\/www.denkfried.de\/wp\/?page_id=355\">Weiterlesen <span class=\"meta-nav\">&rarr;<\/span><\/a><\/p>\n","protected":false},"author":2,"featured_media":0,"parent":122,"menu_order":31,"comment_status":"open","ping_status":"open","template":"","meta":{"footnotes":""},"class_list":["post-355","page","type-page","status-publish","hentry"],"_links":{"self":[{"href":"http:\/\/www.denkfried.de\/wp\/index.php?rest_route=\/wp\/v2\/pages\/355","targetHints":{"allow":["GET"]}}],"collection":[{"href":"http:\/\/www.denkfried.de\/wp\/index.php?rest_route=\/wp\/v2\/pages"}],"about":[{"href":"http:\/\/www.denkfried.de\/wp\/index.php?rest_route=\/wp\/v2\/types\/page"}],"author":[{"embeddable":true,"href":"http:\/\/www.denkfried.de\/wp\/index.php?rest_route=\/wp\/v2\/users\/2"}],"replies":[{"embeddable":true,"href":"http:\/\/www.denkfried.de\/wp\/index.php?rest_route=%2Fwp%2Fv2%2Fcomments&post=355"}],"version-history":[{"count":17,"href":"http:\/\/www.denkfried.de\/wp\/index.php?rest_route=\/wp\/v2\/pages\/355\/revisions"}],"predecessor-version":[{"id":41838,"href":"http:\/\/www.denkfried.de\/wp\/index.php?rest_route=\/wp\/v2\/pages\/355\/revisions\/41838"}],"up":[{"embeddable":true,"href":"http:\/\/www.denkfried.de\/wp\/index.php?rest_route=\/wp\/v2\/pages\/122"}],"wp:attachment":[{"href":"http:\/\/www.denkfried.de\/wp\/index.php?rest_route=%2Fwp%2Fv2%2Fmedia&parent=355"}],"curies":[{"name":"wp","href":"https:\/\/api.w.org\/{rel}","templated":true}]}}