{"id":35471,"date":"2014-06-10T18:13:39","date_gmt":"2014-06-10T16:13:39","guid":{"rendered":"http:\/\/www.denkfried.de\/wp\/?page_id=35471"},"modified":"2015-12-27T16:32:40","modified_gmt":"2015-12-27T15:32:40","slug":"preussnitz","status":"publish","type":"page","link":"http:\/\/www.denkfried.de\/wp\/?page_id=35471","title":{"rendered":"Preu\u00dfnitz"},"content":{"rendered":"<p>&nbsp;<\/p>\n<p>Bad Belzig &#8211; <strong>OT Preu\u00dfnitz<\/strong><\/p>\n<p>Bericht und Bilder von Thomas\u00a0<a href=\"http:\/\/g-bb.jimdo.com\/\">Gefallenendenkm\u00e4ler Berlin\/Brandenburg<\/a><\/p>\n<p><a href=\"http:\/\/www.denkfried.de\/wp\/?attachment_id=35476\" rel=\"attachment wp-att-35476\"><img loading=\"lazy\" decoding=\"async\" class=\"alignnone size-medium wp-image-35476\" src=\"http:\/\/www.denkfried.de\/wp\/wp-content\/uploads\/2014\/06\/Preu\u00dfnitz-Gedenken-Kriegsopfer-198x300.jpg\" alt=\"Preu\u00dfnitz Gedenken Kriegsopfer\" width=\"198\" height=\"300\" srcset=\"http:\/\/www.denkfried.de\/wp\/wp-content\/uploads\/2014\/06\/Preu\u00dfnitz-Gedenken-Kriegsopfer-198x300.jpg 198w, http:\/\/www.denkfried.de\/wp\/wp-content\/uploads\/2014\/06\/Preu\u00dfnitz-Gedenken-Kriegsopfer.jpg 397w\" sizes=\"auto, (max-width: 198px) 100vw, 198px\" \/><\/a><\/p>\n<p>Preu\u00dfnitz geh\u00f6rt zum Ortsteil Kuhlowitz. In der Dorfkirche gibt es eine Gedenktafel, f\u00fcr die Toten beider Weltkriege.<\/p>\n<address style=\"text-align: center;\"><em><strong><span style=\"font-family: Arial; color: black;\"><span style=\"font-size: medium;\">Aus der Gemeinde Preussnitz<\/span><\/span><\/strong><\/em><\/address>\n<address style=\"text-align: center;\"><em><strong><span style=\"font-family: Arial; color: black;\"><span style=\"font-size: medium;\">kehrten aus den beiden Weltkriegen nicht zur\u00fcck.<\/span><\/span><\/strong><\/em><\/address>\n<address style=\"text-align: center;\"><em><strong><span style=\"font-family: Arial; color: black;\"><span style=\"font-size: medium;\">1914-1918 \u00a0 \u00a0 1939-1945<\/span><\/span><\/strong><\/em><\/address>\n<address style=\"text-align: center;\"><em><strong><span style=\"font-family: Arial; color: black;\"><span style=\"font-size: medium;\"> Nun Herr, Was soll ich mich tr\u00f6sten? Ich hoffe auf dich!<\/span><\/span><\/strong><\/em><\/address>\n<address style=\"text-align: center;\">\u00a0<\/address>\n<p>Auf dem Kirchhof befinden sich ein privates Gedenken eines Kriegstoten des ersten Weltkrieges, sowie ein Grab eines im zweiten Weltkrieg gefallenen.<\/p>\n","protected":false},"excerpt":{"rendered":"<p>&nbsp; Bad Belzig &#8211; OT Preu\u00dfnitz Bericht und Bilder von Thomas\u00a0Gefallenendenkm\u00e4ler Berlin\/Brandenburg Preu\u00dfnitz geh\u00f6rt zum Ortsteil Kuhlowitz. In der Dorfkirche gibt es eine Gedenktafel, f\u00fcr die Toten beider Weltkriege. Aus der Gemeinde Preussnitz kehrten aus den beiden Weltkriegen nicht zur\u00fcck. &hellip; <a href=\"http:\/\/www.denkfried.de\/wp\/?page_id=35471\">Weiterlesen <span class=\"meta-nav\">&rarr;<\/span><\/a><\/p>\n","protected":false},"author":9,"featured_media":0,"parent":29574,"menu_order":0,"comment_status":"closed","ping_status":"open","template":"","meta":{"footnotes":""},"class_list":["post-35471","page","type-page","status-publish","hentry"],"_links":{"self":[{"href":"http:\/\/www.denkfried.de\/wp\/index.php?rest_route=\/wp\/v2\/pages\/35471","targetHints":{"allow":["GET"]}}],"collection":[{"href":"http:\/\/www.denkfried.de\/wp\/index.php?rest_route=\/wp\/v2\/pages"}],"about":[{"href":"http:\/\/www.denkfried.de\/wp\/index.php?rest_route=\/wp\/v2\/types\/page"}],"author":[{"embeddable":true,"href":"http:\/\/www.denkfried.de\/wp\/index.php?rest_route=\/wp\/v2\/users\/9"}],"replies":[{"embeddable":true,"href":"http:\/\/www.denkfried.de\/wp\/index.php?rest_route=%2Fwp%2Fv2%2Fcomments&post=35471"}],"version-history":[{"count":8,"href":"http:\/\/www.denkfried.de\/wp\/index.php?rest_route=\/wp\/v2\/pages\/35471\/revisions"}],"predecessor-version":[{"id":39806,"href":"http:\/\/www.denkfried.de\/wp\/index.php?rest_route=\/wp\/v2\/pages\/35471\/revisions\/39806"}],"up":[{"embeddable":true,"href":"http:\/\/www.denkfried.de\/wp\/index.php?rest_route=\/wp\/v2\/pages\/29574"}],"wp:attachment":[{"href":"http:\/\/www.denkfried.de\/wp\/index.php?rest_route=%2Fwp%2Fv2%2Fmedia&parent=35471"}],"curies":[{"name":"wp","href":"https:\/\/api.w.org\/{rel}","templated":true}]}}