{"id":3542,"date":"2011-04-16T23:14:23","date_gmt":"2011-04-16T21:14:23","guid":{"rendered":"http:\/\/www.denkfried.de\/wp\/?page_id=3542"},"modified":"2012-12-08T16:07:20","modified_gmt":"2012-12-08T15:07:20","slug":"lk-roth","status":"publish","type":"page","link":"http:\/\/www.denkfried.de\/wp\/?page_id=3542","title":{"rendered":"LK ROTH"},"content":{"rendered":"<p>&nbsp;<\/p>\n<p>Verwaltungssitz:\u00a0 91154 Roth, Weinbergweg 1<\/p>\n<p>*******************************************************************<\/p>\n<p><strong>St\u00e4dte<\/strong><\/p>\n<ul>\n<li>Abenberg<\/li>\n<li>Greding<\/li>\n<li>Heideck<\/li>\n<li>Hilpoltstein<\/li>\n<li>Roth<\/li>\n<li>Spalt<\/li>\n<\/ul>\n<p><strong>M\u00e4rkte<\/strong><\/p>\n<ul>\n<li>Allersberg<\/li>\n<li>Schwanstetten<\/li>\n<li>Thalm\u00e4ssing<\/li>\n<li>Wendelstein<\/li>\n<\/ul>\n<p><strong>Gemeinden<\/strong><\/p>\n<ul>\n<li>B\u00fcchenbach<\/li>\n<li>Georgensgm\u00fcnd<\/li>\n<li>Kammerstein<\/li>\n<li>Rednitzhembach<\/li>\n<li>Rohr<\/li>\n<li>R\u00f6ttenbach<\/li>\n<\/ul>\n<p>&nbsp;<\/p>\n","protected":false},"excerpt":{"rendered":"<p>&nbsp; Verwaltungssitz:\u00a0 91154 Roth, Weinbergweg 1 ******************************************************************* St\u00e4dte Abenberg Greding Heideck Hilpoltstein Roth Spalt M\u00e4rkte Allersberg Schwanstetten Thalm\u00e4ssing Wendelstein Gemeinden B\u00fcchenbach Georgensgm\u00fcnd Kammerstein Rednitzhembach Rohr R\u00f6ttenbach &nbsp;<\/p>\n","protected":false},"author":2,"featured_media":0,"parent":27817,"menu_order":0,"comment_status":"closed","ping_status":"open","template":"","meta":{"footnotes":""},"class_list":["post-3542","page","type-page","status-publish","hentry"],"_links":{"self":[{"href":"http:\/\/www.denkfried.de\/wp\/index.php?rest_route=\/wp\/v2\/pages\/3542","targetHints":{"allow":["GET"]}}],"collection":[{"href":"http:\/\/www.denkfried.de\/wp\/index.php?rest_route=\/wp\/v2\/pages"}],"about":[{"href":"http:\/\/www.denkfried.de\/wp\/index.php?rest_route=\/wp\/v2\/types\/page"}],"author":[{"embeddable":true,"href":"http:\/\/www.denkfried.de\/wp\/index.php?rest_route=\/wp\/v2\/users\/2"}],"replies":[{"embeddable":true,"href":"http:\/\/www.denkfried.de\/wp\/index.php?rest_route=%2Fwp%2Fv2%2Fcomments&post=3542"}],"version-history":[{"count":5,"href":"http:\/\/www.denkfried.de\/wp\/index.php?rest_route=\/wp\/v2\/pages\/3542\/revisions"}],"predecessor-version":[{"id":3546,"href":"http:\/\/www.denkfried.de\/wp\/index.php?rest_route=\/wp\/v2\/pages\/3542\/revisions\/3546"}],"up":[{"embeddable":true,"href":"http:\/\/www.denkfried.de\/wp\/index.php?rest_route=\/wp\/v2\/pages\/27817"}],"wp:attachment":[{"href":"http:\/\/www.denkfried.de\/wp\/index.php?rest_route=%2Fwp%2Fv2%2Fmedia&parent=3542"}],"curies":[{"name":"wp","href":"https:\/\/api.w.org\/{rel}","templated":true}]}}