{"id":35301,"date":"2014-05-04T16:43:12","date_gmt":"2014-05-04T14:43:12","guid":{"rendered":"http:\/\/www.denkfried.de\/wp\/?page_id=35301"},"modified":"2014-05-04T16:53:57","modified_gmt":"2014-05-04T14:53:57","slug":"lk-rottal-inn","status":"publish","type":"page","link":"http:\/\/www.denkfried.de\/wp\/?page_id=35301","title":{"rendered":"LK ROTTAL-INN"},"content":{"rendered":"<p>&nbsp;<\/p>\n<p>Verwaltungssitz: <span style=\"text-decoration: underline;\"><strong>84347 Pfarrkirchen<\/strong><\/span>, Ringstra\u00dfe 4-5<\/p>\n<p>****************************************************************<\/p>\n<h3>St\u00e4dte:<\/h3>\n<h3>M\u00e4rkte:<\/h3>\n<h3>Gemeinden:<\/h3>\n<blockquote>\n<ul>\n<li><a title=\"WITTIBREUT\" href=\"http:\/\/www.denkfried.de\/wp\/?page_id=35303\">Wittibreut<\/a><\/li>\n<\/ul>\n<\/blockquote>\n<p>&nbsp;<\/p>\n","protected":false},"excerpt":{"rendered":"<p>&nbsp; Verwaltungssitz: 84347 Pfarrkirchen, Ringstra\u00dfe 4-5 **************************************************************** St\u00e4dte: M\u00e4rkte: Gemeinden: Wittibreut &nbsp;<\/p>\n","protected":false},"author":2,"featured_media":0,"parent":27804,"menu_order":0,"comment_status":"closed","ping_status":"open","template":"","meta":{"footnotes":""},"class_list":["post-35301","page","type-page","status-publish","hentry"],"_links":{"self":[{"href":"http:\/\/www.denkfried.de\/wp\/index.php?rest_route=\/wp\/v2\/pages\/35301","targetHints":{"allow":["GET"]}}],"collection":[{"href":"http:\/\/www.denkfried.de\/wp\/index.php?rest_route=\/wp\/v2\/pages"}],"about":[{"href":"http:\/\/www.denkfried.de\/wp\/index.php?rest_route=\/wp\/v2\/types\/page"}],"author":[{"embeddable":true,"href":"http:\/\/www.denkfried.de\/wp\/index.php?rest_route=\/wp\/v2\/users\/2"}],"replies":[{"embeddable":true,"href":"http:\/\/www.denkfried.de\/wp\/index.php?rest_route=%2Fwp%2Fv2%2Fcomments&post=35301"}],"version-history":[{"count":2,"href":"http:\/\/www.denkfried.de\/wp\/index.php?rest_route=\/wp\/v2\/pages\/35301\/revisions"}],"predecessor-version":[{"id":35311,"href":"http:\/\/www.denkfried.de\/wp\/index.php?rest_route=\/wp\/v2\/pages\/35301\/revisions\/35311"}],"up":[{"embeddable":true,"href":"http:\/\/www.denkfried.de\/wp\/index.php?rest_route=\/wp\/v2\/pages\/27804"}],"wp:attachment":[{"href":"http:\/\/www.denkfried.de\/wp\/index.php?rest_route=%2Fwp%2Fv2%2Fmedia&parent=35301"}],"curies":[{"name":"wp","href":"https:\/\/api.w.org\/{rel}","templated":true}]}}