{"id":3515,"date":"2011-04-16T23:01:49","date_gmt":"2011-04-16T21:01:49","guid":{"rendered":"http:\/\/www.denkfried.de\/wp\/?page_id=3515"},"modified":"2011-04-16T23:01:49","modified_gmt":"2011-04-16T21:01:49","slug":"wilhermsdorf","status":"publish","type":"page","link":"http:\/\/www.denkfried.de\/wp\/?page_id=3515","title":{"rendered":"Wilhermsdorf"},"content":{"rendered":"<p>&nbsp;<\/p>\n<p><span style=\"text-decoration: underline; color: #ff0000;\"><strong>91452 Wilhermsdorf<\/strong><\/span><\/p>\n<p>Auf  dem Ortsfriedhof in Wilhermsdorf wurde f\u00fcr 29 gefallene Soldaten, die  bei den K\u00e4mpfen am 16.4.1945 in Wilhermsdorf fielen, ein  Gemeinschaftsgrab angelegt. Auf einer Natursteinplatte wurden ihre  Namen, Geburtsdaten, Geburtsort, Dienstgrad und Truppenzugeh\u00f6rigkeit  angegeben.<br \/>\nBronzeplatten auf Steinplatten\u00a0 markieren die einzelnen Grablagen mit Angabe von Name, Geburtstag und Gefallenendatum.<\/p>\n<p>Am 16.April 1945 befand sich im Wilhermsdorf die 12.US- Panzerdivision  und das Bataillon Hauptmann Frank von der Offiziersschule der  Panzertruppen Erlangen.<\/p>\n<p>Beitrag u.Fotos von Hubert M., md11<\/p>\n<div id='gallery-1' class='gallery galleryid-3515 gallery-columns-4 gallery-size-thumbnail'><dl class='gallery-item'>\n\t\t\t<dt class='gallery-icon landscape'>\n\t\t\t\t<a href='http:\/\/www.denkfried.de\/wp\/?attachment_id=3517'><img loading=\"lazy\" decoding=\"async\" width=\"150\" height=\"150\" src=\"http:\/\/www.denkfried.de\/wp\/wp-content\/uploads\/2011\/04\/Kriegsgr\u00e4berst\u00e4tte-Wilhermsdorf-Ansicht-Gr\u00e4ber-04-150x150.jpg\" class=\"attachment-thumbnail size-thumbnail\" alt=\"\" \/><\/a>\n\t\t\t<\/dt><\/dl><dl class='gallery-item'>\n\t\t\t<dt class='gallery-icon landscape'>\n\t\t\t\t<a href='http:\/\/www.denkfried.de\/wp\/?attachment_id=3518'><img loading=\"lazy\" decoding=\"async\" width=\"150\" height=\"150\" src=\"http:\/\/www.denkfried.de\/wp\/wp-content\/uploads\/2011\/04\/Kriegsgr\u00e4berst\u00e4tte-Wilhermsdorf-Denkstein-02-150x150.jpg\" class=\"attachment-thumbnail size-thumbnail\" alt=\"\" \/><\/a>\n\t\t\t<\/dt><\/dl><dl class='gallery-item'>\n\t\t\t<dt class='gallery-icon landscape'>\n\t\t\t\t<a href='http:\/\/www.denkfried.de\/wp\/?attachment_id=3519'><img loading=\"lazy\" decoding=\"async\" width=\"150\" height=\"150\" src=\"http:\/\/www.denkfried.de\/wp\/wp-content\/uploads\/2011\/04\/Kriegsgr\u00e4berst\u00e4tte-Wilhermsdorf-Namenplatte-03-150x150.jpg\" class=\"attachment-thumbnail size-thumbnail\" alt=\"\" \/><\/a>\n\t\t\t<\/dt><\/dl><dl class='gallery-item'>\n\t\t\t<dt class='gallery-icon landscape'>\n\t\t\t\t<a href='http:\/\/www.denkfried.de\/wp\/?attachment_id=3516'><img loading=\"lazy\" decoding=\"async\" width=\"150\" height=\"150\" src=\"http:\/\/www.denkfried.de\/wp\/wp-content\/uploads\/2011\/04\/Kriegsgr\u00e4berst\u00e4tte-Wilhermsdorf-Namensnennung-01-150x150.jpg\" class=\"attachment-thumbnail size-thumbnail\" alt=\"\" \/><\/a>\n\t\t\t<\/dt><\/dl><br style=\"clear: both\" \/>\n\t\t<\/div>\n\n","protected":false},"excerpt":{"rendered":"<p>&nbsp; 91452 Wilhermsdorf Auf dem Ortsfriedhof in Wilhermsdorf wurde f\u00fcr 29 gefallene Soldaten, die bei den K\u00e4mpfen am 16.4.1945 in Wilhermsdorf fielen, ein Gemeinschaftsgrab angelegt. Auf einer Natursteinplatte wurden ihre Namen, Geburtsdaten, Geburtsort, Dienstgrad und Truppenzugeh\u00f6rigkeit angegeben. Bronzeplatten auf Steinplatten\u00a0 &hellip; <a href=\"http:\/\/www.denkfried.de\/wp\/?page_id=3515\">Weiterlesen <span class=\"meta-nav\">&rarr;<\/span><\/a><\/p>\n","protected":false},"author":2,"featured_media":0,"parent":3512,"menu_order":0,"comment_status":"closed","ping_status":"open","template":"","meta":{"footnotes":""},"class_list":["post-3515","page","type-page","status-publish","hentry"],"_links":{"self":[{"href":"http:\/\/www.denkfried.de\/wp\/index.php?rest_route=\/wp\/v2\/pages\/3515","targetHints":{"allow":["GET"]}}],"collection":[{"href":"http:\/\/www.denkfried.de\/wp\/index.php?rest_route=\/wp\/v2\/pages"}],"about":[{"href":"http:\/\/www.denkfried.de\/wp\/index.php?rest_route=\/wp\/v2\/types\/page"}],"author":[{"embeddable":true,"href":"http:\/\/www.denkfried.de\/wp\/index.php?rest_route=\/wp\/v2\/users\/2"}],"replies":[{"embeddable":true,"href":"http:\/\/www.denkfried.de\/wp\/index.php?rest_route=%2Fwp%2Fv2%2Fcomments&post=3515"}],"version-history":[{"count":3,"href":"http:\/\/www.denkfried.de\/wp\/index.php?rest_route=\/wp\/v2\/pages\/3515\/revisions"}],"predecessor-version":[{"id":3523,"href":"http:\/\/www.denkfried.de\/wp\/index.php?rest_route=\/wp\/v2\/pages\/3515\/revisions\/3523"}],"up":[{"embeddable":true,"href":"http:\/\/www.denkfried.de\/wp\/index.php?rest_route=\/wp\/v2\/pages\/3512"}],"wp:attachment":[{"href":"http:\/\/www.denkfried.de\/wp\/index.php?rest_route=%2Fwp%2Fv2%2Fmedia&parent=3515"}],"curies":[{"name":"wp","href":"https:\/\/api.w.org\/{rel}","templated":true}]}}