{"id":35121,"date":"2014-05-03T12:27:02","date_gmt":"2014-05-03T10:27:02","guid":{"rendered":"http:\/\/www.denkfried.de\/wp\/?page_id=35121"},"modified":"2014-05-03T12:27:02","modified_gmt":"2014-05-03T10:27:02","slug":"lk-lahn-dill-kreis","status":"publish","type":"page","link":"http:\/\/www.denkfried.de\/wp\/?page_id=35121","title":{"rendered":"LK LAHN-DILL-KREIS"},"content":{"rendered":"<p>Verwaltungssitz:\u00a0 <strong>35576 Wetzlar<\/strong>, Karl-Kellner-Ring 51<\/p>\n<p>***********************************************************<\/p>\n<h2>St\u00e4dte:<\/h2>\n<blockquote>\n<ul>\n<li>A\u00dflar<\/li>\n<li>Braunfels<\/li>\n<li>Dillenburg<\/li>\n<li>Haiger<\/li>\n<li>Herborn<\/li>\n<li>Leun<\/li>\n<li>Solms<\/li>\n<li>Wetzlar<\/li>\n<\/ul>\n<\/blockquote>\n<h3>Gemeinden:<\/h3>\n<blockquote>\n<ul>\n<li>Bischoffen<\/li>\n<li>Breitscheid<\/li>\n<li>Dietzh\u00f6lztal<\/li>\n<li>Driedorf<\/li>\n<li>Ehringhausen<\/li>\n<li>Eschenburg<\/li>\n<li>Greifenstein<\/li>\n<li>Hohenahr<\/li>\n<li>H\u00fcttenberg<\/li>\n<li>Lahnau<\/li>\n<li>Mittenaar<\/li>\n<li>Sch\u00f6ffengrund<\/li>\n<li>Siegbach<\/li>\n<li>Sinn<\/li>\n<li>Waldsolms<\/li>\n<\/ul>\n<\/blockquote>\n<p>+++++++++++++++++++++++++++++++++++++++++++++++<\/p>\n","protected":false},"excerpt":{"rendered":"<p>Verwaltungssitz:\u00a0 35576 Wetzlar, Karl-Kellner-Ring 51 *********************************************************** St\u00e4dte: A\u00dflar Braunfels Dillenburg Haiger Herborn Leun Solms Wetzlar Gemeinden: Bischoffen Breitscheid Dietzh\u00f6lztal Driedorf Ehringhausen Eschenburg Greifenstein Hohenahr H\u00fcttenberg Lahnau Mittenaar Sch\u00f6ffengrund Siegbach Sinn Waldsolms +++++++++++++++++++++++++++++++++++++++++++++++<\/p>\n","protected":false},"author":2,"featured_media":0,"parent":383,"menu_order":0,"comment_status":"closed","ping_status":"open","template":"","meta":{"footnotes":""},"class_list":["post-35121","page","type-page","status-publish","hentry"],"_links":{"self":[{"href":"http:\/\/www.denkfried.de\/wp\/index.php?rest_route=\/wp\/v2\/pages\/35121","targetHints":{"allow":["GET"]}}],"collection":[{"href":"http:\/\/www.denkfried.de\/wp\/index.php?rest_route=\/wp\/v2\/pages"}],"about":[{"href":"http:\/\/www.denkfried.de\/wp\/index.php?rest_route=\/wp\/v2\/types\/page"}],"author":[{"embeddable":true,"href":"http:\/\/www.denkfried.de\/wp\/index.php?rest_route=\/wp\/v2\/users\/2"}],"replies":[{"embeddable":true,"href":"http:\/\/www.denkfried.de\/wp\/index.php?rest_route=%2Fwp%2Fv2%2Fcomments&post=35121"}],"version-history":[{"count":1,"href":"http:\/\/www.denkfried.de\/wp\/index.php?rest_route=\/wp\/v2\/pages\/35121\/revisions"}],"predecessor-version":[{"id":35122,"href":"http:\/\/www.denkfried.de\/wp\/index.php?rest_route=\/wp\/v2\/pages\/35121\/revisions\/35122"}],"up":[{"embeddable":true,"href":"http:\/\/www.denkfried.de\/wp\/index.php?rest_route=\/wp\/v2\/pages\/383"}],"wp:attachment":[{"href":"http:\/\/www.denkfried.de\/wp\/index.php?rest_route=%2Fwp%2Fv2%2Fmedia&parent=35121"}],"curies":[{"name":"wp","href":"https:\/\/api.w.org\/{rel}","templated":true}]}}