{"id":3508,"date":"2011-04-16T22:56:01","date_gmt":"2011-04-16T20:56:01","guid":{"rendered":"http:\/\/www.denkfried.de\/wp\/?page_id=3508"},"modified":"2014-05-03T16:37:35","modified_gmt":"2014-05-03T14:37:35","slug":"lk-erlangen-hochstadt","status":"publish","type":"page","link":"http:\/\/www.denkfried.de\/wp\/?page_id=3508","title":{"rendered":"LK ERLANGEN-H\u00d6CHSTADT"},"content":{"rendered":"<p>&nbsp;<\/p>\n<p>Verwaltungssitz:\u00a0 91054 Erlangen, Marktplatz 6<\/p>\n<p>******************************************************************<\/p>\n<p><strong>St\u00e4dte<\/strong><\/p>\n<ul>\n<li>Baiersdorf<\/li>\n<li>Herzogenaurach<\/li>\n<li>H\u00f6chstadt an der Aisch<\/li>\n<\/ul>\n<p><strong>M\u00e4rkte<\/strong><\/p>\n<ul>\n<li>Eckental<\/li>\n<li>Heroldsberg<\/li>\n<li>Lonnerstadt<\/li>\n<li>M\u00fchlhausen<\/li>\n<li>Vestenbergsgreuth<\/li>\n<li>Wachenroth<\/li>\n<li>Weisendorf<\/li>\n<\/ul>\n<p><strong>Gemeinden<\/strong><\/p>\n<ul>\n<li>Adelsdorf<\/li>\n<li>Aurachtal<\/li>\n<li>Bubenreuth<\/li>\n<li>Buckenhof<\/li>\n<li>Gremsdorf<\/li>\n<li>Gro\u00dfenseebach<\/li>\n<li>Hemhofen<\/li>\n<li>He\u00dfdorf<\/li>\n<li>Kalchreuth<\/li>\n<li>Marloffstein<\/li>\n<li>M\u00f6hrendorf<\/li>\n<li>Oberreichenbach<\/li>\n<li><a title=\"R\u00f6ttenbach b.Erlangen\" href=\"http:\/\/www.denkfried.de\/wp\/?page_id=35167\">R\u00f6ttenbach<\/a><\/li>\n<li>Spardorf<\/li>\n<li>Uttenreuth<\/li>\n<\/ul>\n<p>&nbsp;<\/p>\n","protected":false},"excerpt":{"rendered":"<p>&nbsp; Verwaltungssitz:\u00a0 91054 Erlangen, Marktplatz 6 ****************************************************************** St\u00e4dte Baiersdorf Herzogenaurach H\u00f6chstadt an der Aisch M\u00e4rkte Eckental Heroldsberg Lonnerstadt M\u00fchlhausen Vestenbergsgreuth Wachenroth Weisendorf Gemeinden Adelsdorf Aurachtal Bubenreuth Buckenhof Gremsdorf Gro\u00dfenseebach Hemhofen He\u00dfdorf Kalchreuth Marloffstein M\u00f6hrendorf Oberreichenbach R\u00f6ttenbach Spardorf Uttenreuth &nbsp;<\/p>\n","protected":false},"author":2,"featured_media":0,"parent":27817,"menu_order":0,"comment_status":"closed","ping_status":"open","template":"","meta":{"footnotes":""},"class_list":["post-3508","page","type-page","status-publish","hentry"],"_links":{"self":[{"href":"http:\/\/www.denkfried.de\/wp\/index.php?rest_route=\/wp\/v2\/pages\/3508","targetHints":{"allow":["GET"]}}],"collection":[{"href":"http:\/\/www.denkfried.de\/wp\/index.php?rest_route=\/wp\/v2\/pages"}],"about":[{"href":"http:\/\/www.denkfried.de\/wp\/index.php?rest_route=\/wp\/v2\/types\/page"}],"author":[{"embeddable":true,"href":"http:\/\/www.denkfried.de\/wp\/index.php?rest_route=\/wp\/v2\/users\/2"}],"replies":[{"embeddable":true,"href":"http:\/\/www.denkfried.de\/wp\/index.php?rest_route=%2Fwp%2Fv2%2Fcomments&post=3508"}],"version-history":[{"count":8,"href":"http:\/\/www.denkfried.de\/wp\/index.php?rest_route=\/wp\/v2\/pages\/3508\/revisions"}],"predecessor-version":[{"id":35173,"href":"http:\/\/www.denkfried.de\/wp\/index.php?rest_route=\/wp\/v2\/pages\/3508\/revisions\/35173"}],"up":[{"embeddable":true,"href":"http:\/\/www.denkfried.de\/wp\/index.php?rest_route=\/wp\/v2\/pages\/27817"}],"wp:attachment":[{"href":"http:\/\/www.denkfried.de\/wp\/index.php?rest_route=%2Fwp%2Fv2%2Fmedia&parent=3508"}],"curies":[{"name":"wp","href":"https:\/\/api.w.org\/{rel}","templated":true}]}}