{"id":35030,"date":"2014-04-20T16:43:25","date_gmt":"2014-04-20T14:43:25","guid":{"rendered":"http:\/\/www.denkfried.de\/wp\/?page_id=35030"},"modified":"2015-11-28T14:40:27","modified_gmt":"2015-11-28T13:40:27","slug":"berlin-marienkriche","status":"publish","type":"page","link":"http:\/\/www.denkfried.de\/wp\/?page_id=35030","title":{"rendered":"Berlin Marienkriche"},"content":{"rendered":"<p>&nbsp;<\/p>\n<p><strong>Berlin-Mitte<\/strong> Marienkriche, <span class=\"_rz kno-fv\">Karl-Liebknecht-Stra\u00dfe 8<\/span><\/p>\n<p>Bericht und Bilder von Thomas\u00a0<a href=\"http:\/\/g-bb.jimdo.com\/\">Gefallenendenkm\u00e4ler Berlin\/Brandenburg<\/a><\/p>\n<div id='gallery-1' class='gallery galleryid-35030 gallery-columns-3 gallery-size-thumbnail'><dl class='gallery-item'>\n\t\t\t<dt class='gallery-icon landscape'>\n\t\t\t\t<a href='http:\/\/www.denkfried.de\/wp\/?attachment_id=35940'><img loading=\"lazy\" decoding=\"async\" width=\"150\" height=\"150\" src=\"http:\/\/www.denkfried.de\/wp\/wp-content\/uploads\/2014\/04\/Berlin-Marienkirche-Gedenktafel-1813-15-150x150.jpg\" class=\"attachment-thumbnail size-thumbnail\" alt=\"\" aria-describedby=\"gallery-1-35940\" \/><\/a>\n\t\t\t<\/dt>\n\t\t\t\t<dd class='wp-caption-text gallery-caption' id='gallery-1-35940'>\n\t\t\t\tGedenktafel 1813-15\n\t\t\t\t<\/dd><\/dl><dl class='gallery-item'>\n\t\t\t<dt class='gallery-icon landscape'>\n\t\t\t\t<a href='http:\/\/www.denkfried.de\/wp\/?attachment_id=35939'><img loading=\"lazy\" decoding=\"async\" width=\"150\" height=\"150\" src=\"http:\/\/www.denkfried.de\/wp\/wp-content\/uploads\/2014\/04\/Berlin-Marienkirche-Gedenktafel-1813-15-3-150x150.jpg\" class=\"attachment-thumbnail size-thumbnail\" alt=\"\" aria-describedby=\"gallery-1-35939\" \/><\/a>\n\t\t\t<\/dt>\n\t\t\t\t<dd class='wp-caption-text gallery-caption' id='gallery-1-35939'>\n\t\t\t\tGedenktafel 1813-15\n\t\t\t\t<\/dd><\/dl><dl class='gallery-item'>\n\t\t\t<dt class='gallery-icon portrait'>\n\t\t\t\t<a href='http:\/\/www.denkfried.de\/wp\/?attachment_id=35035'><img loading=\"lazy\" decoding=\"async\" width=\"150\" height=\"150\" src=\"http:\/\/www.denkfried.de\/wp\/wp-content\/uploads\/2014\/04\/Berlin-Marienkirche-Coventry-Kreuz-150x150.jpg\" class=\"attachment-thumbnail size-thumbnail\" alt=\"\" aria-describedby=\"gallery-1-35035\" \/><\/a>\n\t\t\t<\/dt>\n\t\t\t\t<dd class='wp-caption-text gallery-caption' id='gallery-1-35035'>\n\t\t\t\tNagelkreuz\n\t\t\t\t<\/dd><\/dl><br style=\"clear: both\" \/>\n\t\t<\/div>\n\n<p><strong>1813-1815 <\/strong>Gedenktafel<\/p>\n<p>Zu Zeiten des Einzuges von Napoleon in Berlin, war die Stimmung eher bedr\u00fcckend. Bei einer Predigt am 18. M\u00e4rz 1813 inmitten von Soldaten und Freiwilligen, unter Ihnen Johann Friedrich Schmidt. Er fiel ein halbes Jahr sp\u00e4ter in der V\u00f6lkerschlacht, im Alter von 24. Zu seinem Ged\u00e4chtnis stifteten &#8222;seine Kinderlosen Eltern&#8220; eine einfache Marmortafel. Die Gedenktafel befindet sich mit stadn 1982 in der s\u00fcdlichen Vorhalle.<\/p>\n<p><strong>1939-1945 <\/strong>Das Nagelkreuz von Coventry in der St. Marienkirche<\/p>\n<p>Seit dem 8. Mai 2005 steht das Nagelkreuz von Coventry in der St. Marienkirche am Alexanderplatz in der Mitte der Stadt Berlin. Anl\u00e4sslich des 60. Jahrestages der Beendigung des 2. Weltkrieges wurde es hier in einem \u00f6kumenischen Gottesdienst feierlich der Gemeinde \u00fcbergeben.<\/p>\n<p>Seither findet an jedem Freitag um 12.30 Uhr ein Friedensgebet mit Orgelmusik statt. Dabei sind sowohl die Erl\u00e4uterung des Nagelkreuzes als auch das Vers\u00f6hnungsgebet aus Coventry feste Bestandteile der Liturgie.<\/p>\n<p>Die Andachten werden von haupt-, aber auch von ehrenamtlich Mitarbeitenden gehalten. Die St. Marienkirche als \u00e4lteste erhaltene mittelalterliche Stadtkirche Berlins und heutige Citykirche wird t\u00e4glich von vielen Touristen des In- und Auslandes besucht. Diese werden am Freitagmittag zum Innehalten, Zuh\u00f6ren und Mitbeten eingeladen und bilden zusammen mit regelm\u00e4\u00dfig teilnehmenden Gemeindegliedern die Andachtsgemeinde.<\/p>\n<p>Dar\u00fcber hinaus l\u00e4dt in der t\u00e4glich ge\u00f6ffneten Kirche das auf einem seitlichen Altartisch stehende Nagelkreuz zum pers\u00f6nlichen Gebet und zur stillen Andacht ein. Ein erl\u00e4uterndes Informationsblatt liegt aus. Kinderkirchenf\u00fchrungen, die in Kooperation der Petri-Mariengemeinde mit der Evangelischen Schule Berlin Mitte konzipiert wurden, geben zu besonderen Anl\u00e4ssen Auskunft \u00fcber die Entstehung und Bedeutung des Kreuzes.<\/p>\n<p>Als Nagelkreuzgemeinde verantwortet die Kirchengemeinde St. Petri -St. Marien viele geistliche Angebote: Gottesdienste mit tages- und kirchenpolitisch aktueller Relevanz, thematische Andachtsreihen, Nachtgebete, (\u00f6kumenische) Sonder- und Universit\u00e4tsgottesdienste und dar\u00fcber hinaus zukunftsweisende Projekte \u2013 wie das Bauvorhaben des &#8218;Bet- und Lehrhauses&#8216; auf dem Petriplatz. Dort, im Herzen der Stadt Berlin, wird ein Haus entstehen, das Raum f\u00fcr die drei gro\u00dfen monotheistischen Religionen Judentum, Christentum und Islam geben soll.<br \/>\nAll dies geschieht nicht zuletzt, um den aus Coventry wehenden Geist der Vers\u00f6hnung und des friedlichen Dialogs mit zu bef\u00f6rdern.<\/p>\n<p>Text von der <a href=\"http:\/\/www.marienkirche-berlin.de\/c_2_73_0.php\">Kirchengemeinde<\/a><\/p>\n","protected":false},"excerpt":{"rendered":"<p>&nbsp; Berlin-Mitte Marienkriche, Karl-Liebknecht-Stra\u00dfe 8 Bericht und Bilder von Thomas\u00a0Gefallenendenkm\u00e4ler Berlin\/Brandenburg 1813-1815 Gedenktafel Zu Zeiten des Einzuges von Napoleon in Berlin, war die Stimmung eher bedr\u00fcckend. Bei einer Predigt am 18. M\u00e4rz 1813 inmitten von Soldaten und Freiwilligen, unter Ihnen &hellip; <a href=\"http:\/\/www.denkfried.de\/wp\/?page_id=35030\">Weiterlesen <span class=\"meta-nav\">&rarr;<\/span><\/a><\/p>\n","protected":false},"author":9,"featured_media":0,"parent":15729,"menu_order":0,"comment_status":"closed","ping_status":"open","template":"","meta":{"footnotes":""},"class_list":["post-35030","page","type-page","status-publish","hentry"],"_links":{"self":[{"href":"http:\/\/www.denkfried.de\/wp\/index.php?rest_route=\/wp\/v2\/pages\/35030","targetHints":{"allow":["GET"]}}],"collection":[{"href":"http:\/\/www.denkfried.de\/wp\/index.php?rest_route=\/wp\/v2\/pages"}],"about":[{"href":"http:\/\/www.denkfried.de\/wp\/index.php?rest_route=\/wp\/v2\/types\/page"}],"author":[{"embeddable":true,"href":"http:\/\/www.denkfried.de\/wp\/index.php?rest_route=\/wp\/v2\/users\/9"}],"replies":[{"embeddable":true,"href":"http:\/\/www.denkfried.de\/wp\/index.php?rest_route=%2Fwp%2Fv2%2Fcomments&post=35030"}],"version-history":[{"count":11,"href":"http:\/\/www.denkfried.de\/wp\/index.php?rest_route=\/wp\/v2\/pages\/35030\/revisions"}],"predecessor-version":[{"id":39548,"href":"http:\/\/www.denkfried.de\/wp\/index.php?rest_route=\/wp\/v2\/pages\/35030\/revisions\/39548"}],"up":[{"embeddable":true,"href":"http:\/\/www.denkfried.de\/wp\/index.php?rest_route=\/wp\/v2\/pages\/15729"}],"wp:attachment":[{"href":"http:\/\/www.denkfried.de\/wp\/index.php?rest_route=%2Fwp%2Fv2%2Fmedia&parent=35030"}],"curies":[{"name":"wp","href":"https:\/\/api.w.org\/{rel}","templated":true}]}}