{"id":35001,"date":"2014-04-20T16:08:45","date_gmt":"2014-04-20T14:08:45","guid":{"rendered":"http:\/\/www.denkfried.de\/wp\/?page_id=35001"},"modified":"2015-12-23T16:28:53","modified_gmt":"2015-12-23T15:28:53","slug":"leise-park","status":"publish","type":"page","link":"http:\/\/www.denkfried.de\/wp\/?page_id=35001","title":{"rendered":"Leise Park"},"content":{"rendered":"<p>&nbsp;<\/p>\n<p><strong>Berlin-Prenzlauer Berg<\/strong> Leise Park, <span style=\"font-size: 10.0pt; font-family: Arial; color: black;\">Heinrich-Roller-Stra\u00dfe<\/span><\/p>\n<p>Bericht und Bilder von Thomas\u00a0<a href=\"http:\/\/g-bb.jimdo.com\/\">Gefallenendenkm\u00e4ler Berlin\/Brandenburg<\/a><\/p>\n<div id='gallery-1' class='gallery galleryid-35001 gallery-columns-4 gallery-size-thumbnail'><dl class='gallery-item'>\n\t\t\t<dt class='gallery-icon landscape'>\n\t\t\t\t<a href='http:\/\/www.denkfried.de\/wp\/?attachment_id=35007'><img loading=\"lazy\" decoding=\"async\" width=\"150\" height=\"150\" src=\"http:\/\/www.denkfried.de\/wp\/wp-content\/uploads\/2014\/04\/Prenzlauer-Berg-Leise-Park-150x150.jpg\" class=\"attachment-thumbnail size-thumbnail\" alt=\"\" \/><\/a>\n\t\t\t<\/dt><\/dl><dl class='gallery-item'>\n\t\t\t<dt class='gallery-icon portrait'>\n\t\t\t\t<a href='http:\/\/www.denkfried.de\/wp\/?attachment_id=35004'><img loading=\"lazy\" decoding=\"async\" width=\"150\" height=\"150\" src=\"http:\/\/www.denkfried.de\/wp\/wp-content\/uploads\/2014\/04\/Berlin-Leise-Park-private-Gedenken-150x150.jpg\" class=\"attachment-thumbnail size-thumbnail\" alt=\"\" \/><\/a>\n\t\t\t<\/dt><\/dl><dl class='gallery-item'>\n\t\t\t<dt class='gallery-icon landscape'>\n\t\t\t\t<a href='http:\/\/www.denkfried.de\/wp\/?attachment_id=35005'><img loading=\"lazy\" decoding=\"async\" width=\"150\" height=\"150\" src=\"http:\/\/www.denkfried.de\/wp\/wp-content\/uploads\/2014\/04\/Berlin-Leise-Park-private-Gedenken-3-150x150.jpg\" class=\"attachment-thumbnail size-thumbnail\" alt=\"\" \/><\/a>\n\t\t\t<\/dt><\/dl><dl class='gallery-item'>\n\t\t\t<dt class='gallery-icon landscape'>\n\t\t\t\t<a href='http:\/\/www.denkfried.de\/wp\/?attachment_id=35006'><img loading=\"lazy\" decoding=\"async\" width=\"150\" height=\"150\" src=\"http:\/\/www.denkfried.de\/wp\/wp-content\/uploads\/2014\/04\/Berlin-Leise-Park-private-Gedenken-5-150x150.jpg\" class=\"attachment-thumbnail size-thumbnail\" alt=\"\" \/><\/a>\n\t\t\t<\/dt><\/dl><br style=\"clear: both\" \/>\n\t\t<\/div>\n\n<p><strong>Geschichte des Kirchhofs<\/strong><\/p>\n<p>Die im alten Zentrum Berlins gelegenen Kirchen St. Nicolai und St. Marien,\u00a0sind seit 1938 eine geschlossene Gemeinde. Ein gemeinsamer Friedhof &#8222;am Prenzlauer Thor&#8220; wurde schon 1802 er\u00f6ffnet und verwaltet. 1858 wurde dann der Neue Kirchhof St. Nicolai &amp; St. Marien eingeweiht. Die letzte Friedhofserweiterung der Kirchengemeinden fand an dieser Stelle statt.<\/p>\n<p>Auf diesem Friedhof fanden haupts\u00e4chlich Reihenbestattungen statt, d.h. f\u00fcr meist weniger wohlhabende Menschen. Im Gegensatz zu den benachbarten Friedh\u00f6fen gab es daher weniger so genannte Erbbegr\u00e4bnisst\u00e4tten. 1970 wurde der Friedhof auf Anordnung des (Ost-) Berliner Magistrats f\u00fcr Beisetzungen\u00a0geschlossen. 1991 hob der Berliner Senat diesen Beschlu\u00df wieder auf. Heute fanden weiterhin Beisetzungen statt, jedoch nur noch auf den s\u00fcd\u00f6stlichen Teil des Friedhofes.<\/p>\n<p>2012 wurde der Friedhof zu einem Park umgestaltet.<\/p>\n<p>An einigen Grabstellen konnten noch private Gedenken, an Kriegsopfer dokumentiert werden.<\/p>\n","protected":false},"excerpt":{"rendered":"<p>&nbsp; Berlin-Prenzlauer Berg Leise Park, Heinrich-Roller-Stra\u00dfe Bericht und Bilder von Thomas\u00a0Gefallenendenkm\u00e4ler Berlin\/Brandenburg Geschichte des Kirchhofs Die im alten Zentrum Berlins gelegenen Kirchen St. Nicolai und St. Marien,\u00a0sind seit 1938 eine geschlossene Gemeinde. Ein gemeinsamer Friedhof &#8222;am Prenzlauer Thor&#8220; wurde schon &hellip; <a href=\"http:\/\/www.denkfried.de\/wp\/?page_id=35001\">Weiterlesen <span class=\"meta-nav\">&rarr;<\/span><\/a><\/p>\n","protected":false},"author":9,"featured_media":0,"parent":16821,"menu_order":0,"comment_status":"closed","ping_status":"open","template":"","meta":{"footnotes":""},"class_list":["post-35001","page","type-page","status-publish","hentry"],"_links":{"self":[{"href":"http:\/\/www.denkfried.de\/wp\/index.php?rest_route=\/wp\/v2\/pages\/35001","targetHints":{"allow":["GET"]}}],"collection":[{"href":"http:\/\/www.denkfried.de\/wp\/index.php?rest_route=\/wp\/v2\/pages"}],"about":[{"href":"http:\/\/www.denkfried.de\/wp\/index.php?rest_route=\/wp\/v2\/types\/page"}],"author":[{"embeddable":true,"href":"http:\/\/www.denkfried.de\/wp\/index.php?rest_route=\/wp\/v2\/users\/9"}],"replies":[{"embeddable":true,"href":"http:\/\/www.denkfried.de\/wp\/index.php?rest_route=%2Fwp%2Fv2%2Fcomments&post=35001"}],"version-history":[{"count":12,"href":"http:\/\/www.denkfried.de\/wp\/index.php?rest_route=\/wp\/v2\/pages\/35001\/revisions"}],"predecessor-version":[{"id":39683,"href":"http:\/\/www.denkfried.de\/wp\/index.php?rest_route=\/wp\/v2\/pages\/35001\/revisions\/39683"}],"up":[{"embeddable":true,"href":"http:\/\/www.denkfried.de\/wp\/index.php?rest_route=\/wp\/v2\/pages\/16821"}],"wp:attachment":[{"href":"http:\/\/www.denkfried.de\/wp\/index.php?rest_route=%2Fwp%2Fv2%2Fmedia&parent=35001"}],"curies":[{"name":"wp","href":"https:\/\/api.w.org\/{rel}","templated":true}]}}