{"id":34819,"date":"2014-03-30T08:27:27","date_gmt":"2014-03-30T06:27:27","guid":{"rendered":"http:\/\/www.denkfried.de\/wp\/?page_id=34819"},"modified":"2015-11-28T18:32:32","modified_gmt":"2015-11-28T17:32:32","slug":"neukoelln-magdalenenkirche","status":"publish","type":"page","link":"http:\/\/www.denkfried.de\/wp\/?page_id=34819","title":{"rendered":"Neuk\u00f6lln Magdalenenkirche"},"content":{"rendered":"<p>&nbsp;<\/p>\n<p><strong>Berlin-Neuk\u00f6lln<\/strong> Magdalenenkirche, Karl-Marx-Stra\u00dfe 201<\/p>\n<address>Bericht von Thomas\u00a0<a href=\"http:\/\/g-bb.jimdo.com\/\">Gefallenendenkm\u00e4ler Berlin\/Brandenburg<\/a><\/address>\n<address>Bilder von Martina Rohde &#8211; 2009 <a href=\"http:\/\/www.denkmalprojekt.org\/index.htm\">denkmalprojekt.org<\/a><\/address>\n<div id='gallery-1' class='gallery galleryid-34819 gallery-columns-3 gallery-size-thumbnail'><dl class='gallery-item'>\n\t\t\t<dt class='gallery-icon portrait'>\n\t\t\t\t<a href='http:\/\/www.denkfried.de\/wp\/?attachment_id=34823'><img loading=\"lazy\" decoding=\"async\" width=\"150\" height=\"150\" src=\"http:\/\/www.denkfried.de\/wp\/wp-content\/uploads\/2014\/03\/Berlin-Neuk\u00f6lln-Magdalenenkirche-Gedenktafel-150x150.jpg\" class=\"attachment-thumbnail size-thumbnail\" alt=\"\" aria-describedby=\"gallery-1-34823\" \/><\/a>\n\t\t\t<\/dt>\n\t\t\t\t<dd class='wp-caption-text gallery-caption' id='gallery-1-34823'>\n\t\t\t\t1848\n\t\t\t\t<\/dd><\/dl><dl class='gallery-item'>\n\t\t\t<dt class='gallery-icon portrait'>\n\t\t\t\t<a href='http:\/\/www.denkfried.de\/wp\/?attachment_id=34824'><img loading=\"lazy\" decoding=\"async\" width=\"150\" height=\"150\" src=\"http:\/\/www.denkfried.de\/wp\/wp-content\/uploads\/2014\/03\/Berlin-Neuk\u00f6lln-Magdalenenkirche-Gedenktafel-2-150x150.jpg\" class=\"attachment-thumbnail size-thumbnail\" alt=\"\" aria-describedby=\"gallery-1-34824\" \/><\/a>\n\t\t\t<\/dt>\n\t\t\t\t<dd class='wp-caption-text gallery-caption' id='gallery-1-34824'>\n\t\t\t\t1914-1918 Kriegerverein\n\t\t\t\t<\/dd><\/dl><dl class='gallery-item'>\n\t\t\t<dt class='gallery-icon portrait'>\n\t\t\t\t<a href='http:\/\/www.denkfried.de\/wp\/?attachment_id=34825'><img loading=\"lazy\" decoding=\"async\" width=\"150\" height=\"150\" src=\"http:\/\/www.denkfried.de\/wp\/wp-content\/uploads\/2014\/03\/Berlin-Neuk\u00f6lln-Magdalenenkirche-Gedenktafel-3-150x150.jpg\" class=\"attachment-thumbnail size-thumbnail\" alt=\"\" aria-describedby=\"gallery-1-34825\" \/><\/a>\n\t\t\t<\/dt>\n\t\t\t\t<dd class='wp-caption-text gallery-caption' id='gallery-1-34825'>\n\t\t\t\t1813\n\t\t\t\t<\/dd><\/dl><br style=\"clear: both\" \/><dl class='gallery-item'>\n\t\t\t<dt class='gallery-icon portrait'>\n\t\t\t\t<a href='http:\/\/www.denkfried.de\/wp\/?attachment_id=34826'><img loading=\"lazy\" decoding=\"async\" width=\"150\" height=\"150\" src=\"http:\/\/www.denkfried.de\/wp\/wp-content\/uploads\/2014\/03\/Berlin-Neuk\u00f6lln-Magdalenenkirche-Gedenktafel-4-150x150.jpg\" class=\"attachment-thumbnail size-thumbnail\" alt=\"\" aria-describedby=\"gallery-1-34826\" \/><\/a>\n\t\t\t<\/dt>\n\t\t\t\t<dd class='wp-caption-text gallery-caption' id='gallery-1-34826'>\n\t\t\t\t1813\n\t\t\t\t<\/dd><\/dl><dl class='gallery-item'>\n\t\t\t<dt class='gallery-icon portrait'>\n\t\t\t\t<a href='http:\/\/www.denkfried.de\/wp\/?attachment_id=34827'><img loading=\"lazy\" decoding=\"async\" width=\"150\" height=\"150\" src=\"http:\/\/www.denkfried.de\/wp\/wp-content\/uploads\/2014\/03\/Berlin-Neuk\u00f6lln-Magdalenenkirche-Gedenktafel-5-150x150.jpg\" class=\"attachment-thumbnail size-thumbnail\" alt=\"\" aria-describedby=\"gallery-1-34827\" \/><\/a>\n\t\t\t<\/dt>\n\t\t\t\t<dd class='wp-caption-text gallery-caption' id='gallery-1-34827'>\n\t\t\t\t1914-1918 J\u00e4gerverein\n\t\t\t\t<\/dd><\/dl>\n\t\t\t<br style='clear: both' \/>\n\t\t<\/div>\n\n<p><strong>1813 private Gedenktafel<\/strong><\/p>\n<p>Christian Friedrich Pfl\u00fcger<\/p>\n<p>geboren den 29ten August 1789, fiel f\u00fcr K\u00f6nig und Vaterland, siegend, am 17ten October 1813 in der V\u00f6lkerschlacht bei Leipzig. Alt 24 Jahr, 1 Monat, 18 Tage. Seine trauernden Eltern Carl Friedrich Wilhelm Pfl\u00fcgerund Marie Elisabeth geborne Futh setzten ihn dieses Denkmal. Lange suchte dich unsere Herz, du kamst nicht wieder!Ruhe sanft! in deiner unbekannten Grabe.<\/p>\n<p><strong>1813-15 Gedenktafel der Kirchengemeinde<\/strong><\/p>\n<p><span style=\"font-size: medium;\">Denkmal f\u00fcr die aus Deutsch-R\u00fccksdorf f\u00fcr K\u00f6nig und Vaterland gefallenen Krieger. <\/span><\/p>\n<p>1. Johann Ludwig Reinicke, Grenadier im 1ten Pommerschen Grenadier-Bataillon fiel bei Hoyerswerda am 28ten Mai 1813.<\/p>\n<p>2. Christian Friedrich Pfl\u00fcger, Musketier im 2ten Brandenburgischen-Infanterie-Regiment fiel bei Leipzig am 17ten October 1813.<\/p>\n<p>3. Heinrich Ephraim Kluge, Unteroffizier im 7ten Kurm\u00e4rkischem Landwehr-Infanterie-Regiment fiel vor Magdeburg am 16ten December 1813<\/p>\n<p>4. Carl Wilhelm Viert, Grenadier im Kaiser-Alexander-Regiment fiel bei Montmerail am 11ten Februar 1814<\/p>\n<p>Wenn ihr in k\u00fchler Erde ruht, nach \u00fcberstand\u2019nem Leide; so lohnt Gott eure Treu und Muth! Mit ew\u2019ger Himmelsfreude.<\/p>\n<p><strong>1848 Gedenktafel<\/strong><\/p>\n<p>Andenken unseres theuren unvergesslichen Bruders, Schwagers, des in der Schlacht bei D\u00fcppel in Schleswig Holstein am 6. Juni 1848 gefallenen Garde Sch\u00fctzen.<\/p>\n<p>Johann Heinrich August Niemetz<\/p>\n<p>geb. den 8. August 1828 zu Deutsch Rixdorf. Schnell hat dich der Tod genommen, aus der Liebe treuem Arm. Fr\u00fch bist Du zur Ruhe kommen. Uns brach dein Tod stillen Harm. Ruhe sanft in deinem unbekannten Grabe, dein Heiland wei\u00df wo es ist.<\/p>\n<p><strong>1914-1918 Gedenktafel Kriegerverein<\/strong><\/p>\n<p>Ehrentafel F\u00fcr die im Weltkriege 1914 &#8211; 1918 Gefallenen Helden des Kriegervereins Neuk\u00f6lln e.v. Es starben den Heldentod f\u00fcr\u00b4s Vaterland die Kameraden:<\/p>\n<p>Es sind hier 22 Namen aufgef\u00fchrt.<\/p>\n<p><strong>1914-1918 Gedenktafel J\u00e4ger- und Sch\u00fctzenverein<\/strong><\/p>\n<p>Den Ehrenden Gedenken der im Weltkriege<br \/>\nGefallenen Kameraden &#8211; 1914-1918<\/p>\n<p>Es folgen 5 Namen.<\/p>\n<p>Gewidmet v. Verein ehem. J\u00e4ger und Sch\u00fctzen Neuk\u00f6lln 29.10.1921<\/p>\n","protected":false},"excerpt":{"rendered":"<p>&nbsp; Berlin-Neuk\u00f6lln Magdalenenkirche, Karl-Marx-Stra\u00dfe 201 Bericht von Thomas\u00a0Gefallenendenkm\u00e4ler Berlin\/Brandenburg Bilder von Martina Rohde &#8211; 2009 denkmalprojekt.org 1813 private Gedenktafel Christian Friedrich Pfl\u00fcger geboren den 29ten August 1789, fiel f\u00fcr K\u00f6nig und Vaterland, siegend, am 17ten October 1813 in der V\u00f6lkerschlacht &hellip; <a href=\"http:\/\/www.denkfried.de\/wp\/?page_id=34819\">Weiterlesen <span class=\"meta-nav\">&rarr;<\/span><\/a><\/p>\n","protected":false},"author":9,"featured_media":0,"parent":19078,"menu_order":0,"comment_status":"closed","ping_status":"open","template":"","meta":{"footnotes":""},"class_list":["post-34819","page","type-page","status-publish","hentry"],"_links":{"self":[{"href":"http:\/\/www.denkfried.de\/wp\/index.php?rest_route=\/wp\/v2\/pages\/34819","targetHints":{"allow":["GET"]}}],"collection":[{"href":"http:\/\/www.denkfried.de\/wp\/index.php?rest_route=\/wp\/v2\/pages"}],"about":[{"href":"http:\/\/www.denkfried.de\/wp\/index.php?rest_route=\/wp\/v2\/types\/page"}],"author":[{"embeddable":true,"href":"http:\/\/www.denkfried.de\/wp\/index.php?rest_route=\/wp\/v2\/users\/9"}],"replies":[{"embeddable":true,"href":"http:\/\/www.denkfried.de\/wp\/index.php?rest_route=%2Fwp%2Fv2%2Fcomments&post=34819"}],"version-history":[{"count":15,"href":"http:\/\/www.denkfried.de\/wp\/index.php?rest_route=\/wp\/v2\/pages\/34819\/revisions"}],"predecessor-version":[{"id":39628,"href":"http:\/\/www.denkfried.de\/wp\/index.php?rest_route=\/wp\/v2\/pages\/34819\/revisions\/39628"}],"up":[{"embeddable":true,"href":"http:\/\/www.denkfried.de\/wp\/index.php?rest_route=\/wp\/v2\/pages\/19078"}],"wp:attachment":[{"href":"http:\/\/www.denkfried.de\/wp\/index.php?rest_route=%2Fwp%2Fv2%2Fmedia&parent=34819"}],"curies":[{"name":"wp","href":"https:\/\/api.w.org\/{rel}","templated":true}]}}