{"id":34720,"date":"2014-03-20T18:36:09","date_gmt":"2014-03-20T17:36:09","guid":{"rendered":"http:\/\/www.denkfried.de\/wp\/?page_id=34720"},"modified":"2015-12-23T16:50:37","modified_gmt":"2015-12-23T15:50:37","slug":"berlin-frohnau-denkmal","status":"publish","type":"page","link":"http:\/\/www.denkfried.de\/wp\/?page_id=34720","title":{"rendered":"Berlin-Frohnau Denkmal"},"content":{"rendered":"<p>&nbsp;<\/p>\n<p><strong>Berlin-Frohnau<\/strong> Denkmal<\/p>\n<p>Bericht und Bilder von Thomas\u00a0<a href=\"http:\/\/g-bb.jimdo.com\/\">Gefallenendenkm\u00e4ler Berlin\/Brandenburg<\/a><\/p>\n<div id='gallery-1' class='gallery galleryid-34720 gallery-columns-3 gallery-size-thumbnail'><dl class='gallery-item'>\n\t\t\t<dt class='gallery-icon landscape'>\n\t\t\t\t<a href='http:\/\/www.denkfried.de\/wp\/?attachment_id=34726'><img loading=\"lazy\" decoding=\"async\" width=\"150\" height=\"150\" src=\"http:\/\/www.denkfried.de\/wp\/wp-content\/uploads\/2014\/03\/Berlin-Frohnau-Kriegerdenkmal-1943-150x150.jpg\" class=\"attachment-thumbnail size-thumbnail\" alt=\"\" \/><\/a>\n\t\t\t<\/dt><\/dl><dl class='gallery-item'>\n\t\t\t<dt class='gallery-icon landscape'>\n\t\t\t\t<a href='http:\/\/www.denkfried.de\/wp\/?attachment_id=34730'><img loading=\"lazy\" decoding=\"async\" width=\"150\" height=\"150\" src=\"http:\/\/www.denkfried.de\/wp\/wp-content\/uploads\/2014\/03\/Denkmal-Berlin-Frohnau-150x150.jpg\" class=\"attachment-thumbnail size-thumbnail\" alt=\"\" \/><\/a>\n\t\t\t<\/dt><\/dl><dl class='gallery-item'>\n\t\t\t<dt class='gallery-icon landscape'>\n\t\t\t\t<a href='http:\/\/www.denkfried.de\/wp\/?attachment_id=34731'><img loading=\"lazy\" decoding=\"async\" width=\"150\" height=\"150\" src=\"http:\/\/www.denkfried.de\/wp\/wp-content\/uploads\/2014\/03\/Denkmal-Berlin-Frohnau-2-150x150.jpg\" class=\"attachment-thumbnail size-thumbnail\" alt=\"\" \/><\/a>\n\t\t\t<\/dt><\/dl><br style=\"clear: both\" \/><dl class='gallery-item'>\n\t\t\t<dt class='gallery-icon landscape'>\n\t\t\t\t<a href='http:\/\/www.denkfried.de\/wp\/?attachment_id=34729'><img loading=\"lazy\" decoding=\"async\" width=\"150\" height=\"150\" src=\"http:\/\/www.denkfried.de\/wp\/wp-content\/uploads\/2014\/03\/Berlin-Frohnau-Inschrift-1914-1918-150x150.jpg\" class=\"attachment-thumbnail size-thumbnail\" alt=\"\" \/><\/a>\n\t\t\t<\/dt><\/dl><dl class='gallery-item'>\n\t\t\t<dt class='gallery-icon landscape'>\n\t\t\t\t<a href='http:\/\/www.denkfried.de\/wp\/?attachment_id=34727'><img loading=\"lazy\" decoding=\"async\" width=\"150\" height=\"150\" src=\"http:\/\/www.denkfried.de\/wp\/wp-content\/uploads\/2014\/03\/Berlin-Frohnau-Ehrenmal-Inschrift-150x150.jpg\" class=\"attachment-thumbnail size-thumbnail\" alt=\"\" \/><\/a>\n\t\t\t<\/dt><\/dl><dl class='gallery-item'>\n\t\t\t<dt class='gallery-icon landscape'>\n\t\t\t\t<a href='http:\/\/www.denkfried.de\/wp\/?attachment_id=34728'><img loading=\"lazy\" decoding=\"async\" width=\"150\" height=\"150\" src=\"http:\/\/www.denkfried.de\/wp\/wp-content\/uploads\/2014\/03\/Berlin-Frohnau-Gedenktafel-1939-1945-150x150.jpg\" class=\"attachment-thumbnail size-thumbnail\" alt=\"\" \/><\/a>\n\t\t\t<\/dt><\/dl><br style=\"clear: both\" \/>\n\t\t<\/div>\n\n<p><strong>Kriegerdenkmal<\/strong> am n\u00f6rdlichen Ende der Wiltinger Str. errichtete man auf einem kleinen Platz zum Gedenken an die im I. Weltkrieg gefallenen Frohnauer. Den Entwurf f\u00fcr das aus Muschelkalk gefertigte Denkmal lieferte der Architekt Paul Poser. Ein Foto vom 26. Februar 1943, konnte zum Vergleich noch hinzugef\u00fcgt werden. Das Denkmal tr\u00e4gt den heute befremdlich wirkenden, infolge Verwitterung kaum noch zu lesenden Satz von Theodor K\u00f6rner aus dem Jahr 1813:<\/p>\n<address style=\"text-align: center;\"><strong>Zum Opfertode f\u00fcr die Freiheit und f\u00fcr die Ehre seiner Nation<\/strong><\/address>\n<address style=\"text-align: center;\"><strong> ist keiner zu gut, wohl aber sind viele zu schlecht dazu<\/strong><\/address>\n<address style=\"text-align: center;\">\u00a0<\/address>\n<p>Nach 1945 brachte man eine Bronzetafel an mit der Inschrift:<\/p>\n<address style=\"text-align: center;\"><strong>Den Toten des II. Weltkrieges zum Gedenken<\/strong><\/address>\n<address style=\"text-align: center;\"><strong>und den Lebenden zur Mahnung<\/strong><\/address>\n<address style=\"text-align: center;\">\u00a0<\/address>\n<p>Zum Gedenken an die Kriegsgefallenen des 1. Weltkrieges w\u00e4hlte man\u00a0bei Errichtung des Denkmals im Jahre 1922 diesen Spruch des Dichters\u00a0Theodor K\u00f6rner ( 1791 \u2013 1813 ), der im Alter von 21 Jahren in den\u00a0Befreiungskriegen 1813 \/ 1815 fiel. Angesichts der Opfer zweier Weltkriege\u00a0mu\u00df diese Inschrift die heute Lebenden zum Nachdenken aufrufen. Am Denkmal sind 22 Namen aufgef\u00fchrt.<\/p>\n","protected":false},"excerpt":{"rendered":"<p>&nbsp; Berlin-Frohnau Denkmal Bericht und Bilder von Thomas\u00a0Gefallenendenkm\u00e4ler Berlin\/Brandenburg Kriegerdenkmal am n\u00f6rdlichen Ende der Wiltinger Str. errichtete man auf einem kleinen Platz zum Gedenken an die im I. Weltkrieg gefallenen Frohnauer. Den Entwurf f\u00fcr das aus Muschelkalk gefertigte Denkmal lieferte &hellip; <a href=\"http:\/\/www.denkfried.de\/wp\/?page_id=34720\">Weiterlesen <span class=\"meta-nav\">&rarr;<\/span><\/a><\/p>\n","protected":false},"author":9,"featured_media":0,"parent":29899,"menu_order":0,"comment_status":"closed","ping_status":"open","template":"","meta":{"footnotes":""},"class_list":["post-34720","page","type-page","status-publish","hentry"],"_links":{"self":[{"href":"http:\/\/www.denkfried.de\/wp\/index.php?rest_route=\/wp\/v2\/pages\/34720","targetHints":{"allow":["GET"]}}],"collection":[{"href":"http:\/\/www.denkfried.de\/wp\/index.php?rest_route=\/wp\/v2\/pages"}],"about":[{"href":"http:\/\/www.denkfried.de\/wp\/index.php?rest_route=\/wp\/v2\/types\/page"}],"author":[{"embeddable":true,"href":"http:\/\/www.denkfried.de\/wp\/index.php?rest_route=\/wp\/v2\/users\/9"}],"replies":[{"embeddable":true,"href":"http:\/\/www.denkfried.de\/wp\/index.php?rest_route=%2Fwp%2Fv2%2Fcomments&post=34720"}],"version-history":[{"count":6,"href":"http:\/\/www.denkfried.de\/wp\/index.php?rest_route=\/wp\/v2\/pages\/34720\/revisions"}],"predecessor-version":[{"id":39703,"href":"http:\/\/www.denkfried.de\/wp\/index.php?rest_route=\/wp\/v2\/pages\/34720\/revisions\/39703"}],"up":[{"embeddable":true,"href":"http:\/\/www.denkfried.de\/wp\/index.php?rest_route=\/wp\/v2\/pages\/29899"}],"wp:attachment":[{"href":"http:\/\/www.denkfried.de\/wp\/index.php?rest_route=%2Fwp%2Fv2%2Fmedia&parent=34720"}],"curies":[{"name":"wp","href":"https:\/\/api.w.org\/{rel}","templated":true}]}}