{"id":34661,"date":"2014-03-08T18:25:26","date_gmt":"2014-03-08T17:25:26","guid":{"rendered":"http:\/\/www.denkfried.de\/wp\/?page_id=34661"},"modified":"2014-03-08T18:33:28","modified_gmt":"2014-03-08T17:33:28","slug":"gedenkstaette-ploetzensee","status":"publish","type":"page","link":"http:\/\/www.denkfried.de\/wp\/?page_id=34661","title":{"rendered":"Gedenkst\u00e4tte Pl\u00f6tzensee"},"content":{"rendered":"<p>&nbsp;<\/p>\n<p><strong>Berlin-Wedding<\/strong> Gedenkst\u00e4tte Pl\u00f6tzensee, H\u00fcttigpfad<\/p>\n<div id='gallery-1' class='gallery galleryid-34661 gallery-columns-4 gallery-size-thumbnail'><dl class='gallery-item'>\n\t\t\t<dt class='gallery-icon landscape'>\n\t\t\t\t<a href='http:\/\/www.denkfried.de\/wp\/?attachment_id=34671'><img loading=\"lazy\" decoding=\"async\" width=\"150\" height=\"150\" src=\"http:\/\/www.denkfried.de\/wp\/wp-content\/uploads\/2014\/03\/Gedenkst\u00e4tte-Berlin-Pl\u00f6tzensee-7-150x150.jpg\" class=\"attachment-thumbnail size-thumbnail\" alt=\"\" \/><\/a>\n\t\t\t<\/dt><\/dl><dl class='gallery-item'>\n\t\t\t<dt class='gallery-icon landscape'>\n\t\t\t\t<a href='http:\/\/www.denkfried.de\/wp\/?attachment_id=34665'><img loading=\"lazy\" decoding=\"async\" width=\"150\" height=\"150\" src=\"http:\/\/www.denkfried.de\/wp\/wp-content\/uploads\/2014\/03\/Gedenkst\u00e4tte-Berlin-Pl\u00f6tzensee-150x150.jpg\" class=\"attachment-thumbnail size-thumbnail\" alt=\"\" \/><\/a>\n\t\t\t<\/dt><\/dl><dl class='gallery-item'>\n\t\t\t<dt class='gallery-icon landscape'>\n\t\t\t\t<a href='http:\/\/www.denkfried.de\/wp\/?attachment_id=34670'><img loading=\"lazy\" decoding=\"async\" width=\"150\" height=\"150\" src=\"http:\/\/www.denkfried.de\/wp\/wp-content\/uploads\/2014\/03\/Gedenkst\u00e4tte-Berlin-Pl\u00f6tzensee-6-150x150.jpg\" class=\"attachment-thumbnail size-thumbnail\" alt=\"\" \/><\/a>\n\t\t\t<\/dt><\/dl><dl class='gallery-item'>\n\t\t\t<dt class='gallery-icon landscape'>\n\t\t\t\t<a href='http:\/\/www.denkfried.de\/wp\/?attachment_id=34667'><img loading=\"lazy\" decoding=\"async\" width=\"150\" height=\"150\" src=\"http:\/\/www.denkfried.de\/wp\/wp-content\/uploads\/2014\/03\/Gedenkst\u00e4tte-Berlin-Pl\u00f6tzensee-3-150x150.jpg\" class=\"attachment-thumbnail size-thumbnail\" alt=\"\" \/><\/a>\n\t\t\t<\/dt><\/dl><br style=\"clear: both\" \/><dl class='gallery-item'>\n\t\t\t<dt class='gallery-icon landscape'>\n\t\t\t\t<a href='http:\/\/www.denkfried.de\/wp\/?attachment_id=34672'><img loading=\"lazy\" decoding=\"async\" width=\"150\" height=\"150\" src=\"http:\/\/www.denkfried.de\/wp\/wp-content\/uploads\/2014\/03\/Gedenkst\u00e4tte-Berlin-Pl\u00f6tzensee-9-150x150.jpg\" class=\"attachment-thumbnail size-thumbnail\" alt=\"\" \/><\/a>\n\t\t\t<\/dt><\/dl><dl class='gallery-item'>\n\t\t\t<dt class='gallery-icon landscape'>\n\t\t\t\t<a href='http:\/\/www.denkfried.de\/wp\/?attachment_id=34666'><img loading=\"lazy\" decoding=\"async\" width=\"150\" height=\"150\" src=\"http:\/\/www.denkfried.de\/wp\/wp-content\/uploads\/2014\/03\/Gedenkst\u00e4tte-Berlin-Pl\u00f6tzensee-2-150x150.jpg\" class=\"attachment-thumbnail size-thumbnail\" alt=\"\" \/><\/a>\n\t\t\t<\/dt><\/dl><dl class='gallery-item'>\n\t\t\t<dt class='gallery-icon landscape'>\n\t\t\t\t<a href='http:\/\/www.denkfried.de\/wp\/?attachment_id=34669'><img loading=\"lazy\" decoding=\"async\" width=\"150\" height=\"150\" src=\"http:\/\/www.denkfried.de\/wp\/wp-content\/uploads\/2014\/03\/Gedenkst\u00e4tte-Berlin-Pl\u00f6tzensee-4-150x150.jpg\" class=\"attachment-thumbnail size-thumbnail\" alt=\"\" \/><\/a>\n\t\t\t<\/dt><\/dl><dl class='gallery-item'>\n\t\t\t<dt class='gallery-icon landscape'>\n\t\t\t\t<a href='http:\/\/www.denkfried.de\/wp\/?attachment_id=34668'><img loading=\"lazy\" decoding=\"async\" width=\"150\" height=\"150\" src=\"http:\/\/www.denkfried.de\/wp\/wp-content\/uploads\/2014\/03\/Gedenkst\u00e4tte-Berlin-Pl\u00f6tzensee-5-150x150.jpg\" class=\"attachment-thumbnail size-thumbnail\" alt=\"\" \/><\/a>\n\t\t\t<\/dt><\/dl><br style=\"clear: both\" \/>\n\t\t<\/div>\n\n<p>Die Gedenkst\u00e4tte Pl\u00f6tzensee f\u00fcr die Opfer des Nationalsozialismus aus dem In- und Ausland ist ein Ort des stillen Gedenkens. Zwischen 1933 und 1945 wurden hier fast 3000 Menschen nach Unrechtsurteilen der NS-Justiz hingerichtet. Der Raum, in dem die Hinrichtungen stattfanden, ist heute Gedenkraum. Im Raum daneben wird die Praxis der nationalsozialistischen Justiz dokumentiert.<\/p>\n<p>Mehr auf <a href=\"http:\/\/www.gedenkstaette-ploetzensee.de\/\">www.Gedenkst\u00e4tte-Pl\u00f6tzensee.de<\/a><\/p>\n","protected":false},"excerpt":{"rendered":"<p>&nbsp; Berlin-Wedding Gedenkst\u00e4tte Pl\u00f6tzensee, H\u00fcttigpfad Die Gedenkst\u00e4tte Pl\u00f6tzensee f\u00fcr die Opfer des Nationalsozialismus aus dem In- und Ausland ist ein Ort des stillen Gedenkens. Zwischen 1933 und 1945 wurden hier fast 3000 Menschen nach Unrechtsurteilen der NS-Justiz hingerichtet. Der Raum, &hellip; <a href=\"http:\/\/www.denkfried.de\/wp\/?page_id=34661\">Weiterlesen <span class=\"meta-nav\">&rarr;<\/span><\/a><\/p>\n","protected":false},"author":9,"featured_media":0,"parent":15757,"menu_order":0,"comment_status":"closed","ping_status":"open","template":"","meta":{"footnotes":""},"class_list":["post-34661","page","type-page","status-publish","hentry"],"_links":{"self":[{"href":"http:\/\/www.denkfried.de\/wp\/index.php?rest_route=\/wp\/v2\/pages\/34661","targetHints":{"allow":["GET"]}}],"collection":[{"href":"http:\/\/www.denkfried.de\/wp\/index.php?rest_route=\/wp\/v2\/pages"}],"about":[{"href":"http:\/\/www.denkfried.de\/wp\/index.php?rest_route=\/wp\/v2\/types\/page"}],"author":[{"embeddable":true,"href":"http:\/\/www.denkfried.de\/wp\/index.php?rest_route=\/wp\/v2\/users\/9"}],"replies":[{"embeddable":true,"href":"http:\/\/www.denkfried.de\/wp\/index.php?rest_route=%2Fwp%2Fv2%2Fcomments&post=34661"}],"version-history":[{"count":5,"href":"http:\/\/www.denkfried.de\/wp\/index.php?rest_route=\/wp\/v2\/pages\/34661\/revisions"}],"predecessor-version":[{"id":34674,"href":"http:\/\/www.denkfried.de\/wp\/index.php?rest_route=\/wp\/v2\/pages\/34661\/revisions\/34674"}],"up":[{"embeddable":true,"href":"http:\/\/www.denkfried.de\/wp\/index.php?rest_route=\/wp\/v2\/pages\/15757"}],"wp:attachment":[{"href":"http:\/\/www.denkfried.de\/wp\/index.php?rest_route=%2Fwp%2Fv2%2Fmedia&parent=34661"}],"curies":[{"name":"wp","href":"https:\/\/api.w.org\/{rel}","templated":true}]}}