{"id":34624,"date":"2014-03-08T17:50:55","date_gmt":"2014-03-08T16:50:55","guid":{"rendered":"http:\/\/www.denkfried.de\/wp\/?page_id=34624"},"modified":"2014-03-08T18:01:16","modified_gmt":"2014-03-08T17:01:16","slug":"alt-lietzow","status":"publish","type":"page","link":"http:\/\/www.denkfried.de\/wp\/?page_id=34624","title":{"rendered":"Alt Lietzow"},"content":{"rendered":"<p>&nbsp;<\/p>\n<p><strong>Berlin- Alt Lietzow<\/strong><\/p>\n<p>(seit dem 18.\u00a0Jahrhundert auch: <b>L\u00fctzow<\/b>) war ein Ort auf dem Gebiet des heutigen Berliner Ortsteils Charlottenburg am S\u00fcdufer der Spree zwischen dem heutigen Ernst-Reuter-Platz und dem Schloss Charlottenburg, n\u00f6rdlich der Otto-Suhr-Allee.<\/p>\n<p>Wikipedia.de<\/p>\n<p>&nbsp;<\/p>\n<ul>\n<li><a href=\"http:\/\/www.denkfried.de\/wp\/?page_id=15120\">Denkmal<\/a><\/li>\n<li><a href=\"http:\/\/www.denkfried.de\/wp\/?page_id=16117\">Luisenfriedhof 1<\/a><\/li>\n<\/ul>\n","protected":false},"excerpt":{"rendered":"<p>&nbsp; Berlin- Alt Lietzow (seit dem 18.\u00a0Jahrhundert auch: L\u00fctzow) war ein Ort auf dem Gebiet des heutigen Berliner Ortsteils Charlottenburg am S\u00fcdufer der Spree zwischen dem heutigen Ernst-Reuter-Platz und dem Schloss Charlottenburg, n\u00f6rdlich der Otto-Suhr-Allee. Wikipedia.de &nbsp; Denkmal Luisenfriedhof 1<\/p>\n","protected":false},"author":9,"featured_media":0,"parent":4515,"menu_order":0,"comment_status":"closed","ping_status":"open","template":"","meta":{"footnotes":""},"class_list":["post-34624","page","type-page","status-publish","hentry"],"_links":{"self":[{"href":"http:\/\/www.denkfried.de\/wp\/index.php?rest_route=\/wp\/v2\/pages\/34624","targetHints":{"allow":["GET"]}}],"collection":[{"href":"http:\/\/www.denkfried.de\/wp\/index.php?rest_route=\/wp\/v2\/pages"}],"about":[{"href":"http:\/\/www.denkfried.de\/wp\/index.php?rest_route=\/wp\/v2\/types\/page"}],"author":[{"embeddable":true,"href":"http:\/\/www.denkfried.de\/wp\/index.php?rest_route=\/wp\/v2\/users\/9"}],"replies":[{"embeddable":true,"href":"http:\/\/www.denkfried.de\/wp\/index.php?rest_route=%2Fwp%2Fv2%2Fcomments&post=34624"}],"version-history":[{"count":4,"href":"http:\/\/www.denkfried.de\/wp\/index.php?rest_route=\/wp\/v2\/pages\/34624\/revisions"}],"predecessor-version":[{"id":34635,"href":"http:\/\/www.denkfried.de\/wp\/index.php?rest_route=\/wp\/v2\/pages\/34624\/revisions\/34635"}],"up":[{"embeddable":true,"href":"http:\/\/www.denkfried.de\/wp\/index.php?rest_route=\/wp\/v2\/pages\/4515"}],"wp:attachment":[{"href":"http:\/\/www.denkfried.de\/wp\/index.php?rest_route=%2Fwp%2Fv2%2Fmedia&parent=34624"}],"curies":[{"name":"wp","href":"https:\/\/api.w.org\/{rel}","templated":true}]}}