{"id":3459,"date":"2011-04-16T21:27:10","date_gmt":"2011-04-16T19:27:10","guid":{"rendered":"http:\/\/www.denkfried.de\/wp\/?page_id=3459"},"modified":"2012-12-08T15:38:24","modified_gmt":"2012-12-08T14:38:24","slug":"lk-unterallgau","status":"publish","type":"page","link":"http:\/\/www.denkfried.de\/wp\/?page_id=3459","title":{"rendered":"LK UNTERALLG\u00c4U"},"content":{"rendered":"<p>&nbsp;<\/p>\n<p>Verwaltungssitz: <span style=\"text-decoration: underline;\"><strong>87719 Mindelheim<\/strong><\/span>, Bad W\u00f6rishofer Str.33<\/p>\n<p>*****************************************************<\/p>\n<p><strong>St\u00e4dte<\/strong><\/p>\n<ul>\n<li>Bad W\u00f6rishofen<\/li>\n<li>Mindelheim (Kreisstadt)<\/li>\n<\/ul>\n<p><strong>M\u00e4rkte<\/strong><\/p>\n<ul>\n<li>Babenhausen<\/li>\n<li>Bad Gr\u00f6nenbach<\/li>\n<li>Dirlewang<\/li>\n<li>Erkheim<\/li>\n<li>Kirchheim in Schwaben<\/li>\n<li>Legau<\/li>\n<li>Markt Rettenbach<\/li>\n<li>Markt Wald<\/li>\n<li>Ottobeuren<\/li>\n<li>Pfaffenhausen<\/li>\n<li>T\u00fcrkheim<\/li>\n<li>Tussenhausen<\/li>\n<\/ul>\n<p><strong>Gemeinde<\/strong><\/p>\n<ul>\n<li>Amberg<\/li>\n<li>Apfeltrach<\/li>\n<li>Benningen<\/li>\n<li>B\u00f6hen<\/li>\n<li>Boos<\/li>\n<li>Breitenbrunn<\/li>\n<li><a title=\"Breitenbrunn-Bedernau\" href=\"http:\/\/www.denkfried.de\/wp\/?page_id=3462\">Breitenbrunn-Bedernau<\/a><\/li>\n<li>Buxheim<\/li>\n<li>Egg an der G\u00fcnz<\/li>\n<li>Eppishausen<\/li>\n<li>Ettringen<\/li>\n<li>Fellheim<\/li>\n<li>Hawangen<\/li>\n<li>Heimertingen<\/li>\n<li>Holzg\u00fcnz<\/li>\n<li>Kammlach<\/li>\n<li>Kettershausen<\/li>\n<li>Kirchhaslach<\/li>\n<li>Kronburg<\/li>\n<li>Lachen<\/li>\n<li>Lauben<\/li>\n<li>Lautrach<\/li>\n<li>Memmingerberg<\/li>\n<li>Niederrieden<\/li>\n<li>Oberrieden<\/li>\n<li>Obersch\u00f6negg<\/li>\n<li>Ple\u00df<\/li>\n<li>Rammingen<\/li>\n<li>Salgen<\/li>\n<li>Sontheim<\/li>\n<li>Stetten<\/li>\n<li>Trunkelsberg<\/li>\n<li>Ungerhausen<\/li>\n<li>Unteregg<\/li>\n<li>Westerheim<\/li>\n<li>Wiedergeltingen<\/li>\n<li>Winterrieden<\/li>\n<li>Wolfertschwenden<\/li>\n<li>Woringen<\/li>\n<\/ul>\n<p>&nbsp;<\/p>\n<p>&nbsp;<\/p>\n","protected":false},"excerpt":{"rendered":"<p>&nbsp; Verwaltungssitz: 87719 Mindelheim, Bad W\u00f6rishofer Str.33 ***************************************************** St\u00e4dte Bad W\u00f6rishofen Mindelheim (Kreisstadt) M\u00e4rkte Babenhausen Bad Gr\u00f6nenbach Dirlewang Erkheim Kirchheim in Schwaben Legau Markt Rettenbach Markt Wald Ottobeuren Pfaffenhausen T\u00fcrkheim Tussenhausen Gemeinde Amberg Apfeltrach Benningen B\u00f6hen Boos Breitenbrunn Breitenbrunn-Bedernau Buxheim &hellip; <a href=\"http:\/\/www.denkfried.de\/wp\/?page_id=3459\">Weiterlesen <span class=\"meta-nav\">&rarr;<\/span><\/a><\/p>\n","protected":false},"author":2,"featured_media":0,"parent":27824,"menu_order":0,"comment_status":"closed","ping_status":"open","template":"","meta":{"footnotes":""},"class_list":["post-3459","page","type-page","status-publish","hentry"],"_links":{"self":[{"href":"http:\/\/www.denkfried.de\/wp\/index.php?rest_route=\/wp\/v2\/pages\/3459","targetHints":{"allow":["GET"]}}],"collection":[{"href":"http:\/\/www.denkfried.de\/wp\/index.php?rest_route=\/wp\/v2\/pages"}],"about":[{"href":"http:\/\/www.denkfried.de\/wp\/index.php?rest_route=\/wp\/v2\/types\/page"}],"author":[{"embeddable":true,"href":"http:\/\/www.denkfried.de\/wp\/index.php?rest_route=\/wp\/v2\/users\/2"}],"replies":[{"embeddable":true,"href":"http:\/\/www.denkfried.de\/wp\/index.php?rest_route=%2Fwp%2Fv2%2Fcomments&post=3459"}],"version-history":[{"count":7,"href":"http:\/\/www.denkfried.de\/wp\/index.php?rest_route=\/wp\/v2\/pages\/3459\/revisions"}],"predecessor-version":[{"id":8812,"href":"http:\/\/www.denkfried.de\/wp\/index.php?rest_route=\/wp\/v2\/pages\/3459\/revisions\/8812"}],"up":[{"embeddable":true,"href":"http:\/\/www.denkfried.de\/wp\/index.php?rest_route=\/wp\/v2\/pages\/27824"}],"wp:attachment":[{"href":"http:\/\/www.denkfried.de\/wp\/index.php?rest_route=%2Fwp%2Fv2%2Fmedia&parent=3459"}],"curies":[{"name":"wp","href":"https:\/\/api.w.org\/{rel}","templated":true}]}}