{"id":34389,"date":"2014-02-21T10:38:26","date_gmt":"2014-02-21T09:38:26","guid":{"rendered":"http:\/\/www.denkfried.de\/wp\/?page_id=34389"},"modified":"2015-12-23T16:19:56","modified_gmt":"2015-12-23T15:19:56","slug":"advent-kirche","status":"publish","type":"page","link":"http:\/\/www.denkfried.de\/wp\/?page_id=34389","title":{"rendered":"Advent Kirche"},"content":{"rendered":"<p>&nbsp;<\/p>\n<p><strong>Berlin-Prenzlauer Berg<\/strong><\/p>\n<p>Advent-Zach\u00e4us Kirchengemeinde, Danziger Stra\u00dfe 201-203<\/p>\n<p>Bericht und Bilder von Thomas\u00a0<a href=\"http:\/\/g-bb.jimdo.com\/\">Gefallenendenkm\u00e4ler Berlin\/Brandenburg<\/a><\/p>\n<div id='gallery-1' class='gallery galleryid-34389 gallery-columns-4 gallery-size-thumbnail'><dl class='gallery-item'>\n\t\t\t<dt class='gallery-icon portrait'>\n\t\t\t\t<a href='http:\/\/www.denkfried.de\/wp\/?attachment_id=34408'><img loading=\"lazy\" decoding=\"async\" width=\"150\" height=\"150\" src=\"http:\/\/www.denkfried.de\/wp\/wp-content\/uploads\/2014\/02\/Berlin-Prenzlauer-Berg-Ehrentafel-Advent-Kirche-150x150.jpg\" class=\"attachment-thumbnail size-thumbnail\" alt=\"\" aria-describedby=\"gallery-1-34408\" \/><\/a>\n\t\t\t<\/dt>\n\t\t\t\t<dd class='wp-caption-text gallery-caption' id='gallery-1-34408'>\n\t\t\t\tGedenktafeln 1914-1918\n\t\t\t\t<\/dd><\/dl><dl class='gallery-item'>\n\t\t\t<dt class='gallery-icon landscape'>\n\t\t\t\t<a href='http:\/\/www.denkfried.de\/wp\/?attachment_id=34409'><img loading=\"lazy\" decoding=\"async\" width=\"150\" height=\"150\" src=\"http:\/\/www.denkfried.de\/wp\/wp-content\/uploads\/2014\/02\/Berlin-Prenzlauer-Berg-Gedenktafel-Weltkrieg-150x150.jpg\" class=\"attachment-thumbnail size-thumbnail\" alt=\"\" aria-describedby=\"gallery-1-34409\" \/><\/a>\n\t\t\t<\/dt>\n\t\t\t\t<dd class='wp-caption-text gallery-caption' id='gallery-1-34409'>\n\t\t\t\tGedenktafeln 1914-1918\n\t\t\t\t<\/dd><\/dl><dl class='gallery-item'>\n\t\t\t<dt class='gallery-icon portrait'>\n\t\t\t\t<a href='http:\/\/www.denkfried.de\/wp\/?attachment_id=34410'><img loading=\"lazy\" decoding=\"async\" width=\"150\" height=\"150\" src=\"http:\/\/www.denkfried.de\/wp\/wp-content\/uploads\/2014\/02\/Berlin-Prenzlauer-Berg-Advent-Zach\u00e4us-Kirche-Gedenktafel-2-150x150.jpg\" class=\"attachment-thumbnail size-thumbnail\" alt=\"\" aria-describedby=\"gallery-1-34410\" \/><\/a>\n\t\t\t<\/dt>\n\t\t\t\t<dd class='wp-caption-text gallery-caption' id='gallery-1-34410'>\n\t\t\t\tGedenktafel Weltkriege\n\t\t\t\t<\/dd><\/dl><dl class='gallery-item'>\n\t\t\t<dt class='gallery-icon portrait'>\n\t\t\t\t<a href='http:\/\/www.denkfried.de\/wp\/?attachment_id=34465'><img loading=\"lazy\" decoding=\"async\" width=\"150\" height=\"150\" src=\"http:\/\/www.denkfried.de\/wp\/wp-content\/uploads\/2014\/02\/Berlin-Prenzlauer-Berg-Kruzifix-zum-Gedenken-2-150x150.jpg\" class=\"attachment-thumbnail size-thumbnail\" alt=\"\" aria-describedby=\"gallery-1-34465\" \/><\/a>\n\t\t\t<\/dt>\n\t\t\t\t<dd class='wp-caption-text gallery-caption' id='gallery-1-34465'>\n\t\t\t\tKruzifix\n\t\t\t\t<\/dd><\/dl><br style=\"clear: both\" \/>\n\t\t<\/div>\n\n<p><span style=\"text-decoration: underline;\"><strong>Gedenktafel 1914-1918<\/strong><\/span><\/p>\n<p>Die Kirche musste im ersten Weltkrieg die mittlere und gro\u00dfe Bronzeglocke, f\u00fcr das &#8222;Amt f\u00fcr Kriegsmaterial&#8220; am 01. M\u00e4rz 1917 abgeben. Am 30. November 1924 wurden zwei neue Glocken, diesmal aus Eisenhartguss eingeweiht. Die Gro\u00dfe Glocke mit 1343 Kg trug dann die Inschrift:<\/p>\n<address style=\"text-align: center;\"><em><strong>Ehre sei Gott in H\u00f6he<\/strong><\/em><\/address>\n<address style=\"text-align: center;\"><em><strong>In blutiger Not war\u00b4s eisern Gebot<\/strong><\/em><\/address>\n<address style=\"text-align: center;\"><em><strong>Die Bronzeglocken von 1910<\/strong><\/em><\/address>\n<address style=\"text-align: center;\"><em><strong>wurden 1917 dem Vaterland geopfert.<\/strong><\/em><\/address>\n<address style=\"text-align: center;\">\u00a0<\/address>\n<p>Die Kirchengemeinde hat \u00fcber 600 Gemeindeglieder im Weltkrieg verloren. Ihnen wurde an der Wandseite links und rechts von der Apsis am 27. August 1922 Gedenktafeln errichtet. In den spitzbogischen Wandnischen, wurden vom Prof. August Oetken die Namen gestaltet und aufgemalt. Zum Ende des zweiten Weltkrieges kam es hier zu Kampfhandlungen und Fliegerangriffen. Dadurch wurde die Kirche sehr stark besch\u00e4digt. Nach dem Wiederaufbau gab es die Gefallenentafeln nicht mehr.<\/p>\n<p><span style=\"text-decoration: underline;\"><strong>Gedenken 1939-1945<\/strong><\/span><\/p>\n<p>Auch im zweiten Weltkrieg mussten die kleine Kirchenglocke geopfert werden. Am\u00a0 19. Mai 1941 fand aus Anlass der Ablieferung diese Glocke, eine Opferfeier in der Kirche statt. Die Kirche wurde ab 1943 durch Brandbomben, ab 1944 durch Sprengbomben sehr stark besch\u00e4digt. Der wiederaufbau erfolgte ab 1949 die Kirche konnten 1952 neu Eingeweiht werden. Im Kirchenvorraum wurde am 20. April 1962 eine Sandsteintafel eingeweiht.<\/p>\n<p>Inschrift:<\/p>\n<address style=\"text-align: center;\"><em><strong>Wenn doch auch Du erkennst<\/strong><\/em><\/address>\n<address style=\"text-align: center;\"><em><strong>zu dieser deiner Zeit <\/strong><\/em><\/address>\n<address style=\"text-align: center;\"><em><strong>Was zu deinem Frieden dient.<\/strong><\/em><\/address>\n<address style=\"text-align: center;\"><em><strong>Aber nun ist\u00b4s vor deinen Augen verborgen<\/strong><\/em><\/address>\n<address style=\"text-align: center;\"><em><strong>Lukas 19.42<\/strong><\/em><\/address>\n<address style=\"text-align: center;\">\u00a0<\/address>\n<address style=\"text-align: center;\"><em><strong>Dem Gedenken der Opfer<\/strong><\/em><\/address>\n<address style=\"text-align: center;\"><em><strong>Zweier Weltkriege<\/strong><\/em><\/address>\n<address style=\"text-align: center;\">\u00a0<\/address>\n<address>\u00a0<\/address>\n<p>Dieser Tafel gegen\u00fcber wurde 1968 das alte Kruzifix, welches vor dem Krieg auf dem Altar stand angebracht. Das bronzene Kreuz, welches \u00e4usserlich Vergoldet wurde. Nach Aussagen alter Gemeindemitglieder, stammte manches Gold von Trauringen der Witwen des im zweiten Weltkrieg gefallenen Ehem\u00e4nnern. Nun soll hier die Gedenktafel und das Kruzifix, an die Kriege mit all dem Leid und der Zerst\u00f6rung erinnert werden.<\/p>\n<p>Auch das Anbringen der Tafel war kein zufall. An dieser Stelle soll wohl bis 1945 eine Tafel an Fritz Hellmann erinnert haben. Er war im ersten Weltkrieg in einer Jagdfliegerstaffel mit Herman G\u00f6ring. Sp\u00e4ter ein Anh\u00e4nger der NS-Bewegung. Im zuge der Reichspr\u00e4sidentenwahl 1932 kam der SA-Scharf\u00fchrer bei einer Auseinandersetztung durch ein Bauchschu\u00df ums Leben.<\/p>\n<p><strong>Quelle:<\/strong> Informationen sind von der Kirchengemeinde<\/p>\n","protected":false},"excerpt":{"rendered":"<p>&nbsp; Berlin-Prenzlauer Berg Advent-Zach\u00e4us Kirchengemeinde, Danziger Stra\u00dfe 201-203 Bericht und Bilder von Thomas\u00a0Gefallenendenkm\u00e4ler Berlin\/Brandenburg Gedenktafel 1914-1918 Die Kirche musste im ersten Weltkrieg die mittlere und gro\u00dfe Bronzeglocke, f\u00fcr das &#8222;Amt f\u00fcr Kriegsmaterial&#8220; am 01. M\u00e4rz 1917 abgeben. Am 30. November &hellip; <a href=\"http:\/\/www.denkfried.de\/wp\/?page_id=34389\">Weiterlesen <span class=\"meta-nav\">&rarr;<\/span><\/a><\/p>\n","protected":false},"author":9,"featured_media":0,"parent":16821,"menu_order":0,"comment_status":"closed","ping_status":"open","template":"","meta":{"footnotes":""},"class_list":["post-34389","page","type-page","status-publish","hentry"],"_links":{"self":[{"href":"http:\/\/www.denkfried.de\/wp\/index.php?rest_route=\/wp\/v2\/pages\/34389","targetHints":{"allow":["GET"]}}],"collection":[{"href":"http:\/\/www.denkfried.de\/wp\/index.php?rest_route=\/wp\/v2\/pages"}],"about":[{"href":"http:\/\/www.denkfried.de\/wp\/index.php?rest_route=\/wp\/v2\/types\/page"}],"author":[{"embeddable":true,"href":"http:\/\/www.denkfried.de\/wp\/index.php?rest_route=\/wp\/v2\/users\/9"}],"replies":[{"embeddable":true,"href":"http:\/\/www.denkfried.de\/wp\/index.php?rest_route=%2Fwp%2Fv2%2Fcomments&post=34389"}],"version-history":[{"count":17,"href":"http:\/\/www.denkfried.de\/wp\/index.php?rest_route=\/wp\/v2\/pages\/34389\/revisions"}],"predecessor-version":[{"id":39678,"href":"http:\/\/www.denkfried.de\/wp\/index.php?rest_route=\/wp\/v2\/pages\/34389\/revisions\/39678"}],"up":[{"embeddable":true,"href":"http:\/\/www.denkfried.de\/wp\/index.php?rest_route=\/wp\/v2\/pages\/16821"}],"wp:attachment":[{"href":"http:\/\/www.denkfried.de\/wp\/index.php?rest_route=%2Fwp%2Fv2%2Fmedia&parent=34389"}],"curies":[{"name":"wp","href":"https:\/\/api.w.org\/{rel}","templated":true}]}}