{"id":34375,"date":"2014-02-21T10:21:00","date_gmt":"2014-02-21T09:21:00","guid":{"rendered":"http:\/\/www.denkfried.de\/wp\/?page_id=34375"},"modified":"2014-02-21T10:30:58","modified_gmt":"2014-02-21T09:30:58","slug":"oabit-eschichtspark","status":"publish","type":"page","link":"http:\/\/www.denkfried.de\/wp\/?page_id=34375","title":{"rendered":"Moabit Geschichtspark"},"content":{"rendered":"<p>&nbsp;<\/p>\n<p>Der <b>Geschichtspark Ehemaliges Zellengef\u00e4ngnis Moabit<\/b> befindet sich auf dem Grundst\u00fcck des denkmalgesch\u00fctzten ehemaligen Zellengef\u00e4ngnisses Lehrter Stra\u00dfe.<\/p>\n<div id='gallery-1' class='gallery galleryid-34375 gallery-columns-4 gallery-size-thumbnail'><dl class='gallery-item'>\n\t\t\t<dt class='gallery-icon landscape'>\n\t\t\t\t<a href='http:\/\/www.denkfried.de\/wp\/?attachment_id=34381'><img loading=\"lazy\" decoding=\"async\" width=\"150\" height=\"150\" src=\"http:\/\/www.denkfried.de\/wp\/wp-content\/uploads\/2014\/02\/Berlin-Moabit-Geschichtspark-150x150.jpg\" class=\"attachment-thumbnail size-thumbnail\" alt=\"\" \/><\/a>\n\t\t\t<\/dt><\/dl><dl class='gallery-item'>\n\t\t\t<dt class='gallery-icon landscape'>\n\t\t\t\t<a href='http:\/\/www.denkfried.de\/wp\/?attachment_id=34379'><img loading=\"lazy\" decoding=\"async\" width=\"150\" height=\"150\" src=\"http:\/\/www.denkfried.de\/wp\/wp-content\/uploads\/2014\/02\/Berlin-Moabit-Geschichtspark-4-150x150.jpg\" class=\"attachment-thumbnail size-thumbnail\" alt=\"\" \/><\/a>\n\t\t\t<\/dt><\/dl><dl class='gallery-item'>\n\t\t\t<dt class='gallery-icon landscape'>\n\t\t\t\t<a href='http:\/\/www.denkfried.de\/wp\/?attachment_id=34380'><img loading=\"lazy\" decoding=\"async\" width=\"150\" height=\"150\" src=\"http:\/\/www.denkfried.de\/wp\/wp-content\/uploads\/2014\/02\/Berlin-Moabit-Geschichtspark-3-150x150.jpg\" class=\"attachment-thumbnail size-thumbnail\" alt=\"\" \/><\/a>\n\t\t\t<\/dt><\/dl><dl class='gallery-item'>\n\t\t\t<dt class='gallery-icon landscape'>\n\t\t\t\t<a href='http:\/\/www.denkfried.de\/wp\/?attachment_id=34382'><img loading=\"lazy\" decoding=\"async\" width=\"150\" height=\"150\" src=\"http:\/\/www.denkfried.de\/wp\/wp-content\/uploads\/2014\/02\/Berlin-Moabit-Geschichtspark-2-150x150.jpg\" class=\"attachment-thumbnail size-thumbnail\" alt=\"\" \/><\/a>\n\t\t\t<\/dt><\/dl><br style=\"clear: both\" \/>\n\t\t<\/div>\n\n<p>Gedenkstein am Eingang:<\/p>\n<address style=\"text-align: center;\"><em><strong>In der Lehrter Stra\u00dfe 8 stand 1849-1955 das<\/strong><\/em><\/address>\n<address style=\"text-align: center;\"><em><strong>Zellengef\u00e4ngnis Moabit<\/strong><\/em><\/address>\n<address style=\"text-align: center;\"><em><strong>1940-1945<\/strong><\/em><\/address>\n<address style=\"text-align: center;\"><em><strong>Wehrmachtsuntersuchungs- und Polizeigef\u00e4ngnis<\/strong><\/em><\/address>\n<address style=\"text-align: center;\"><em><strong>1944-1945<\/strong><\/em><\/address>\n<address style=\"text-align: center;\"><em><strong>Gef\u00e4ngnis der Geheimen Staatspolizei<\/strong><\/em><\/address>\n<address style=\"text-align: center;\"><em><strong>f\u00fcr Widerstandsk\u00e4mpfer des 20. Juli 1944 und deren Angeh\u00f6rige<\/strong><\/em><\/address>\n<address style=\"text-align: center;\"><em><strong>Viele H\u00e4ftlinge starben als Opfer der<\/strong><\/em><\/address>\n<address style=\"text-align: center;\"><em><strong>nationalsozialistischen Unrechtsjustiz.<\/strong><\/em><\/address>\n<address style=\"text-align: center;\"><em><strong>Noch zwischen dem 22. und 24. April 1945 wurden<\/strong><\/em><\/address>\n<address style=\"text-align: center;\"><em><strong>achtzehn Widerstandsk\u00e4mpfer von der Gestapo<\/strong><\/em><\/address>\n<address style=\"text-align: center;\"><em><strong>auf ein nahes Ruinengrundst\u00fcck gef\u00fchrt und ermordet<\/strong><\/em><\/address>\n<address style=\"text-align: center;\">\u00a0<\/address>\n<address style=\"text-align: center;\">\n<div>\n<p style=\"text-align: left;\">Die Bronzetafel ist auf einem leicht angeschr\u00e4gten Block aus dunklem Granit am Zugang zum \u201e Geschichtspark Ehemaliges Zellengef\u00e4ngnis Moabit&#8220; befestigt, der 2006 er\u00f6ffnet wurde. Ein St\u00fcck hinter der Tafel befinden sich an Metallstelen vier detailreiche Informationstafeln zum Gel\u00e4nde. Der Stein mit der Tafel stand urspr\u00fcnglich am S\u00fcdrand der kleinen Gr\u00fcnanlage (Verkehrsinsel) vor der Seydlitzstra\u00dfe (in H\u00f6he des Hauses Lehrter Stra\u00dfe 67). Der Leser der Inschrift blickte zum Gel\u00e4nde des Zellengef\u00e4ngnisses auf der gegen\u00fcberliegenden Stra\u00dfenseite. Von dem Gef\u00e4ngniskomplex existieren noch drei Beamtenwohnh\u00e4user und &#8211; verborgen inmitten einer Kleingartenanlage &#8211; der eingez\u00e4unte, verwilderte und unzug\u00e4ngliche Beamtenfriedhof.<\/p>\n<p style=\"text-align: left;\">Zur Geschichte des Gef\u00e4ngnisses hei\u00dft es in der \u201eSozialistischen Zeitung&#8220;, November 2007, S. 24 (Jochen Gester: \u201eVon allem Leid, das diesen Bau erf\u00fcllt &#8230;&#8220;): &#8222;Der Planung zum Bau eines Mustergef\u00e4ngnisses ging eine Gef\u00e4ngnisreform Friedrich Wilhelms IV. voraus. Vorbild f\u00fcr das Gef\u00e4ngnis in Moabit war das Pentonvillee in London, das nach dem sog. panoptischen System errichtet war. Von einem mit einer Kuppel versehenen Zentralbau zweigen vier Zellenbauten und ein Verwaltungsfl\u00fcgel sternf\u00f6rmig ab. Der Vorteil dieses Bautyps war die personalsparende \u00dcberwachung. 1849 waren die Arbeiten beendet.<\/p>\n<p style=\"text-align: left;\">Neben dem Zellengeb\u00e4ude mit 520 Einzelzellen enthielt der Gesamtkomplex Wohnh\u00e4user f\u00fcr die Gef\u00e4ngnisbeamten, G\u00e4rten, Friedh\u00f6fe, eine Kirche, Schulh\u00f6fe und eine Hinrichtungsst\u00e4tte.<\/p>\n<p style=\"text-align: left;\">Um die Isolationshaft konsequent durchf\u00fchren zu k\u00f6nnen, mussten die Gefangenen, sobald sie ihre Zellen verlie\u00dfen, eine M\u00fctze mit heruntergeklapptem Schirm tragen, der ihr Gesicht verdeckte. In der Kirche und in den Schulr\u00e4umen sa\u00dfen sie in senkrechten Holzkisten, die nur den Blick nach vorne gestatteten. Da es bei Hofg\u00e4ngen trotz starker Bewachung immer wieder zu gefl\u00fcsterten Gespr\u00e4chen kam, wurden nach einigen Jahren drei Spazierh\u00f6fe angelegt, die in 20 Einzelh\u00f6fe unterteilt wurden. Diese H\u00f6fe blieben bis 1910 bestehen.<\/p>\n<p style=\"text-align: left;\">Bereits vor Fertigstellung des Gesamtbaus wurde 1847 ein Schauprozess gegen 256 polnische Freiheitsk\u00e4mpfer gef\u00fchrt, die einen Aufstand im preu\u00dfisch besetzten Posen planten. Sie wurden in der M\u00e4rzrevolution 1848 befreit.<br \/>\nEin weiterer prominenter Zelleninsasse war der Schuster Wilhelm Voigt (\u2018Hauptmann von K\u00f6penick\u2019). Er verbrachte als 17-J\u00e4hriger hier eine dreij\u00e4hrige Strafe. 1978 wurde der 21-j\u00e4hrige Max H\u00f6del wegen eines Attentatsversuchs auf Kaiser Wilhelm I. hingerichtet. W\u00e4hrend des Ersten Weltkriegs traf es vor allem Sozialisten wie Georg Ledebour, die wegen ihres Widerstands gegen den Krieg nach Moabit kamen. Nach Kriegsende machte Karl Radek Bekanntschaft mit dem Knast wegen seiner Teilnahme am Spartakusaufstand.<\/p>\n<p style=\"text-align: left;\">Mit der Herrschaft der Nazis begann das grausamste Kapitel dieser Anstalt, die ab dem Jahre 1940 sowohl von der Wehrmacht als auch der Polizei und ab 1941 auch von der Gestapo als Untersuchungshaftanstalt genutzt wurde.<\/p>\n<p style=\"text-align: left;\">In dieser Zeit sa\u00df der Schriftsteller Wolfgang Borchert hier sechs Monate Haft wegen \u2018Zersetzung der Wehrkraft\u2019 ab, und Ernst Busch war unter sch\u00e4rfsten Bedingungen eingekerkert. Am Ende des Zweiten Weltkriegs wurden 306 Widerstandsk\u00e4mpfer eingeliefert, von denen nur 35 das Ende der Nazizeit \u00fcberlebten. Aus Angst vor Zeugenaussagen wurden noch in der Nacht vom 22. zum 23.April 1945 16 H\u00e4ftlinge ermordet, darunter Klaus Bonhoeffer (der \u00e4ltere Bruder Dietrich Bonhoeffers) und Albrecht Haushofer, bei dessen Leiche die im Gef\u00e4ngnis entstandenen \u2018Moabiter Sonette\u2019 gefunden wurden. Der junge Kommunist Herbert Kosney \u00fcberlebte die Hinrichtung schwer verletzt und konnte sp\u00e4ter als Augenzeuge berichten. Diese Exekutionen sind \u00e4hnlich wie die verbrannte Erde beim R\u00fcckzug der Wehrmacht als Verbrechen in der allerletzten Phase des Krieges bezeichnet.<\/p>\n<p style=\"text-align: left;\">Im Zweiten Weltkrieg wurde das Gef\u00e4ngnis vergleichsweise wenig zerst\u00f6rt. Die Kirche sowie Teile eines Zellenfl\u00fcgels wurden ausgebombt, schwerwiegender waren die Pl\u00fcnderungen der Inneneinrichtung vom 26. April 1945. Von Oktober 1945 bis M\u00e4rz 1955 nutzten die Alliierten den Geb\u00e4udekomplex als Haftanstalt. Ende 1946 wurde hier die einzige Hinrichtungsstelle des Westsektors eingerichtet. Zwischen Januar 1947 und Mai 1949 fanden dort insgesamt zw\u00f6lf Hinrichtungen statt. In den Jahren 1957\/58 wurde das Gef\u00e4ngnis abgerissen. Erhalten blieben lediglich Teile der Gef\u00e4ngnismauer und drei Beamtenwohnh\u00e4user, die heute unter Denkmalschutz stehen.<\/p>\n<p style=\"text-align: left;\">Im Jahr 2003 begannen die Arbeiten f\u00fcr den 3,1 Millionen Euro teuren \u2018Geschichtspark ehemaliges Zellengef\u00e4ngnis Moabit\u2019. Am 26.Oktober 2006 wurde der Park der Presse pr\u00e4sentiert und der \u00d6ffentlichkeit zug\u00e4nglich gemacht.&#8220;<\/p>\n<p style=\"text-align: left;\"><strong>Quelle: <a href=\"http:\/\/www.gedenktafeln-in-berlin.de\/\">Gedenktafeln in Berlin.de<\/a><\/strong><\/p>\n<\/div>\n<\/address>\n","protected":false},"excerpt":{"rendered":"<p>&nbsp; Der Geschichtspark Ehemaliges Zellengef\u00e4ngnis Moabit befindet sich auf dem Grundst\u00fcck des denkmalgesch\u00fctzten ehemaligen Zellengef\u00e4ngnisses Lehrter Stra\u00dfe. Gedenkstein am Eingang: In der Lehrter Stra\u00dfe 8 stand 1849-1955 das Zellengef\u00e4ngnis Moabit 1940-1945 Wehrmachtsuntersuchungs- und Polizeigef\u00e4ngnis 1944-1945 Gef\u00e4ngnis der Geheimen Staatspolizei f\u00fcr &hellip; <a href=\"http:\/\/www.denkfried.de\/wp\/?page_id=34375\">Weiterlesen <span class=\"meta-nav\">&rarr;<\/span><\/a><\/p>\n","protected":false},"author":9,"featured_media":0,"parent":15737,"menu_order":0,"comment_status":"closed","ping_status":"open","template":"","meta":{"footnotes":""},"class_list":["post-34375","page","type-page","status-publish","hentry"],"_links":{"self":[{"href":"http:\/\/www.denkfried.de\/wp\/index.php?rest_route=\/wp\/v2\/pages\/34375","targetHints":{"allow":["GET"]}}],"collection":[{"href":"http:\/\/www.denkfried.de\/wp\/index.php?rest_route=\/wp\/v2\/pages"}],"about":[{"href":"http:\/\/www.denkfried.de\/wp\/index.php?rest_route=\/wp\/v2\/types\/page"}],"author":[{"embeddable":true,"href":"http:\/\/www.denkfried.de\/wp\/index.php?rest_route=\/wp\/v2\/users\/9"}],"replies":[{"embeddable":true,"href":"http:\/\/www.denkfried.de\/wp\/index.php?rest_route=%2Fwp%2Fv2%2Fcomments&post=34375"}],"version-history":[{"count":7,"href":"http:\/\/www.denkfried.de\/wp\/index.php?rest_route=\/wp\/v2\/pages\/34375\/revisions"}],"predecessor-version":[{"id":34377,"href":"http:\/\/www.denkfried.de\/wp\/index.php?rest_route=\/wp\/v2\/pages\/34375\/revisions\/34377"}],"up":[{"embeddable":true,"href":"http:\/\/www.denkfried.de\/wp\/index.php?rest_route=\/wp\/v2\/pages\/15737"}],"wp:attachment":[{"href":"http:\/\/www.denkfried.de\/wp\/index.php?rest_route=%2Fwp%2Fv2%2Fmedia&parent=34375"}],"curies":[{"name":"wp","href":"https:\/\/api.w.org\/{rel}","templated":true}]}}